{"id":27138,"date":"2017-07-01T14:41:37","date_gmt":"2017-07-01T14:41:37","guid":{"rendered":"http:\/\/www.newmessage.org\/da\/?page_id=27138"},"modified":"2022-06-22T17:30:55","modified_gmt":"2022-06-22T17:30:55","slug":"hvad-er-det-der-skaber-ondskab","status":"publish","type":"page","link":"https:\/\/www.v6.newmessage.org\/da\/budskabet\/bind-1\/den-ene-gud\/hvad-er-det-der-skaber-ondskab\/","title":{"rendered":"Hvad er Det, der Skaber Ondskab?"},"content":{"rendered":"<div><!-- Version 8.04 --><\/div>\n\n<div class=\"tabgroup \"><ul class=\"tabs\"><li><a href=\"#tabs-1\">Hvad er Det, der Skaber Ondskab?<\/a><\/li>\n<li><a href=\"#tabs-2\">Bog<\/a><\/li><\/ul>\n <div id=\"tabs-1\"><\/p>\n<p>H\u00f8r den oprindelige version af \u00c5benbaringen p\u00e5 engelsk:<\/p>\n<div id=\"jquery_jplayer_1\" class=\"jp-jplayer\"><\/div>\n\t\t\t\t<div id=\"jp_container_1\" class=\"jp-audio\">\n\t\t\t\t<div class=\"jp-type-single\"><div class=\"jp-control\"><a href=\"javascript:;\" class=\"jp-play\" tabindex=\"1\">play<\/a><a href=\"javascript:;\" class=\"jp-pause\" tabindex=\"1\">pause<\/a><\/div> <div class=\"jp-gui jp-interface\"><div class=\"jp-volume\"><div class=\"jp-volume-bar\"><div class=\"jp-volume-bar-value\"><\/div><\/div><\/div><div class=\"jp-progress\"><div class=\"jp-seek-bar\"><div class=\"jp-play-bar\"><\/div><\/div><\/div><\/div>\t\t\t\t\t<div class=\"jp-no-solution\"><span>Update Required<\/span>To play the media you will need to either update your browser to a recent version or update your <a href=\"http:\/\/get.adobe.com\/flashplayer\/\" target=\"_blank\">Flash plugin<\/a>.<\/div><\/div><\/div>\n\t\t\t<script type='text\/javascript'>\n\t\t\t\tjQuery(document).ready(function() {\n\t\t\t\t\tif (typeof (sermonMedia) == 'function') {\n\t\t\t\t\t\tsermonMedia.addAudio('', \"jquery_jplayer_1\");\n\t\t\t\t\t}\n\t\t\t\t\tjQuery.jPlayer.timeFormat.showHour = true;\n\t\t\t\t\tjQuery(\"#jquery_jplayer_1\").jPlayer({\n\t\t\t\t\t\tready: function(event) {\n\t\t\t\t\t\t\tjQuery(this).jPlayer(\"setMedia\", {mp3: 'https:\/\/newmessage.org\/av\/what-creates-evil.mp3'});\n\t\t\t\t\t\t},\n\t\t\t\t\t\tplay: function() {\n\t\t\t\t\t\t\tjQuery(this).jPlayer(\"pauseOthers\");\n\t\t\t\t\t\t},\n\t\t\t\t\t\tswfPath: ThemeData.directory_uri+\"\/swf\",\n\t\t\t\t\t\tsolution: \"html, flash\",\n\t\t\t\t\t\tpreload: \"metadata\",\n\t\t\t\t\t\twmode: \"window\",\n\t\t\t\t\t\tsupplied: \"mp3\",\n\t\t\t\t\t\tcssSelectorAncestor: '#jp_container_1'\n\t\t\t\t\t});\n\t\t\t\t});\n\t\t\t<\/script><\/p>\n<p><a title=\"What Creates Evil? God\" href=\"\/av\/what-creates-evil.mp3\">Download<\/a> (h\u00f8jre-klik for at downloade)<\/p>\n<p class=\"revelation_details\"><em>Som \u00e5benbaret for Guds Budbringer<br \/>\nMarshall Vian Summers<br \/>\nden 17. januar, 2008<br \/>\ni Boulder, Colorado<\/em><\/p>\n<div class=\"toggle toggle-white\"><h4 class=\"trigger \"><span class=\"t_ico\"><\/span><a href=\"#\">Om denne optagelse<\/a><\/h4><div class=\"toggle_container \"><br \/>\n<div id=\"yui_3_16_0_ym19_1_1467955126517_3327\" dir=\"ltr\"><span id=\"yui_3_16_0_ym19_1_1467955126517_3177\"><span id=\"yui_3_16_0_ym19_1_1467955126517_3178\">D\u00e9t, du h\u00f8rer i denne lydoptagelse er Den Englelige Forsamlings stemme, der taler gennem Budbringeren, Marshall Vian Summers<br \/>\n<\/span><\/span><\/div>\n<div dir=\"ltr\"><span id=\"yui_3_16_0_ym19_1_1467955126517_3177\"><span id=\"yui_3_16_0_ym19_1_1467955126517_3178\">\u00a0<\/span><\/span><\/div>\n<div id=\"yui_3_16_0_ym19_1_1467955126517_3359\" dir=\"ltr\"><span id=\"yui_3_16_0_ym19_1_1467955126517_3177\"><span id=\"yui_3_16_0_ym19_1_1467955126517_3178\"> Her er den oprindelige kommunikation fra Gud, der eksisterer hinsides ord, oversat til menneskeligt sprog og forst\u00e5else af Den Englelige Forsamling, der f\u00f8rer tilsyn med verden. Forsamlingen leverer derefter Guds Budskab gennem Budbringeren.<br \/>\n<\/span><\/span><\/div>\n<div id=\"yui_3_16_0_ym19_1_1467955126517_3369\" dir=\"ltr\"><span id=\"yui_3_16_0_ym19_1_1467955126517_3177\"><span id=\"yui_3_16_0_ym19_1_1467955126517_3178\">\u00a0<\/span><\/span><\/div>\n<div id=\"yui_3_16_0_ym19_1_1467955126517_3370\" dir=\"ltr\"><span id=\"yui_3_16_0_ym19_1_1467955126517_3177\"><span id=\"yui_3_16_0_ym19_1_1467955126517_3178\">I dette bem\u00e6rkelsesv\u00e6rdige forl\u00f8b, taler \u00c5benbaringens Stemme p\u00e5 ny. Ordet og Lyden er i verden. For f\u00f8rste gang i historien, er den oprindelige talte \u00e5benbaring tilg\u00e6ngelig for dig og for verden at opleve.<br \/>\n<\/span><\/span><\/div>\n<div id=\"yui_3_16_0_ym19_1_1467955126517_3436\" dir=\"ltr\"><span id=\"yui_3_16_0_ym19_1_1467955126517_3177\"><span id=\"yui_3_16_0_ym19_1_1467955126517_3178\">\u00a0<\/span><\/span><\/div>\n<div id=\"yui_3_16_0_ym19_1_1467955126517_3435\" dir=\"ltr\"><span id=\"yui_3_16_0_ym19_1_1467955126517_3177\"><span id=\"yui_3_16_0_ym19_1_1467955126517_3178\">M\u00e5 du v\u00e6re modtageren af denne \u00c5benbaringens gave og m\u00e5 du v\u00e6re \u00e5ben for at tage imod dens unikke Budskab for dig og for dit liv.<\/span><\/span><\/div>\n<br \/>\n<\/div><\/div><br \/>\n<\/div>\n<div id=\"tabs-2\"><\/p>\n<div class=\"panel-10 text-align-center\"><a href=\"\/wp-content\/uploads\/2015\/08\/GHS-front-cover.jpg\"><img decoding=\"async\" class=\"aligncenter size-medium wp-image-28781 imgborder\" src=\"https:\/\/www.newmessage.org\/wp-content\/uploads\/2016\/07\/TOG_v.7.0_ebook-cover-200x300.jpg\" alt=\"What Creates Evil?\"><br \/>\n<\/a><\/div>\n<div class=\"text-align-center text font-size-12 margin-top-10\">Bind 1 &gt; Den Ene Gud &gt; Kapitel 7<\/div>\n<p><\/div>\n\t\t\t\t<div align=\"right\">\n\t\t\t<div class=\"fb-like\" data-href=\"\" data-layout=\"button_count\" data-action=\"like\" data-show-faces=\"false\" data-share=\"false\"><\/div>\n\t\t\t<div class=\"fb-share-button\" data-layout=\"button_count\"> <\/div>\n\t\t\t<div class=\"fb_iframe_widget\"><a href=\"https:\/\/twitter.com\/godsnewmessage?ref_src=twsrc%5Etfw\" class=\"twitter-follow-button\" data-show-count=\"false\">Follow @godsnewmessage<\/a><script async src=\"https:\/\/platform.twitter.com\/widgets.js\" charset=\"utf-8\"><\/script><\/div>\n\t\t\t<\/div> <\/div> \n\n<p>Ved at befinde sig i verden, kommer man til at indse, at der er destruktive kr\u00e6fter i verden. Er man virkeligt \u00e6rlig og selvobserverende, vil man indse, at der endda er destruktive kr\u00e6fter i \u00e9n selv. Disse kr\u00e6fter bliver med sikkerhed tydelige i verden omkring \u00e9n og har v\u00e6ret en del af den menneskelige oplevelse gennem hele menneskehedens historie.<\/p>\n<p>Observerer du dine egne tanker og tilb\u00f8jeligheder, vil det v\u00e6re indlysende, at der er destruktive kr\u00e6fter i dig selv. Du ser det i din lyst til h\u00e6vn. Du ser det i din lyst til at sejre over eller overv\u00e6lde andre. Du ser det i dit \u00f8nske, hvor hemmeligt det end m\u00e5tte v\u00e6re, om at fjerne eller eliminere andre mennesker. Du ser dette i dine dr\u00f8mme.<\/p>\n<p>Du ser det endda i dit \u00f8nske om at forandre verden. For, hvordan kan du forandre verden, uden at fjerne eller eliminere eller bringe de mennesker til tavshed, der mods\u00e6tter sig dig? Dette problem er et grundl\u00e6ggende problem ved at befinde sig i en fysisk realitet, at leve i en krop og konkurrere med andre om ressourcer, andre, der befinder sig i den fysiske virkelighed og lever i kroppe.<\/p>\n<p>Den Store Adskillelse, der har sat gang i universets eksistens og ekspansion, blev ikke skabt med en ond hensigt. Den var ingen fejltagelse. Den var ikke f\u00f8dt af ondskab. Men indenfor denne kompromitterede eksistens, bliver ondskab uundg\u00e5elig.<\/p>\n<p>Ondskab er ikke en kraft, der blev frembragt af et mytologisk individ \u2013 \u00e9n, der faldt i un\u00e5de og blev kilde og kernen til ondskab. Det er slet ikke tilf\u00e6ldet, n\u00e5r du t\u00e6nker p\u00e5 jer selv i et St\u00f8rre F\u00e6llesskab af intelligent liv i universet, hvor der er utallige racer, der er s\u00e5 forskellige fra jer, der lever i meget anderledes milj\u00f8er, repr\u00e6senterer alle stadier af psykologisk, mental og teknologisk evolution. Det er indlysende, at det ikke er \u00e9t individ, der er kilden til alles problemer. Det er snarere resultatet af at leve en kompromitteret, adskilt eksistens.<\/p>\n<p>Derfor kan du ikke give \u00e9t individ skylden for at ondskab eksisterer. Den er produktet af at leve i din nuv\u00e6rende tilstand, som ikke repr\u00e6senterer din eksistens i dit \u00c6ldgamle Hjem, den eksistens, hvorfra du er kommet og til hvilken du vil vende tilbage.<\/p>\n<p>Du er kommet fra en virkelighed, hvori du er kendt og hvor der ingen sp\u00f8rgsm\u00e5l er, til en virkelighed, hvor du ikke er kendt og hvor der kun er sp\u00f8rgsm\u00e5l og meget f\u00e5 virkelige svar. Du er kommet fra et sted med social sikkerhed og inklusion, til et sted uden sikkerhed, der demonstrerer Adskillelse overalt. Du er kommet fra et sted, hvor du var i fred nu, til et sted, hvor du m\u00e5 overleve og konkurrere, hvor du m\u00e5 navigere i uvisse tilstande og under stadigt skiftende omst\u00e6ndigheder. Det er helt anderledes at befinde sig i en fysisk virkelighed, at befinde sig i en krop.<\/p>\n<p>Den Englelige V\u00e6rt, der repr\u00e6senterer Skaberen af alt liv, tjener som mellemm\u00e6nd mellem dit \u00c6ldgamle Hjem og din nuv\u00e6rende realitet \u2013 idet du lever en fysisk eksistens, lever i en krop og m\u00e5 tage dig af denne form for realitet, der er s\u00e5 forskellig fra det sted, du er kommet fra.<\/p>\n<p>Her forekommer Gud at v\u00e6re mystisk. Gud forekommer ikke at v\u00e6re til stede. Gud er ingen steder at finde. Du lever en eksistens, hvor Gud overhovedet ikke forekommer at eksistere, med mindre man har st\u00e6rk tro. Hvor anderledes er dette ikke fra det sted, hvorfra du er kommet og det Hjem, du vil vende tilbage til.<\/p>\n<p>Og da du kommer [fra] dette milj\u00f8, er dine id\u00e9er om Gud s\u00e5 begr\u00e6nsede. Folk t\u00e6nker, at Gud er som dem selv \u2013 meget magtfuld, selvf\u00f8lgelig, meget vis, selvf\u00f8lgelig, men d\u00f8mmende og h\u00e6vngerrig og vred og frustreret, ligesom de selv er. De har skabt Gud i deres eget billede.<\/p>\n<p>Derfor er enhver p\u00e5sk\u00f8nnelse af Gud kun en tiln\u00e6rmelse. Der er ingen absolut sandhed om Gud f\u00f8dt af din nuv\u00e6rende eksistens, for din nuv\u00e6rende eksistens er ikke absolut. Det er en relativ virkelighed, relativ p\u00e5 den m\u00e5de, at den bev\u00e6ger og forandrer sig og har en begyndelse og en ende. Men det sted, du kommer fra, forandrer sig ikke. Det har hverken en begyndelse eller en ende. Det er ikke foranderligt. Det er ikke uvist. Det er ikke uforudsigeligt.<\/p>\n<p>Her er det derfor vigtigt at t\u00e6nke p\u00e5, at eksistensen af ondskab er resultatet af at leve i denne tilstand. Den er uundg\u00e5elig. Hvis du fratager et v\u00e6sen deres fornemmelse af inklusion og sikkerhed og kaster dem ind i et milj\u00f8, hvor de nu m\u00e5 overleve og konkurrere, hvor de m\u00e5 tilintetg\u00f8re andre organismer for at overleve, hvor de konstant m\u00e5 tage sig af uvished og risikoen for tilintetg\u00f8relse, hvor tab hele tiden er til stede og altid er en fortsat trussel, hvordan kan man forvente, at de fungerer i en tilstand af absolut visdom og medf\u00f8lelse, uden at frygt eller \u00e6ngstelse ledsager dem ved hvert hj\u00f8rne?<\/p>\n<p>Gud forventer ikke dette. Gud forventer ikke, at nogen er perfekte under disse omst\u00e6ndigheder, for ingen vil v\u00e6re perfekte, og Gud forventer ikke noget, der ikke kan v\u00e6re. Du kan forvente det af dig selv og af andre mennesker, men det er fordi du ikke forst\u00e5r den realitet, som du er tr\u00e5dt ind i og for hvilken du har valgt at komme.<\/p>\n<p>Derfor straffer Gud ikke ondskab, for ondskab er uundg\u00e5elig. Det vil v\u00e6re som at straffe et barn for at v\u00e6re barnlig. Det vil v\u00e6re som at straffe t\u00e5ben for at v\u00e6re t\u00e5belig. Der er ingen straf for ondskab. Ondskab fastholder blot ens elendighed og forsinker muligheden for forl\u00f8sning og g\u00f8r den mere fjern.<\/p>\n<p>Folk har naturligvis sv\u00e6rt ved at acceptere dette, fordi de \u00f8nsker, at Gud tager h\u00e6vn for dem. Ude af stand eller uvillige til selv at foretage den straf, de mener skal udf\u00f8res, vil de nu gerne have Gud til at foretage den for dem. Dette er igen resultatet af at skabe Gud i sit eget billede, en Gud ligesom dem selv, blot mere magtfuld, det er alt.<\/p>\n<p>Helvede er en opfindelse, som folk har skabt, for at straffe de mennesker, de hader og ikke kan udst\u00e5. Men I lever allerede i en slags Helvede, ser du, Adskillelsens Helvede. At forpligte sig dybere til denne tilstand repr\u00e6senterer en yderligere nedstigning til Helvede. At isolere sig yderligere, nu kun styret af sin skr\u00e6mte forestillingsevne og sin ford\u00f8mmelse af sig selv, af andre og af verden, kaster en l\u00e6ngere ind en tilstand, der i sagens natur er grundl\u00e6ggende vanskelig.<\/p>\n<p>S\u00e5 ondskab er overalt omkring dig. Den tager form af kr\u00e6fter i det mentale milj\u00f8, overtalelseskr\u00e6fter, kr\u00e6fter du ikke kan se men kan m\u00e6rke, som p\u00e5virker din t\u00e6nkning, dine sindstilstande og din opf\u00f8rsel.<\/p>\n<p>Ser du, det er grunden til, at enkeltpersoner, grupper og hele nationer kan forpligte sig selv til handlinger, der grundl\u00e6ggende er destruktive og kontraproduktive. En hel nation kan forpligte sig til at invadere og tilintetg\u00f8re en anden nation, for dens rigdom og dens ressourcer, under d\u00e6kke af national sikkerhed eller selvopretholdelse. Eller den [krig] kan f\u00f8res under religionens banner, idet der t\u00e6nkes, at den anden nation er ugudelig eller ond, at de er hedninge, de uforl\u00f8ste. Men det er alt sammen en undskyldning for at udtrykke ondskabens magt eller kraft. Og sk\u00f8nt den kan v\u00e6re anf\u00f8rt af nogle f\u00e5 beslutsomme enkeltpersoner, vil alle andre blive fejet med.<\/p>\n<p>Hvordan kan det v\u00e6re? Hvordan kan s\u00e5dan en kraft have s\u00e5 stor en indflydelse? Det er magt i det mentale milj\u00f8, ser du.<\/p>\n<p>For at overleve i denne verden, har I brug for assistance og st\u00f8tte, og for at f\u00e5 denne assistance og st\u00f8tte, vil I g\u00e5 p\u00e5 mange kompromisser \u2013 i jeres forhold til andre, i jeres \u00e6gteskaber, i alle jeres forhold overalt omkring jer, i jeres forhold til den nation, I lever i. I vil gerne have dens assistance, dens beskyttelse og godkendelse, s\u00e5 I vil f\u00f8lge med, sk\u00f8nt den g\u00f8r noget, der er grufuldt og er en tydelig kr\u00e6nkelse af det, I virkeligt v\u00e6rds\u00e6tter.<\/p>\n<p>Det er ondskabens magt, der fungerer i det mentale milj\u00f8, som udtrykker sig selv i en social sammenh\u00e6ng. Den kan maskeres som pligt overfor sin nationer, sin familie, der kan f\u00f8re en til at g\u00f8re ting, der tydeligvis kr\u00e6nker det, som Kundskab i en selv indikerer \u2013 den dybere intelligens, som Skaberen af alt liv har lagt i dig. En kr\u00e6nkelse af Kundskab, en kr\u00e6nkelse af Gud, en kr\u00e6nkelse af det, du ved er rigtigt \u2013 du vil kr\u00e6nke disse ting, for at f\u00e5 den assistance, den beskyttelse og den godkendelse, du tror er n\u00f8dvendig for din overlevelse. Dette er en reel knibe. Igen er det en knibe, som er en f\u00f8lge af at leve en adskilt eksistens.<\/p>\n<p>Verden er et smukt sted. Den er pragtfuld. Den er Skabelse, der sker hvert minut. Den er forandring, der sker hvert \u00f8jeblik. Hvis du kan skille dig fra dette og opleve den \u2013 uden at frygte for egen overlevelse, uden at v\u00e6re bange for, hvad du kan miste eller v\u00e6re n\u00f8dt til at opgive \u2013 kan den faktisk v\u00e6re en pragtfuld oplevelse. Men forveksl den ikke med dit \u00c6ldgamle Hjem, hvorfra du er kommet og hvortil du vil vende tilbage. Der er ingen sammenligning.<\/p>\n<p>Derfor m\u00e5 du acceptere verden som den er. Du kan ikke f\u00e5 den til at ligne dit \u00c6ldgamle Hjem. End ikke Gud kan f\u00e5 den til at ligne dit \u00c6ldgamle Hjem, for Gud skabte den til at v\u00e6re anderledes.<\/p>\n<p>Gud er ikke forfatteren af ondskab, men Gud har skabt et milj\u00f8, hvor ondskab, i det mindste blandt intelligente racer, der er klar over deres d\u00f8delighed, er sandsynlig og uundg\u00e5elig. Men Gud har givet en modgift til ondskab, en magtfuld modgift er den, anbragt i dig i Kundskabens magt og tilstedev\u00e6relse, en dybere forstand i dig. Ikke den forstand, du t\u00e6nker med. Ikke den forstand, der d\u00f8mmer og spekulerer, sammenligner og ford\u00f8mmer, men en dybere forstand \u2013 en forstand ligesom Guds forstand; en forstand, der ikke t\u00e6nker ligesom din personlige forstand; en forstand, der ser, venter, ved og handler med magt og forpligtelse.<\/p>\n<p>Den er modgiften, ser du. Den er modgiften til ondskab i dig, og modgiften til ondskabens overtalelse i dig selv og overalt omkring dig, den overtalelse, der er s\u00e5 udbredt og magtfuld i verden. Ultimativt er den en modgift til ondskab i hele universet. Men den m\u00e5 blive st\u00e6rk i enkeltmennesker.<\/p>\n<p>Kundskabens magt i dig er ubestikkelig. Den overtales eller p\u00e5virkes ikke af forf\u00f8relser og lokkemidler i den menneskelige verden og selv ikke i Det St\u00f8rre F\u00e6llesskab, hvor ondskabens udtryk og konflikter har eksisteret s\u00e5 v\u00e6ldigt l\u00e6nge.<\/p>\n<p>P\u00e5 egen h\u00e5nd kan du ikke bek\u00e6mpe ondskab. Hvis du fors\u00f8gte at bek\u00e6mpe den, ville den forf\u00f8re dig. Du vil blive mere som den. Fra at v\u00e6re en fredelig talsmand, vil den f\u00e5 dig til selv at blive kriger. Du vil se dig selv tage v\u00e5ben op imod andre, som du anser for at v\u00e6re styret af ondskab.<\/p>\n<p>Du vil blive ligesom dem, fordi ondskab elsker opm\u00e6rksomheden. Den trives med menneskeligt engagement. Den styrkes af dem, der f\u00f8lger den og af dem, der g\u00e5r imod den. For uden menneskelig loyalitet og menneskelig opm\u00e6rksomhed har ondskab ingen steder at h\u00e6fte sig fast. De v\u00e6sner, der har forpligtet sig til den, har brug for loyalitet og har brug for andres engagement.<\/p>\n<p>Der er meget f\u00e5 mennesker i verden, der virkeligt er onde, der har forpligtet sig til denne kraft, denne magt. Men deres indflydelse p\u00e5 samfundet er i det store og hele enorm. Deres destruktive virkning er enorm. Deres handlingers indvirkning p\u00e5 andre, givet deres antal, er enorm. Deres overtalelsers kraft til at engagere nationer i krig med andre nationer er meget magtfuld, ser du.<\/p>\n<p>Du, som enkeltperson, kan ikke bek\u00e6mpe den, uden at risikere at falde for dens overtalelser og dens lokkemidler. At pr\u00f8ve at g\u00f8re det er at forpligte sig til at g\u00e5 imod andre. Det placerer dig og s\u00e6tter dig grundl\u00e6ggende op imod andre, selv i udgangspunktet. Nu m\u00e5 du sl\u00e5s med andre for at g\u00f8re de ting og skabe det, du t\u00e6nker er rigtigt.<\/p>\n<p>Mens det er fint at g\u00e5 imod andre for en god sag, \u00e6ndres dine hensigter i denne situation. Den \u00e6ndrer dine motiver, fordi du er styret af frygt \u2013 frygten for fiasko, frygten for ikke at n\u00e5 det, du gerne vil n\u00e5, frygten for at t\u00e6nke at, hvis det ikke lykkes dig, vil de modg\u00e5ende kr\u00e6fter v\u00e6re overlegne. Frygt giver anledning til vrede. Vrede giver anledning til had. Had giver anledning til vold. Og vold giver anledning til yderligere vold.<\/p>\n<p>Det er en f\u00e6lde, ser du. Det er en element\u00e6r g\u00e5de. Det tager gode mennesker og s\u00e6tter dem imod hinanden, forandrer deres sande intentioner om at etablere fred og samarbejde, og manifesterer helt andre resultater.<br \/>\nDer lever en st\u00f8rre Visdom i dig, der ikke p\u00e5virkes af dissonans-kr\u00e6fter i verden, ikke p\u00e5virkes af andres overtalelser eller af nogen kulturs eller endda religions lokkemidler. Den er fri. Den er ren. Den er sikker. Den er kun ansvarlig overfor Gud, fordi den er en forl\u00e6ngelse af Gud.<\/p>\n<p>Ligegyldigt hvor langt du g\u00e5r med hensyn til at pr\u00f8ve at etablere din isolation, med hensyn til at pr\u00f8ve at v\u00e6re succesfuld i Adskillelse og med hensyn til at f\u00e5 Adskillelse til at fungere, er du stadigt forbundet med Gud gennem Kundskab, dette dybere sind i dig. Du kan ikke flygte fra den. Du kan ikke adskille dig fra den. Du kan forn\u00e6gte den. Du kan d\u00e6kke dens lys med mange lag og leve i m\u00f8rke, men du kan ikke eliminere den. Den repr\u00e6senterer dit form\u00e5l med at v\u00e6re i verden, din forbindelse til Gud og din forl\u00f8sning.<\/p>\n<p>Sp\u00f8rgsm\u00e5let er: hvor l\u00e6nge vil det tage dig at komme til at beg\u00e6re den og indse, at uden den, kan du ikke v\u00e6re succesfuld, du kan ikke opfylde dig selv, og du kan ikke yde et \u00e6gte bidrag til verden, hvilket er din virkelige hensigt med at v\u00e6re her? Uden den kan du ikke opfylde din sj\u00e6ls behov. Uden den kan du ikke have fred og integritet i dig selv. Uden den kan du ikke have et vellykket forhold til dig selv, end ikke til andre mennesker, end ikke til hele verden.<\/p>\n<p>Du kan muligvis stadigt tro p\u00e5 milit\u00e6r magt, v\u00e5benmagt, styrkens magt, regeringsmagt, den personlige overtalelsesmagt, den personlige dominans\u2019 magt, rigdommens magt, sk\u00f8nhedens, klogskabens eller charmens magt, men kun Kundskab i dig har den virkelige magt til at genforene, til at genforbinde, til at velsigne og til at inspirere.<\/p>\n<p>Verden har etableret sine egne guder, sine egne definitioner, sine egne magt- og dominansudtryk, overtalelses- og erobringsudtryk og s\u00e5 videre. Men Kundskab i dig og i andre narres ikke af disse.<\/p>\n<p>Du kan ikke f\u00e5 Kundskab til at give dig det, du \u00f8nsker, for den er mere magtfuld end du, end din personlige forstand \u2013 en forstand fuld af \u00f8nsker og konflikter, frygt og \u00e6ngstelse, en forstand, der identificerer sig med alt det, der er uvist, en forstand, der er underlagt ondskabens magt, en forstand, der let p\u00e5virkes og er blevet p\u00e5virket.<\/p>\n<p>Men dybere i dig er Kundskab. Du har det, der er uforandret, ser du. Det er at komme tilbage til det, der er uforandret i dig, der er din forl\u00f8sning, der er din magt, der begynder at befri dig fra misbrugets og overtalelsens greb.<\/p>\n<p>Du kan foregive at v\u00e6re hvem som helst du gerne vil pr\u00f8ve at v\u00e6re. Du kan give dig selv et hvilket som helst navn. Du kan etablere dig selv i en hvilken som helst rolle. Du kan spille det gode menneskes rolle eller det d\u00e5rlige menneskes rolle. Men i dig er Kundskab, der venter p\u00e5 at blive opdaget.<\/p>\n<p>&nbsp;<\/p>\n","protected":false},"excerpt":{"rendered":"<p>Ved at befinde sig i verden, kommer man til at indse, at der er destruktive kr\u00e6fter i verden. Er man virkeligt \u00e6rlig og selvobserverende, vil man indse, at der endda er destruktive kr\u00e6fter i \u00e9n selv. Disse kr\u00e6fter bliver med sikkerhed tydelige i verden omkring \u00e9n og har v\u00e6ret en del af den menneskelige oplevelse\u2026 <a class=\"read-more\" href=\"https:\/\/www.v6.newmessage.org\/da\/about-recording-shortcode\/\"><span>Read More<\/span><\/a><\/p>\n","protected":false},"author":22,"featured_media":0,"parent":16297,"menu_order":0,"comment_status":"closed","ping_status":"closed","template":"template-leftsidebar.php","meta":{"_monsterinsights_skip_tracking":false,"_monsterinsights_sitenote_active":false,"_monsterinsights_sitenote_note":"","_monsterinsights_sitenote_category":0,"footnotes":""},"categories":[76,30,379,460],"tags":[622],"_links":{"self":[{"href":"https:\/\/www.v6.newmessage.org\/da\/wp-json\/wp\/v2\/pages\/27138"}],"collection":[{"href":"https:\/\/www.v6.newmessage.org\/da\/wp-json\/wp\/v2\/pages"}],"about":[{"href":"https:\/\/www.v6.newmessage.org\/da\/wp-json\/wp\/v2\/types\/page"}],"author":[{"embeddable":true,"href":"https:\/\/www.v6.newmessage.org\/da\/wp-json\/wp\/v2\/users\/22"}],"replies":[{"embeddable":true,"href":"https:\/\/www.v6.newmessage.org\/da\/wp-json\/wp\/v2\/comments?post=27138"}],"version-history":[{"count":3,"href":"https:\/\/www.v6.newmessage.org\/da\/wp-json\/wp\/v2\/pages\/27138\/revisions"}],"predecessor-version":[{"id":27395,"href":"https:\/\/www.v6.newmessage.org\/da\/wp-json\/wp\/v2\/pages\/27138\/revisions\/27395"}],"up":[{"embeddable":true,"href":"https:\/\/www.v6.newmessage.org\/da\/wp-json\/wp\/v2\/pages\/16297"}],"wp:attachment":[{"href":"https:\/\/www.v6.newmessage.org\/da\/wp-json\/wp\/v2\/media?parent=27138"}],"wp:term":[{"taxonomy":"category","embeddable":true,"href":"https:\/\/www.v6.newmessage.org\/da\/wp-json\/wp\/v2\/categories?post=27138"},{"taxonomy":"post_tag","embeddable":true,"href":"https:\/\/www.v6.newmessage.org\/da\/wp-json\/wp\/v2\/tags?post=27138"}],"curies":[{"name":"wp","href":"https:\/\/api.w.org\/{rel}","templated":true}]}}