{"id":27130,"date":"2017-06-11T21:15:51","date_gmt":"2017-06-11T21:15:51","guid":{"rendered":"http:\/\/www.newmessage.org\/da\/?page_id=27130"},"modified":"2017-06-11T21:17:30","modified_gmt":"2017-06-11T21:17:30","slug":"den-store-tro","status":"publish","type":"page","link":"https:\/\/www.v6.newmessage.org\/da\/budskabet\/bind-1\/den-rene-religion\/den-store-tro\/","title":{"rendered":"Den Store Tro"},"content":{"rendered":"<div><!-- Version 5.1 Verse --><\/div>\n\n<div class=\"tabgroup \"><ul class=\"tabs\"><li><a href=\"#tabs-1\">\u00c5benbaring<\/a><\/li>\n<li><a href=\"#tabs-2\">Bog<\/a><\/li><\/ul>\n <div id=\"tabs-1\"><\/p>\n<p class=\"revelation_details\"><em>Som \u00e5benbaret for Guds Budbringer,<br \/>\nMarshall Vian Summers,<br \/>\nden 25. april, 2007<br \/>\ni den Gamle By, Jerusalem, Israel<\/em><\/p>\n<div class=\"toggle toggle-white\"><h4 class=\"trigger \"><span class=\"t_ico\"><\/span><a href=\"#\">Om denne optagelse<\/a><\/h4><div class=\"toggle_container \"><br \/>\n<br \/>\n<\/div><\/div>\n<p><\/div>\n<div id=\"tabs-2\"><\/p>\n<div class=\"text-align-center text font-size-12 margin-top-10\">Bind 1 &gt; Den Rene Religion &gt; Kapitel<\/div>\n<p><\/div>\n\t\t\t\t<div align=\"right\">\n\t\t\t<div class=\"fb-like\" data-href=\"\" data-layout=\"button_count\" data-action=\"like\" data-show-faces=\"false\" data-share=\"false\"><\/div>\n\t\t\t<div class=\"fb-share-button\" data-layout=\"button_count\"> <\/div>\n\t\t\t<div class=\"fb_iframe_widget\"><a href=\"https:\/\/twitter.com\/godsnewmessage?ref_src=twsrc%5Etfw\" class=\"twitter-follow-button\" data-show-count=\"false\">Follow @godsnewmessage<\/a><script async src=\"https:\/\/platform.twitter.com\/widgets.js\" charset=\"utf-8\"><\/script><\/div>\n\t\t\t<\/div> <\/div> \n\n<p>Det er nu n\u00f8dvendigt at overveje, hvad \u00e6gte tro er i lyset af store forandringer i verden, i lyset af de kommende Store B\u00f8lger, der vil feje hen over verden, i lyset af Det St\u00f8rre M\u00f8rke, der er i verden. Jeres forst\u00e5else af tro m\u00e5 \u00e6ndres. Den m\u00e5 op p\u00e5 et h\u00f8jere niveau, en mere sikker position og mere autentisk forst\u00e5else, og et mere autentisk udtryk.<\/p>\n<p>Denne tro m\u00e5 v\u00e6re baseret p\u00e5 det, der ikke ses, ikke p\u00e5 det, der ses. Den m\u00e5 v\u00e6re baseret p\u00e5 det, der er kendt og allerdybest f\u00f8lt. Det g\u00e5r ikke, at den er baseret p\u00e5 tilsyneladenheder. Det g\u00e5r ikke, at den er baseret p\u00e5 det, nationer og religioner manifesterer, i s\u00e5 fald vil den lide forf\u00e6rdeligt og svigte dig i krisetid og i en tid med stor n\u00f8d.<\/p>\n<p>Du m\u00e5 tro p\u00e5 noget st\u00f8rre, end det menneskeheden har skabt. Du m\u00e5 tro p\u00e5 noget st\u00f8rre, end det, verdens institutioner har skabt.<\/p>\n<p>Ser du, din tro er beregnet til at holde dit sind fokuseret p\u00e5 den st\u00f8rre magt, der holder til i dig og i alles sind og hjerter, der opholder sig her. Det er denne magt i dig og omkring dig, der m\u00e5 v\u00e6re din tros fokus og din tros indhold.<\/p>\n<p>Overvej, at hvis din tro er baseret p\u00e5 livets manifestationer &#8211; p\u00e5 noget, som menneskeheden har skabt, p\u00e5 noget, som menneskelige institutioner har skabt &#8211; hvordan kan denne tro s\u00e5 vedligeholdes i fremtiden?<\/p>\n<p>Hvad vil der ske med din tro, n\u00e5r nationer st\u00f8der sammen, n\u00e5r forf\u00e6rdelige handlinger beg\u00e5s imod uskyldige mennesker i Guds og religionens navn? Hvad vil der ske med din tro, n\u00e5r folk g\u00e5r sultne hen og sult tager til, n\u00e5r verdens ferskvands og f\u00f8devareforsyninger aftager p\u00e5 grund af forringelse af milj\u00f8et og p\u00e5 grund af overforbrug? Hvad vil der ske med din tro, n\u00e5r hellige steder sk\u00e6ndes, n\u00e5r steder, elsket af folk, bliver \u00f8delagte af tumult, konkurrence, konflikter og krig?<\/p>\n<p>Hvad vil der ske med din tro indenfor disse scenarier? Hvis du tror, at Gud er forfatteren til alt, hvad der sker, hvordan ville du s\u00e5 kunne retf\u00e6rdigg\u00f8re disse ting? Hvordan vil du holde Gud hellig, barmhjertig og gavnlig, hvis du tror, at Gud er forfatteren til menneskelig opf\u00f8rsel og menneskelige konflikter?<\/p>\n<p>Der m\u00e5 en afklaring til her. Der m\u00e5 v\u00e6re en st\u00f8rre forst\u00e5else, ellers vil tro svigte dig, hvis den ikke allerede har gjort det.<\/p>\n<p>Der er mange mennesker i dag, hvis tro allerede er knust. De er blevet kyniske og deres frygt er begrundet. De tror ikke p\u00e5 noget st\u00f8rre l\u00f8fte for menneskeheden. Og hvis de er religi\u00f8se, vil de t\u00e6nke, at menneskeheden vil lide under v\u00e6gten af Guds modbeskyldninger og straf.<\/p>\n<p>De tror p\u00e5 disse ting, fordi de har mistet troen p\u00e5 det allermest afg\u00f8rende i livet. De er uvidende om Kundskabens store begavelse &#8211; en st\u00f8rre intelligens, der er givet til den menneskelige familie, og som holder til i hvert hjerte, som et potentiale i hvert menneske.<\/p>\n<p>De har oplevet deres dr\u00f8mme briste p\u00e5 grund af menneskelige konflikter, menneskelig korruption og nedv\u00e6rdigelse. Og nu er deres hjerter lukkede og deres sind m\u00f8rke. De vil let bukke under for Det St\u00f8rre M\u00f8rke i verden, der vil tale til deres frygt, til deres vrede og til deres mistillid.<\/p>\n<p>De kender ikke til den store gave fra Skaberen af alt liv. Det er denne gave &#8211; denne dybere intelligens, denne mystiske magt, denne usynlige kraft &#8211; der m\u00e5 v\u00e6re din tros kilde og fokus.<\/p>\n<p>Alt omkring dig kan forandre sig. Alt omkring dig er [kan v\u00e6re] genstand for \u00f8del\u00e6ggelse og besk\u00e6mmelse. Men det, Gud har lagt i dig, er hinsides det menneskelige bedrags og den menneskelige korruptions r\u00e6kkevidde. Det er hinsides r\u00e6kkevidden af nogens manipulation og forf\u00f8relse, hvad enten det drejer sig om en menneskelig kraft eller en kraft fra hinsides verden.<\/p>\n<p>Denne st\u00f8rre magt i dig er her for at lede dig, beskytte dig og f\u00f8re dig til dit st\u00f8rste udtryk i livet og dine st\u00f8rre bidrag til verden og til alt liv her. Den er i dig i dette \u00f8jeblik. Og den vil v\u00e6re i dig hvert \u00f8jeblik, uanset hvad der sker i det ydre.<\/p>\n<p>Hvis du kun tror p\u00e5 ting, der kan ses og r\u00f8res, s\u00e5 vil du v\u00e6re meget s\u00e5rbar, og du sikrer dig, at din fremtid vil v\u00e6re fyldt med vrede og skuffelse, chok og tragedie.<\/p>\n<p>I tr\u00e6der ind i meget turbulente tider i verden. Verden er i tilbagegang og dens ressourcer svinder. Alligevel forts\u00e6tter menneskelige befolkninger med at vokse. Der er gjort stor skade p\u00e5 denne verdens livsopretholdende ressourcer, og milj\u00f8et er kompromitteret i meget h\u00f8j grad. Og der er kr\u00e6fter fra hinsides verden, der er her for at drage fordel af en svag og splittet menneskehed.<\/p>\n<p>Hvor vil din tro st\u00e5 i lyset af denne store modgang og disse store udfordringer? Hvordan vil du bevare dit fokus p\u00e5 menneskehedens store l\u00f8fte? Hvordan vil du undg\u00e5 at miste troen p\u00e5 dig selv, p\u00e5 andre mennesker, p\u00e5 nationer, p\u00e5 regeringer og p\u00e5 Gud, n\u00e5r din verden underkastes kataklysmiske forandringer? Dit liv vil v\u00e6re bestemt til at blive um\u00e5deligt skuffet, forvirret og desillusioneret, hvis din tro er p\u00e5 ting, der kan ses, h\u00f8res og r\u00f8res.<\/p>\n<p>Det er Kundskabens st\u00f8rre magt &#8211; Mysteriet, beviset p\u00e5 ting, der ikke ses &#8211; der m\u00e5 v\u00e6re din tros fokus, der m\u00e5 v\u00e6re din religions hjerte, der m\u00e5 v\u00e6re kilden til din opmuntring, din visdom og din vejledning.<\/p>\n<p>Det er den store tro. Det er troen, der forlanger at blive styrket. Det er troen, der vil bede dig om at placere din tiltro p\u00e5 en st\u00f8rre uset magt &#8211; en magt, som du muligvis kun vil opleve periodisk eller endda sj\u00e6ldent.<\/p>\n<p>Denne st\u00f8rre magt har v\u00e6ret kendt for religionens sande ud\u00f8vere op gennem tiderne. Men den g\u00e5r nu uigenkendt hen for n\u00e6sten alle mennesker i dag, uanset deres nation eller religionstradition.<\/p>\n<p>Det er grunden til, at der er et Nyt Budskab fra Gud i verden &#8211; et Budskab til at genoprette denne tro, til at understrege dets vigtighed og vise jer, hvordan den giver frihed fra s\u00e5rbarhed, frihed fra vrede og frihed fra skuffelse og desillusion.<\/p>\n<p>For du vil muligvis miste troen p\u00e5 alt, der kan ses og r\u00f8res, men din tro p\u00e5 Kundskab m\u00e5 forblive st\u00e6rk. Hvis den kan v\u00e6re det, vil du kunne modst\u00e5 Forandringens Store B\u00f8lger, uden at miste din p\u00e5sk\u00f8nnelse af din Guddommelige natur og den Guddommelige natur i alle andre, der holder til her. Du vil kunne praktisere tilgivelse, tolerance og tilbageholdenhed &#8211; noget, du ellers vil miste, uden denne store tro.<\/p>\n<p>Den store tro sikrer, at Guds Magt er der til at lede dig, beskytte dig og f\u00f8re dig til store pr\u00e6stationer i livet. Uden s\u00e5dan en tro, ville du ikke se den st\u00f8rre mulighed, du ville ikke genkende tegnene i dig selv, og du ville ikke agte den retning, der gives.<\/p>\n<p>For du ville blive overtaget af verden omkring dig &#8211; vakle ved de klager, det raseri og de konflikter, som du ser og h\u00f8rer omkring dig. Du ville v\u00e6re fortabt &#8211; fejet v\u00e6k af de Store B\u00f8lger af forandring, overtaget af menneskelig lidelse, overv\u00e6ldet af en verden, du ikke kunne forst\u00e5. Og dit sind ville blive fyldt med vrede, frygt og h\u00e6vn.<\/p>\n<p>Din sk\u00e6bne bliver da tydelig, for uden den store tro, vil du falde i m\u00f8rke, og du vil miste din forbindelse med Det Guddommelige. Du vil bede for at ting forandrer sig. Du vil bede for at ting bliver bedre. Du vil bede for, at dit liv vil blive sk\u00e5net. Men alle dine b\u00f8nner vil v\u00e6re fyldt med frygt og misforst\u00e5else. De vil ikke v\u00e6re baseret p\u00e5 den store tro, som du m\u00e5 have, hvis du skal udst\u00e5 de Store B\u00f8lger af forandring og v\u00e6re et lys i en verden af m\u00f8rke.<\/p>\n<p>Kundskab er her ikke blot for at lede og beskytte dig. Den er her for at g\u00f8re dig i stand til at opdage og udtrykke de st\u00f8rre gaver, som du har bragt ind i verden.<\/p>\n<p>Du er kommet ind i verden p\u00e5 en tid for stor forandring og uro. Denne store forandring og uro vil &#8211; i stedet for at sl\u00e5 dig, i stedet for at sende dig i forvirring og m\u00f8rke &#8211; faktisk kalde de gaver, du er kommet for at give, frem i dig. For det er denne verden, du er kommet for at tjene. Dens omst\u00e6ndigheder vil give definition til dit st\u00f8rre form\u00e5l og din st\u00f8rre mening her.<\/p>\n<p>M\u00e5ske vil du begynde at se, at de omst\u00e6ndigheder, der ellers ville sl\u00e5 dig, er de samme, der vil oplyse dig og kalde dine store gaver frem i verden. Det er en helt anden reaktion, end den du ville have, hvis den store tro ikke var vedligeholdt i dig.<\/p>\n<p>Uanset om menneskeheden rejser sig eller falder, er Kundskabens magt i dig. Du kan forst\u00e6rke denne magt i andre ved at dele den store tro med dem og ved at dele Det Nye Budskab fra Gud med dem, det Budskab, der taler om den store tro og understreger dens afg\u00f8rende vigtighed, b\u00e5de nu og i fremtiden.<\/p>\n<p>Den er Guds magt i dig. Den er din forbindelse til Gud. Den er det, der vil opfylde din Sj\u00e6ls dybere behov, der ikke tilfredsstilles af alle verdens forn\u00f8jelser og sp\u00e6ndinger.<\/p>\n<p>For Sj\u00e6len har behov for at erkende sit form\u00e5l og opfylde det her i verden. Det er din Sj\u00e6ls store behov. Dette behov kan tilfredsstilles, selv hvis civilisationer st\u00f8der sammen, selv om alt h\u00e5b forekommer at v\u00e6re tabt i folks sind og hjerter omkring dig.<\/p>\n<p>Hvem vil s\u00e5 lede disse mennesker, bortset fra de mennesker, der har den store tro? Hvem vil genoprette disse mennesker og give dem styrke, mod og visdom, bortset fra de mennesker, der har den store tro? Hvem vil v\u00e6re et lys i verden, og hvem vil kunne modvirke Det St\u00f8rre M\u00f8rke i verden, bortset fra de mennesker, der har den store tro?<\/p>\n<p>Hvem vil kunne se hinsides opsplittelsen af religi\u00f8s ideologi og historisk fortolkning, og hvem vil kunne udbedre de konflikter, der findes mellem verdens religioner, bortset fra de mennesker, der har den store tro? Hvem vil v\u00e6re fredsbevarerne og fredsstifterne, der ikke tyr til vold, der ikke tager parti og k\u00e6mper, bortset fra de mennesker, der har den store tro?<\/p>\n<p>Du m\u00e5 derfor have tiltro til det, Skaberen af alt liv har lagt i dig, til at lede dig, beskytte dig og f\u00f8re dig til dit st\u00f8rre udtryk og din st\u00f8rre pr\u00e6station i verden.<\/p>\n<p>Du m\u00e5 v\u00e6re meget forbeholden og have betingelser med hensyn til din tillid til noget som helst andet. For s\u00e5 meget vil forandre sig, og du m\u00e5 lade denne forandring ske. Du kan tale ud om dens farer, og du kan pr\u00f8ve at udligne nogle af dens mere skadelige virkninger, men du m\u00e5 lade denne forandring ske.<\/p>\n<p>Det, du kan give folk, er mad, vand, ly og den store tro. At tage sig af mennesker, give dem mad, bist\u00e5 folk og give dem den store tro &#8211; det vil der v\u00e6re behov for. For det er kun den store tro, der vil give menneskeheden en fremtid. Det er kun den store tro, der kan g\u00f8re dig og andre i stand til at navigere i de vanskelige farvande forude. Den vil v\u00e6re din redningsfl\u00e5de p\u00e5 de opr\u00f8rte vande.<\/p>\n<p>Kun den store tro vil vise menneskeheden, at der er stor grund til at forene sig i sit eget forsvar og for verdens beskyttelse. Det er den store tro, der vil lade menneskeheden f\u00e5 en st\u00f8rre fremtid &#8211; en fremtid pr\u00e6gtigere end dens fortid. Men denne fremtid vil ikke v\u00e6re baseret p\u00e5 politiske mandater eller religi\u00f8se ideologier. Den vil blive etableret og baseret p\u00e5 en stor tro.<\/p>\n<p>Kun Kundskabens magt i dig kan modst\u00e5 livets omskiftelser og verdens konflikter. Kundskaben er her p\u00e5 en mission i dig og i hver enkelt person, for at yde et specifikt og unikt bidrag til en verden i n\u00f8d. Kundskaben i dig er fuldtud forberedt p\u00e5 at h\u00e5ndtere vanskelighederne forude, sk\u00f8nt du ikke selv er.<\/p>\n<p>Kun Kundskaben i dig kan bevare sin renhed og v\u00e6re up\u00e5virket, selvom folk omkring dig vil v\u00e6re ophidsede, forf\u00e6rdede og usikre. Det er den vished, f\u00f8dt af Kundskab, der vil v\u00e6re din sande r\u00e5dgiver og din sande vejleder og vil v\u00e6re beviset p\u00e5 en St\u00f8rre Magt i dig og i verden.<\/p>\n<p>Du arbejder for det gode. Du fors\u00f8ger at lindre lidelse. Du m\u00e5 g\u00f8re dette under ledelse af Kundskab, ellers vil verden besn\u00e6re dig og tage dig v\u00e6k. Du vil falde i dens opsplittelse og i dens konflikter. Du vil tage parti og du vil k\u00e6mpe og du vil sl\u00e5s.<\/p>\n<p>Selv dit \u00f8nske om at tjene menneskeheden m\u00e5 ledes af denne st\u00f8rre magt i dig. Ellers vil din trang til at give v\u00e6re bygget p\u00e5 dine egne ambitioner, dine egne idealer og dine egne klager. Den vil ikke v\u00e6re ren og den vil ikke v\u00e6re effektiv. Din higen efter en bedre verden, og selv dine id\u00e9er om, hvordan en bedre verden etableres, p\u00e5 hvilket felt, dine interesser eller ekspertise end ligger, m\u00e5 v\u00e6re ledet af Kundskab, ellers vil dine id\u00e9er og dine handlinger ikke v\u00e6re effektive.<\/p>\n<p>For kun Gud har et svar p\u00e5 fremtiden. Du har ikke et svar. Den forandring, der er over menneskeheden, er alt for stor for jeres intellekt at begribe. Den er alt for stor for dit intellekt at l\u00f8se, uden den store tro og uden den st\u00f8rre magt.<\/p>\n<p>Du, som individ, og menneskeheden, som helhed, drives til et punkt af desperation, hvor I m\u00e5 finde Kundskabens magt, eller risikere at fejle og bryde sammen.<\/p>\n<p>Det er grunden til, at der er et Nyt Budskab fra Gud i verden, for det er kun den St\u00f8rre Magt, der kan redde menneskeheden. Det er kun den store tro, der kan overskue menneskehedens opsplittelse &#8211; kulturers opsplittelse, religionens opsplittelse, raceopsplittelser og den \u00f8konomiske magts opsplittelser. Det er kun den store tro, der er up\u00e5virket af fortiden &#8211; af den menneskelige families turbulente, voldelige og alvorlige historie.<\/p>\n<p>Det Nye Budskaber taler til Sj\u00e6lens behov og behovet for at finde og opfylde sin mission i verden. For du er her ikke ved et tilf\u00e6lde. Du er ikke bare skyllet op p\u00e5 kysten. Du er kommet her af en grund. Du er kommet for at tjene en verden i n\u00f8d og yde et unikt og specifikt bidrag her. Men kun Kundskab i dig ved, hvad dette bidrag er.<\/p>\n<p>Folk er meget ut\u00e5lmodige og vil gerne have svaret med det samme, s\u00e5 de skaber et svar, der appellerer til dem og f\u00e5r dem til at f\u00f8le sig veltilpasse og komfortable, trygge og sikre. Men disse tanker, disse id\u00e9er og disse forslag har ingen magt i lyset af Forandringens Store B\u00f8lger. De vil smuldre under v\u00e6gten af den menneskelige sk\u00e6bne. De er blot \u00f8nsker. De har ingen styrke, ingen visdom og ingen sikkerhed i sig.<\/p>\n<p>Du m\u00e5 stole p\u00e5 en st\u00f8rre magt i dig. Du m\u00e5 have stor tiltro til denne magt. Denne tro m\u00e5 ikke v\u00e6re bygget p\u00e5 ting, du kan se og r\u00f8re eller p\u00e5 id\u00e9er eller trossystemer. Den m\u00e5 have et st\u00f8rre fundament. Religioners og regeringers fundament vil blive rystede og endda i nogle tilf\u00e6lde kollapse i lyset af Forandringens Store B\u00f8lger.<\/p>\n<p>Du m\u00e5 have et fundament, der er st\u00f8rre end verden. Du m\u00e5 styrke dette fundament ved at tage Trin til Kundskab, ved at l\u00e6re Kundskabens Vej, ved at tage imod Guds Nye Budskab og ved at genkende den store tro i alle verdens store religi\u00f8se traditioner.<\/p>\n<p>Den store tro er ikke ny. Den er kun glemt. Den er kun blevet overskygget af ritualer, af historie og af overbevisninger. Den er blevet glemt. Folk tror p\u00e5 institutioner, p\u00e5 helligdomme, p\u00e5 ritualer og p\u00e5 historiske fortolkninger. De f\u00f8lger store ledere, avatarer, frelsere og helgener. Men de har glemt det vigtigste. Og det er den store tro.<\/p>\n<p>N\u00e5r du beder, bed for at Kundskab vil blive st\u00e6rk og lede dig &#8211; at den vil afsl\u00f8re dine fejl for dig, at den vil vise dig dine svagheder og at den vil vise dig det, du m\u00e5 rette op p\u00e5, det, du m\u00e5 styrke, og det, du m\u00e5 s\u00e6tte til side. Bed for dens r\u00e5d og dens visdom, og bed ligeledes for styrken til at f\u00f8lge den, modet til at f\u00f8lge den og den frihed, den vil give dig.<\/p>\n<p>Hvis du skal f\u00f8lge den store vej, m\u00e5 du have denne styrke, dette mod og denne frihed. Det vil ikke altsammen komme p\u00e5 en gang. Du opn\u00e5r dem gradvist, trin for trin. Du opbygger din forbindelse til Kundskab. Du bliver opm\u00e6rksom p\u00e5 Kundskab og f\u00f8lsom overfor den. Du begynder at agte dens budskaber og dens advarsler. Du m\u00e6rker den tilbageholdenhed, den giver dig, og du lader den drive dit liv frem i en bestemt retning.<\/p>\n<p>Med tiden vil du l\u00e6re at skelne Kundskabens magt fra alle andre kr\u00e6fter i dit sind &#8211; fra alle andre tvangstanker og impulser, id\u00e9er og overbevisninger. Det tager tid at l\u00e6re og at udvikle.<\/p>\n<p>Du m\u00e5 l\u00e6re disse ting og udvikle dem, hvis den store tro skal v\u00e6re solid og \u00e6gte for dig, og hvis dens m\u00e6gtige tjeneste til dig og til menneskeheden skal erkendes.<\/p>\n<p>Erkend derfor det, der fortjener din tro og din hengivelse. Erkend at det, der er uset, har al magten og det, der ses, er det, der er svagt og s\u00e5rbart. Her vil du se, at Gud er m\u00e6gtig og at verden er lille, at nationer og religioner er s\u00e5rbare og at menneskelig svaghed er overalt.<\/p>\n<p>Her vil du se, at alt, hvad der sker for dig i livet, enten demonstrerer beviset p\u00e5 Kundskab, eller behovet for Kundskab. Med denne forst\u00e5else, vil alt det, der sker, dokumentere din store tro, den store tro, du nu m\u00e5 have. For dette er din fremtid og dette er dit l\u00f8fte. Dette er dit kald og dette er din mission.<\/p>\n<p>Lad Guds Nye Budskab afsl\u00f8re disse ting for dig, uden kompromisser og uden forvr\u00e6ngninger fra fortiden. S\u00e5 vil du kunne se beviset p\u00e5 den i alle de store religionstraditioner. Her vil du se de store l\u00e6rere og de store Budbringere fra fortiden i et andet lys. Og du vil forst\u00e5 deres handlinger og deres mission meget klarere, for din mission vil langsomt dukke op i dig, mens du tager Trin til Kundskab.<\/p>\n<p>M\u00e5 Kundskabens magt og tilstedev\u00e6relse v\u00e6re med dig denne dag. M\u00e5 dit sind v\u00e6re stille. M\u00e5 du l\u00e6re at lytte til og skelne beviset p\u00e5 denne st\u00f8rre magt i dig. M\u00e5 du udst\u00e5 med den og m\u00e5 du give den din store tro, for her finder din tro sit sande hjem og sit sande udtryk.<\/p>\n<p>&nbsp;<\/p>\n","protected":false},"excerpt":{"rendered":"<p>Det er nu n\u00f8dvendigt at overveje, hvad \u00e6gte tro er i lyset af store forandringer i verden, i lyset af de kommende Store B\u00f8lger, der vil feje hen over verden, i lyset af Det St\u00f8rre M\u00f8rke, der er i verden. Jeres forst\u00e5else af tro m\u00e5 \u00e6ndres. Den m\u00e5 op p\u00e5 et h\u00f8jere niveau, en mere\u2026 <a class=\"read-more\" href=\"https:\/\/www.v6.newmessage.org\/da\/budskabet\/bind-1\/den-rene-religion\/den-store-tro\/\"><span>Read More<\/span><\/a><\/p>\n","protected":false},"author":22,"featured_media":0,"parent":16492,"menu_order":0,"comment_status":"closed","ping_status":"closed","template":"","meta":{"_monsterinsights_skip_tracking":false,"_monsterinsights_sitenote_active":false,"_monsterinsights_sitenote_note":"","_monsterinsights_sitenote_category":0,"footnotes":""},"categories":[76,466,460],"tags":[362],"_links":{"self":[{"href":"https:\/\/www.v6.newmessage.org\/da\/wp-json\/wp\/v2\/pages\/27130"}],"collection":[{"href":"https:\/\/www.v6.newmessage.org\/da\/wp-json\/wp\/v2\/pages"}],"about":[{"href":"https:\/\/www.v6.newmessage.org\/da\/wp-json\/wp\/v2\/types\/page"}],"author":[{"embeddable":true,"href":"https:\/\/www.v6.newmessage.org\/da\/wp-json\/wp\/v2\/users\/22"}],"replies":[{"embeddable":true,"href":"https:\/\/www.v6.newmessage.org\/da\/wp-json\/wp\/v2\/comments?post=27130"}],"version-history":[{"count":2,"href":"https:\/\/www.v6.newmessage.org\/da\/wp-json\/wp\/v2\/pages\/27130\/revisions"}],"predecessor-version":[{"id":27132,"href":"https:\/\/www.v6.newmessage.org\/da\/wp-json\/wp\/v2\/pages\/27130\/revisions\/27132"}],"up":[{"embeddable":true,"href":"https:\/\/www.v6.newmessage.org\/da\/wp-json\/wp\/v2\/pages\/16492"}],"wp:attachment":[{"href":"https:\/\/www.v6.newmessage.org\/da\/wp-json\/wp\/v2\/media?parent=27130"}],"wp:term":[{"taxonomy":"category","embeddable":true,"href":"https:\/\/www.v6.newmessage.org\/da\/wp-json\/wp\/v2\/categories?post=27130"},{"taxonomy":"post_tag","embeddable":true,"href":"https:\/\/www.v6.newmessage.org\/da\/wp-json\/wp\/v2\/tags?post=27130"}],"curies":[{"name":"wp","href":"https:\/\/api.w.org\/{rel}","templated":true}]}}