{"id":27100,"date":"2017-05-06T17:31:31","date_gmt":"2017-05-06T17:31:31","guid":{"rendered":"http:\/\/www.newmessage.org\/da\/?page_id=27100"},"modified":"2024-08-29T15:39:16","modified_gmt":"2024-08-29T15:39:16","slug":"den-globale-nodsituation","status":"publish","type":"page","link":"https:\/\/www.v6.newmessage.org\/da\/budskabet\/bind-1\/den-nye-verden\/den-globale-nodsituation\/","title":{"rendered":"Den Globale N\u00f8dsituation"},"content":{"rendered":"<div><!-- Version 3.3 Verse --><\/div>\n\n<div class=\"tabgroup \"><ul class=\"tabs\"><li><a href=\"#tabs-1\">\u00c5benbaring<\/a><\/li>\n<li><a href=\"#tabs-2\">Note<\/a><\/li><\/ul>\n <div id=\"tabs-1\"><\/p>\n<p>H\u00f8r den oprindelige version af \u00c5benbaringen p\u00e5 engelsk:<\/p>\n<div id=\"jquery_jplayer_1\" class=\"jp-jplayer\"><\/div>\n\t\t\t\t<div id=\"jp_container_1\" class=\"jp-audio\">\n\t\t\t\t<div class=\"jp-type-single\"><div class=\"jp-control\"><a href=\"javascript:;\" class=\"jp-play\" tabindex=\"1\">play<\/a><a href=\"javascript:;\" class=\"jp-pause\" tabindex=\"1\">pause<\/a><\/div> <div class=\"jp-gui jp-interface\"><div class=\"jp-volume\"><div class=\"jp-volume-bar\"><div class=\"jp-volume-bar-value\"><\/div><\/div><\/div><div class=\"jp-progress\"><div class=\"jp-seek-bar\"><div class=\"jp-play-bar\"><\/div><\/div><\/div><\/div>\t\t\t\t\t<div class=\"jp-no-solution\"><span>Update Required<\/span>To play the media you will need to either update your browser to a recent version or update your <a href=\"http:\/\/get.adobe.com\/flashplayer\/\" target=\"_blank\">Flash plugin<\/a>.<\/div><\/div><\/div>\n\t\t\t<script type='text\/javascript'>\n\t\t\t\tjQuery(document).ready(function() {\n\t\t\t\t\tif (typeof (sermonMedia) == 'function') {\n\t\t\t\t\t\tsermonMedia.addAudio('', \"jquery_jplayer_1\");\n\t\t\t\t\t}\n\t\t\t\t\tjQuery.jPlayer.timeFormat.showHour = true;\n\t\t\t\t\tjQuery(\"#jquery_jplayer_1\").jPlayer({\n\t\t\t\t\t\tready: function(event) {\n\t\t\t\t\t\t\tjQuery(this).jPlayer(\"setMedia\", {mp3: 'http:\/\/newmessage.org\/av\/the-global-emergency.mp3'});\n\t\t\t\t\t\t},\n\t\t\t\t\t\tplay: function() {\n\t\t\t\t\t\t\tjQuery(this).jPlayer(\"pauseOthers\");\n\t\t\t\t\t\t},\n\t\t\t\t\t\tswfPath: ThemeData.directory_uri+\"\/swf\",\n\t\t\t\t\t\tsolution: \"html, flash\",\n\t\t\t\t\t\tpreload: \"metadata\",\n\t\t\t\t\t\twmode: \"window\",\n\t\t\t\t\t\tsupplied: \"mp3\",\n\t\t\t\t\t\tcssSelectorAncestor: '#jp_container_1'\n\t\t\t\t\t});\n\t\t\t\t});\n\t\t\t<\/script><\/p>\n<p><a title=\"The Global Emergency\" href=\"http:\/\/newmessage.org\/av\/the-global-emergency.mp3\">Download<\/a> (h\u00f8jre-klik for at downloade)<\/p>\n<p class=\"revelation_details\"><em>Som \u00e5benbaret for Guds Budbringer,<br \/>\nMarshall Vian Summers,<br \/>\nden 20. oktober, 2015<br \/>\ni Boulder, CO<\/em><\/p>\n<div class=\"toggle toggle-white\"><h4 class=\"trigger \"><span class=\"t_ico\"><\/span><a href=\"#\">Om denne optagelse<\/a><\/h4><div class=\"toggle_container \"><br \/>\n<div id=\"yui_3_16_0_ym19_1_1467955126517_3327\" dir=\"ltr\"><span id=\"yui_3_16_0_ym19_1_1467955126517_3177\"><span id=\"yui_3_16_0_ym19_1_1467955126517_3178\">D\u00e9t, du h\u00f8rer i denne lydoptagelse er Den Englelige Forsamlings stemme, der taler gennem Budbringeren, Marshall Vian Summers<br \/>\n<\/span><\/span><\/div>\n<div dir=\"ltr\"><span id=\"yui_3_16_0_ym19_1_1467955126517_3177\"><span id=\"yui_3_16_0_ym19_1_1467955126517_3178\">\u00a0<\/span><\/span><\/div>\n<div id=\"yui_3_16_0_ym19_1_1467955126517_3359\" dir=\"ltr\"><span id=\"yui_3_16_0_ym19_1_1467955126517_3177\"><span id=\"yui_3_16_0_ym19_1_1467955126517_3178\"> Her er den oprindelige kommunikation fra Gud, der eksisterer hinsides ord, oversat til menneskeligt sprog og forst\u00e5else af Den Englelige Forsamling, der f\u00f8rer tilsyn med verden. Forsamlingen leverer derefter Guds Budskab gennem Budbringeren.<br \/>\n<\/span><\/span><\/div>\n<div id=\"yui_3_16_0_ym19_1_1467955126517_3369\" dir=\"ltr\"><span id=\"yui_3_16_0_ym19_1_1467955126517_3177\"><span id=\"yui_3_16_0_ym19_1_1467955126517_3178\">\u00a0<\/span><\/span><\/div>\n<div id=\"yui_3_16_0_ym19_1_1467955126517_3370\" dir=\"ltr\"><span id=\"yui_3_16_0_ym19_1_1467955126517_3177\"><span id=\"yui_3_16_0_ym19_1_1467955126517_3178\">I dette bem\u00e6rkelsesv\u00e6rdige forl\u00f8b, taler \u00c5benbaringens Stemme p\u00e5 ny. Ordet og Lyden er i verden. For f\u00f8rste gang i historien, er den oprindelige talte \u00e5benbaring tilg\u00e6ngelig for dig og for verden at opleve.<br \/>\n<\/span><\/span><\/div>\n<div id=\"yui_3_16_0_ym19_1_1467955126517_3436\" dir=\"ltr\"><span id=\"yui_3_16_0_ym19_1_1467955126517_3177\"><span id=\"yui_3_16_0_ym19_1_1467955126517_3178\">\u00a0<\/span><\/span><\/div>\n<div id=\"yui_3_16_0_ym19_1_1467955126517_3435\" dir=\"ltr\"><span id=\"yui_3_16_0_ym19_1_1467955126517_3177\"><span id=\"yui_3_16_0_ym19_1_1467955126517_3178\">M\u00e5 du v\u00e6re modtageren af denne \u00c5benbaringens gave og m\u00e5 du v\u00e6re \u00e5ben for at tage imod dens unikke Budskab for dig og for dit liv.<\/span><\/span><\/div>\n<br \/>\n<\/div><\/div><br \/>\n<\/div>\n<div id=\"tabs-2\"><br \/>\n<em>NOTE TIL L\u00c6SERNE:<br \/>\nDenne overs\u00e6ttelse blev givet til Samfundet af en studerende af Det Nye Budskab, der meldte sig frivilligt til at overs\u00e6tte den originale engelske tekst. Vi stiller denne overs\u00e6ttelse til r\u00e5dighed for verden i denne tidlige form, for at give mennesker en mulighed for at engagere sig med en del af Det Nye Budskab p\u00e5 deres eget sprog.<\/em><br \/>\n<\/div>\n\t\t\t\t<div align=\"right\">\n\t\t\t<div class=\"fb-like\" data-href=\"\" data-layout=\"button_count\" data-action=\"like\" data-show-faces=\"false\" data-share=\"false\"><\/div>\n\t\t\t<div class=\"fb-share-button\" data-layout=\"button_count\"> <\/div>\n\t\t\t<div class=\"fb_iframe_widget\"><a href=\"https:\/\/twitter.com\/godsnewmessage?ref_src=twsrc%5Etfw\" class=\"twitter-follow-button\" data-show-count=\"false\">Follow @godsnewmessage<\/a><script async src=\"https:\/\/platform.twitter.com\/widgets.js\" charset=\"utf-8\"><\/script><\/div>\n\t\t\t<\/div> <\/div> \n\n<p>Menneskeheden st\u00e5r p\u00e5 t\u00e6rsklen til store globale forandringer, globale forandringer p\u00e5 en skala aldrig f\u00f8r set, nu for\u00e5rsaget af menneskenes misbrug og overforbrug af verden, af menneskenes ignorance og af menneskenes gr\u00e5dighed. Det er en tilstand, der nu vil p\u00e5virke alle menneskers liv.<\/p>\n<p>Sk\u00f8nt kun f\u00e5 endnu er klar over det, er dette en global n\u00f8dsituation. I har \u00e6ndret atmosf\u00e6rens, vandets og jordenes kemi. Og nu forandrer verden sig \u2013 forandrer sig s\u00e5 hurtigt, s\u00e5 faretruende, forandrer sig nu p\u00e5 m\u00e5der, der vil p\u00e5virke jer mere, end I aner.<\/p>\n<p>Guds Budskab for verden m\u00e5 sl\u00e5 alarm og give forberedelsen p\u00e5 en ny verdens-virkelighed. Det er en tid og en t\u00e6rskel, der vil kr\u00e6ve, at mange vil h\u00e6ve sig over deres selvoptagne liv, over deres personlige elendighed og forvirring, for at tjene en verden i fare.<\/p>\n<p>Det er en af grundene til, at der finder en Intervention fra universet sted, udefra, for de, der v\u00e6rds\u00e6tter denne verden for deres egen skyld, erkender, hvad der finder sted. De har testet verdens atmosf\u00e6re. De forst\u00e5r, hvad menneskene har gjort for at forurene sin luft, sine vande og sine jorde. For det er sket utallige gange i universet. Der er det velkendt. S\u00e5 nu er der et kapl\u00f8b om at f\u00e5 kontrol over verden, om at bevare den til de udefrakommendes brug. De er direkte forbundet med dette, ser du.<\/p>\n<p>Det er en global n\u00f8dsituation p\u00e5 en skala, I endnu ikke har erkendt. Den har kraften til at \u00f8del\u00e6gge den menneskelige civilisation. Den har kraften til at generere intervention udefra. Den har kraften til at skabe kaos her p\u00e5 et niveau aldrig f\u00f8r set.<\/p>\n<p>Du vil nu v\u00e6re n\u00f8dt til at f\u00f8lge en indre styrke i dig selv, for der vil i stigende grad v\u00e6re sp\u00e6ndinger overalt omkring dig og sp\u00e6ndinger over hele verden, idet menneskelige f\u00e6llesskaber belastes til bristepunktet; idet gamle fjendskaber nu begynder at flyde over og opsluge nationer og regioner; idet konkurrencen om de resterende ressourcer bliver voldsom og farlig og skaber konflikter og tilspidsede situationer p\u00e5 en skala aldrig f\u00f8r set.<\/p>\n<p>For nogle vil det ligne verdens ende, en opfyldelse af en \u00e6ldgammel profeti, som var det alt sammen Guds v\u00e6rk. Men Gud er ikke forfatter til den globale n\u00f8dsituation. Gud er vidne. Den er resultatet af menneskenes ignorance, selviskhed, kortsynethed og manglende forst\u00e5else af fremtiden og af konsekvenserne af sine handlinger.<\/p>\n<p>Gud m\u00e5 nu advare den menneskelige familie, om den store fare, den har skabt, om den store katastrofe, den har sat i gang. For nu, i denne tid, kan menneskene forberede sig og mildne konsekvenserne af sine handlinger.<\/p>\n<p>Hvis ikke det lykkes den at g\u00f8re det, vil menneskelig civilisation v\u00e6re i fare \u2013 overalt, i alle lande. \u00d8konomier vil g\u00e5 konkurs. Millioner af mennesker vil st\u00e5 uden arbejde. Millioner af mennesker vil v\u00e6re n\u00f8dt til at forlade deres hjemlande, golde og ubeboelige som de er blevet.<\/p>\n<p>Det er derfor, at Guds Nye \u00c5benbaring for verden m\u00e5 lyde denne alarm, m\u00e5 give denne advarsel. I har forandret verdens klima. Nu forandrer det sig af sig selv. Det vil forts\u00e6tte med at forandre sig. Det vil skabe t\u00f8rke og oversv\u00f8mmelser og tab. Det vil \u00f8del\u00e6gge \u00f8konomierne i lande, der bliver n\u00f8dt til at tage sig af konsekvenserne og begivenhederne \u2013 disse katastrofer, der nu vil v\u00e6re stadigt hyppigere og stadigt mere \u00f8del\u00e6ggende.<\/p>\n<p>Det er en tid, hvor menneskene bliver n\u00f8dt til at st\u00e5 sammen, for at beskytte verden og for at redde sig selv. Gud er her og giver jer Advarslen, Velsignelsen og Forberedelsen, s\u00e5 I kan redde jer selv, redde jeres lande, redde jeres familier og jeres f\u00e6llesskaber, redde den menneskelige civilisation.<\/p>\n<p>I har ikke r\u00e5d til at synke ned i kaos, for det ville opbruge resten af verdens ressourcer og efterlade jer i en grad af forarmelse, I ikke kan forestille jer.<\/p>\n<p>Den Englelige Forsamling, der f\u00f8rer tilsyn med denne verden, har set dette komme. Og det n\u00e6rmer sig s\u00e5 hurtigt nu, accelererer af sig selv og bliver yderligere accelereret af menneskenes fortsatte forurening af luften, vandene og jordene \u2013 og s\u00e6tter kr\u00e6fter i bev\u00e6gelse, I ikke engang fuldtud forst\u00e5r; s\u00e6tter forandrings og omv\u00e6ltningskr\u00e6fter i bev\u00e6gelse, der vil arbejde imod jer og nu vil true jer.<\/p>\n<p>Det er et kapl\u00f8b om at redde den menneskelige civilisation. Det er et l\u00f8b, der m\u00e5 l\u00f8bes. Det er et kald p\u00e5 menneskeligt samarbejde og sammenhold, for at se en virkelighed i \u00f8jnene, der aldrig f\u00f8r er set her p\u00e5 Jorden i tiden for menneskelig civilisation.<\/p>\n<p>Gud ved, hvad der kommer. Forsamlingen ved, hvad der kommer, hvis menneskeheden ikke forbereder sig. For dette er sket utallige gange i universet, hvor sj\u00e6ldne og smukke verdener som denne \u00f8del\u00e6gges og ruineres af deres oprindelige befolknings ignorance, udnyttes og udplyndres og forurenes i s\u00e5dan en grad, at det naturlige milj\u00f8 begynder at bryde sammen.<\/p>\n<p>I har ikke r\u00e5d til dette. I m\u00e5 forst\u00e5 dette. I m\u00e5 se dette i \u00f8jnene. I m\u00e5 have modet, \u00e6rligheden og ydmygheden til at se dette i \u00f8jnene. Kun en stor fare, kun en stor modgang, kun en stor anledning for menneskeligt sammenhold og samarbejde, nu f\u00f8dt af n\u00f8dvendighed, ville kr\u00e6ve at Gud atter taler til verden.<\/p>\n<p>Det er sent. Menneskene har udsat det alt for l\u00e6nge. Det er en krise, der er forudset af de forudseende og velinformerede. Tro ikke, at der er andre problemer, som menneskene har, der kan konkurrere med det, Vi siger her i dag. Tro ikke, at der er et andet stort behov eller krav, som overg\u00e5r det, Vi taler om her i dag. Det er en stor advarsel. Den er over jer.<\/p>\n<p>Verdens kystn\u00e6re byer og havne kan v\u00e6re oversv\u00f8mmede om 30 \u00e5r. Jordene vil t\u00f8rre ud. H\u00f8sten vil sl\u00e5 fejl. Der vil v\u00e6re folkevandringer p\u00e5 en skala, der aldrig f\u00f8r er set, hvor stor modgang og store konflikter opst\u00e5r. Det vil v\u00e6re overv\u00e6ldende, hvis menneskene ikke forbereder sig.<\/p>\n<p>Det er det allervigtigste i verden. Det vil kr\u00e6ve alle de ressourcer, I har, alle jeres talenter, f\u00e6rdigheder og al jeres samarbejde at k\u00e6mpe med dette og sikre jeres fremtid i en verden, der nu er forandret og gjort vanskeligere og mere farlig. Det vil kr\u00e6ve den st\u00f8rste menneskelige indsats i verdens historie.<\/p>\n<p>Men menneskeheden m\u00e5 forene sig. Den m\u00e5 indstille sine endel\u00f8se konflikter og sin destruktive konkurrence, for nu at samarbejde, ellers vil lande g\u00e5 ned som dominobrikker. Og disses kriser vil v\u00e6re s\u00e5 overv\u00e6ldende, at det vil overg\u00e5 jeres kapacitet til at tage jer af dem i fremtiden, hvis I ikke kan og ikke vil forberede jer. Vi har talt om dette gentagne gange, men krisen vokser. Den eskalerer.<\/p>\n<p>Gud elsker menneskeheden, ellers ville Gud se den anden vej og lade jeres handlingers bitre frugt konfrontere jer og overmande jer. Men Gud elsker denne verden og s\u00f8ger at g\u00f8re den til en fri og avancerende nation i universet, hvor frihed er sj\u00e6lden og hvor verdener, som denne, er sj\u00e6ldne og s\u00e5 vanskelige at finde.<\/p>\n<p>Racer udefra verden har st\u00e5et i disse situationer. Disse situationer er velkendte, og derfor interveneres der med s\u00e5dan m\u00e5lrettethed, uden brug af magt. De f\u00e5 nationer, der er engagerede i dette, vil ikke forringe verden yderligere gennem konflikter. De f\u00e6ster deres lid til menneskeligt arbejde og samarbejde, for med succes at f\u00e5 kontrol her. De \u00f8nsker ikke at tilintetg\u00f8re menneskene, men at bruge dem med deres egne form\u00e5l for \u00f8je. Og da erobring ikke er tilladt i denne del af universet, m\u00e5 andre midler s\u00f8ges: bedrag og overtalelse \u2013 langt st\u00e6rkere v\u00e5ben, end I erkender.<\/p>\n<p>Mennesker er selvoptagede. De er selvbesatte. De rige er fanget i et net af gr\u00e5dighed, forvirring og skuffelse. De fattige k\u00e6mper for at overleve med stadig st\u00f8rre vanskelighed. Regeringer er forpligtede til at bevare en virkelighed, der kun kan forringe verden yderligere.<\/p>\n<p>Tro ikke, at det vil v\u00e6re let. Tro ikke, at det kun vil kr\u00e6ve nogle f\u00e5 \u00e6ndringer at \u00e6ndre den kurs, som menneskene nu befinder sig p\u00e5. Tro ikke, at der er nemme og element\u00e6re l\u00f8sninger. Der er brug for tusinde l\u00f8sninger, og I har kun nogle f\u00e5. I m\u00e5 finde de andre, og det vil kr\u00e6ve stor menneskelig indsats og samarbejde at g\u00f8re det muligt at finde disse.<\/p>\n<p>I lever i en global n\u00f8dsituation. Tro ikke, at den ikke vil p\u00e5virke dig og dit liv dybt og fuldkomment. Den kan ruinere jeres \u00f8konomier. Den kan f\u00f8re til masse-sult og d\u00f8d. Den kan f\u00f8re til krig, vedvarende krig, i et omfang, der aldrig f\u00f8r er set her. Den kan skabe katastrofer, der er s\u00e5 voldsomme og kontinuerlige, som om naturen slog ud imod menneskeheden, der nu er truet af det, den [menneskeheden] har skabt \u2013 den verden, den har skabt, den forandring, den har skabt, den \u00f8del\u00e6ggelse, den har skabt \u2013 som den har forvoldt andet liv og nu sig selv.<\/p>\n<p>Dette er en opfordring til alle lande, til alle religioner. Gud har s\u00f8rget for den dybe indre forberedelse, der m\u00e5 finde sted, hvis menneskeheden skal have modet, beslutsomheden og visionen til at se det, der m\u00e5 g\u00f8res, til at iv\u00e6rks\u00e6tte de handlinger, der er n\u00f8dvendige og opbygge det samarbejde, der m\u00e5 skabes.<\/p>\n<p>Det er ikke nok bare at fokusere p\u00e5 at standse fattigdom, eller at f\u00e5 mere retf\u00e6rdighed, hvor der s\u00e5 mange steder er behov for det. Det er ikke nok bare at bruge verden mere klogt. Det er ikke nok alene at standse forurening.<\/p>\n<p>I bliver n\u00f8dt til at afk\u00f8le planeten \u2013 en opgave, der langt overg\u00e5r det, der nogensinde er pr\u00e6steret, men som stadig er opn\u00e5eligt. Men det vil kr\u00e6ve en radikal omfordeling af ressourcer, en omdirigering af menneskelig vilje og form\u00e5l, en stor udnyttelse af al menneskehedens videnskab og alle dens evner.<\/p>\n<p>I bliver n\u00f8dt til at afk\u00f8le planeten. Det vil \u00e6ndre p\u00e5 alt det, menneskeheden foretager sig lige nu. I bliver n\u00f8dt til at genplante skovene og genoprette jordbunden og rense floderne. Folk bliver n\u00f8dt til at leve meget enkelt, for al verdens rigdom vil blive brugt p\u00e5 dette.<\/p>\n<p>Der er ingen steder for de velhavende at gemme sig. Reelt er der ingen isolation for de privilegerede; for alt det, de har, vil blive truet af de ting, Vi taler om i dag.<\/p>\n<p>Det er Guds Store K\u00e6rlighed, der bringer jer denne advarsel. Tro ikke, at den er overdrevet p\u00e5 nogen m\u00e5de, for Vi fort\u00e6ller jer ikke engang alt. Og Vi fort\u00e6ller jer ikke alt, fordi I endnu ikke har kapaciteten, modet og beslutsomheden til at h\u00f8re det og se det i \u00f8jnene.<\/p>\n<p>Mange vil ignorere det, Vi fort\u00e6ller jer. Mange vil ikke reagere. Og de vil blive skyllet v\u00e6k, n\u00e5r De Store B\u00f8lger rammer \u2013 intetanende, uforberedte \u2013 for de s\u00e5 dem ikke komme, og de ville ikke agte advarslen og de ville ikke anerkende tegnene.<\/p>\n<p>\u00c6ndr dit liv. Forenkl dit liv. Brug s\u00e5 lidt af verdens ressourcer, du kan. Arbejd sammen. Tilgiv. Vid, hvad der foreg\u00e5r i din verden. Se de store kriser, der er p\u00e5 vej over horisonten. Se med objektive og \u00e6rlige \u00f8jne og med alt det mod, du kan opbyde.<\/p>\n<p>Gud har givet dig den store styrke og beslutsomhed til at vokse med opgaven \u2013 den st\u00f8rste begivenhed i menneskets historie, en begivenhed, der vil afg\u00f8re alle menneskers fremtid, og jeres b\u00f8rns og kommende generationers fremtid. Gud har givet dig kraften og beslutsomheden p\u00e5 Kundskabens plan, den Kundskab, der lever i dig under dit sinds overflade, under dit intellekt og alle dets optagetheder og klager.<\/p>\n<p>Det er p\u00e5 dette niveau mennesker m\u00e5 anspores, ellers vil de ikke have modet og beslutsomheden, tapperheden og \u00e6rligheden eller medf\u00f8lelsen til at st\u00e5 ansigt til ansigt med noget af denne st\u00f8rrelsesorden. Og det er derfor, Gud giver dig n\u00f8glen, den hemmelige ingrediens, den ene ting, der vil g\u00f8re hele forskellen \u2013 hele forskellen i dit liv som individ, og hele forskellen i menneskehedens liv som helhed. For Gud har lagt en dybere Kundskab i dig, og den er ikke korrumperet eller forurenet af verden og alle dens illusioner og tragedier, dens elendighed og dens nedgang.<\/p>\n<p>Gud har givet dig den styrke, du f\u00e5r brug for, og der s\u00f8rges for den i Guds Nye \u00c5benbaring for verden, m\u00e5ske den vigtigste \u00c5benbaring nogensinde givet \u2013 givet nu for at redde menneskeheden fra sig selv; givet nu for at redde den menneskelige civilisation; givet nu for at forl\u00f8se alle, der kan reagere p\u00e5 den; givet nu med stor uops\u00e6ttelighed, stor advarsel, men ogs\u00e5 med Skaberens store Velsignelse. For Gud \u00f8nsker ikke at se jer fejle i den time, hvor I har allermest brug for det.<\/p>\n<p>Tr\u00e6k dig ikke tilbage til dit lille frygtsomme liv. Tr\u00e6d ikke tilbage i skyggerne. Besk\u00e6ftig dig ikke med sm\u00e5ting eller fjollede romancer, der ingen steder f\u00f8rer hen i en omskiftelig verden.<\/p>\n<p>Dette er en opfordring til at rejse sig til den st\u00f8rste anledning i historien. Det er et n\u00f8dens kald s\u00e5 stort og s\u00e5 omfattende, [at] forstod du det kun delvist, ville det fuldkomment \u00e6ndre dine prioriteter, dine handlinger og dine intentioner.<\/p>\n<p>De Store B\u00f8lger af forandring vil afsl\u00f8re menneskelig korruption, menneskelige vrangforestillinger, menneskelig ignorance og menneskelig dumhed. Men de har ogs\u00e5 magten til at generere en kraft s\u00e5 st\u00e6rk, at menneskenes st\u00f8rre styrke, st\u00f8rre form\u00e5l og st\u00f8rre begavelse fra Gud kan aktiveres og bringes i stor tjeneste til verden.<\/p>\n<p>Men for at se l\u00f8sningen, m\u00e5 du se udfordringen. Du m\u00e5 se den globale n\u00f8dsituation. Og du m\u00e5 v\u00e6re en del af den, for du er en del af den. Du m\u00e5 finde din plads og din rolle. Du m\u00e5 v\u00e6re forberedt gennem \u00c5benbaringen. Du m\u00e5 f\u00e5 \u00f8jnene at se med og \u00f8rerne at h\u00f8re med. Hvis du kan det, vil din personlige rolle langsomt begynde at vise sig, samtidigt med at du f\u00e5r dit liv bragt i orden og f\u00e5r det syn, der er n\u00f8dvendigt, for at se, hvad der foreg\u00e5r i din verden og i dit liv.<\/p>\n<p>S\u00f8g ikke \u00e5ndelig oplysning. Fors\u00f8g ikke at flygte, for der er ingen flugt. Der er kun bidrag og samarbejde, eller fiasko og katastrofe.<\/p>\n<p>Lad dette v\u00e6re din forst\u00e5else.<\/p>\n","protected":false},"excerpt":{"rendered":"<p>Menneskeheden st\u00e5r p\u00e5 t\u00e6rsklen til store globale forandringer, globale forandringer p\u00e5 en skala aldrig f\u00f8r set, nu for\u00e5rsaget af menneskenes misbrug og overforbrug af verden, af menneskenes ignorance og af menneskenes gr\u00e5dighed. Det er en tilstand, der nu vil p\u00e5virke alle menneskers liv. Sk\u00f8nt kun f\u00e5 endnu er klar over det, er dette en global\u2026 <a class=\"read-more\" href=\"https:\/\/www.v6.newmessage.org\/da\/about-recording-shortcode\/\"><span>Read More<\/span><\/a><\/p>\n","protected":false},"author":22,"featured_media":0,"parent":16482,"menu_order":0,"comment_status":"closed","ping_status":"closed","template":"template-leftsidebar.php","meta":{"_monsterinsights_skip_tracking":false,"_monsterinsights_sitenote_active":false,"_monsterinsights_sitenote_note":"","_monsterinsights_sitenote_category":0,"footnotes":""},"categories":[76,30,463,460],"tags":[615],"_links":{"self":[{"href":"https:\/\/www.v6.newmessage.org\/da\/wp-json\/wp\/v2\/pages\/27100"}],"collection":[{"href":"https:\/\/www.v6.newmessage.org\/da\/wp-json\/wp\/v2\/pages"}],"about":[{"href":"https:\/\/www.v6.newmessage.org\/da\/wp-json\/wp\/v2\/types\/page"}],"author":[{"embeddable":true,"href":"https:\/\/www.v6.newmessage.org\/da\/wp-json\/wp\/v2\/users\/22"}],"replies":[{"embeddable":true,"href":"https:\/\/www.v6.newmessage.org\/da\/wp-json\/wp\/v2\/comments?post=27100"}],"version-history":[{"count":4,"href":"https:\/\/www.v6.newmessage.org\/da\/wp-json\/wp\/v2\/pages\/27100\/revisions"}],"predecessor-version":[{"id":28156,"href":"https:\/\/www.v6.newmessage.org\/da\/wp-json\/wp\/v2\/pages\/27100\/revisions\/28156"}],"up":[{"embeddable":true,"href":"https:\/\/www.v6.newmessage.org\/da\/wp-json\/wp\/v2\/pages\/16482"}],"wp:attachment":[{"href":"https:\/\/www.v6.newmessage.org\/da\/wp-json\/wp\/v2\/media?parent=27100"}],"wp:term":[{"taxonomy":"category","embeddable":true,"href":"https:\/\/www.v6.newmessage.org\/da\/wp-json\/wp\/v2\/categories?post=27100"},{"taxonomy":"post_tag","embeddable":true,"href":"https:\/\/www.v6.newmessage.org\/da\/wp-json\/wp\/v2\/tags?post=27100"}],"curies":[{"name":"wp","href":"https:\/\/api.w.org\/{rel}","templated":true}]}}