{"id":27062,"date":"2017-01-30T04:01:26","date_gmt":"2017-01-30T04:01:26","guid":{"rendered":"http:\/\/www.newmessage.org\/da\/?page_id=27062"},"modified":"2017-05-06T16:29:42","modified_gmt":"2017-05-06T16:29:42","slug":"introduktion-det-nye-budskab","status":"publish","type":"page","link":"https:\/\/www.v6.newmessage.org\/da\/introduktion-det-nye-budskab\/","title":{"rendered":"Introduktion til Det Nye Budskab"},"content":{"rendered":"<p><a href=\"\/wp-content\/uploads\/2014\/08\/God-has-spoken-again-1.jpg\"><img loading=\"lazy\" decoding=\"async\" class=\"imgborder alignright\" src=\"\/wp-content\/uploads\/2014\/08\/God-has-spoken-again-1-400x600.jpg\" alt=\"God Has Spoken Again. The Word and the Sound are in the world.\" width=\"330\" height=\"495\" \/><\/a><\/p>\n<h3 style=\"text-align: center;\">Om Det Nye Budskab<\/h3>\n<p><span id=\"yui_3_16_0_ym19_1_1466925125771_17812\">Velkommen til Det Nye Budskab fra Gud. Du er bem\u00e6rkelsesv\u00e6rdigt, p\u00e5 trods af tid og en m\u00e5ske lang og mystisk rejse i livet, ankommet her. Du har fundet Det Nye Budskab fra Gud, eller m\u00e5ske har det fundet dig. Det er ikke et tilf\u00e6lde, at det er s\u00e5dan.<br id=\"yui_3_16_0_ym19_1_1466925125771_17815\" \/><br id=\"yui_3_16_0_ym19_1_1466925125771_17816\" \/>Gud har talt igen. Der er et Nyt Budskab fra Gud i verden. Dette er Guds k\u00e6rligheds og kommunikations mirakel for menneskeheden, der udspiller sig i vor tid, og du er blandt de f\u00f8rste til at kende til det.<br id=\"yui_3_16_0_ym19_1_1466925125771_17817\" \/><br id=\"yui_3_16_0_ym19_1_1466925125771_17818\" \/>Det Nye Budskab fra Gud er en \u00e6gte kommunikation fra Gud til alle mennesker i verden. Det er en kommunikationens gave og en \u00e5benbaring for mennesker i alle nationer og trosretninger, nu givet til en kultiveret verden, med global kommunikation og voksende global bevidsthed.<br id=\"yui_3_16_0_ym19_1_1466925125771_17819\" \/><br id=\"yui_3_16_0_ym19_1_1466925125771_17820\" \/>Det Nye Budskab er ikke til en stamme, en nation eller \u00e9n gruppe af troende alene. Det er Guds kommunikation til hele verden.<br id=\"yui_3_16_0_ym19_1_1466925125771_17821\" \/><br id=\"yui_3_16_0_ym19_1_1466925125771_17822\" \/>Denne kommunikation har magten til at t\u00e6nde menneskehedens \u00e5ndelige hjerte, at lyde Guds kald om forening mellem verdens nationer og religioner og at forberede menneskeheden p\u00e5 en radikalt anderledes verden og p\u00e5 dens sk\u00e6bne i et st\u00f8rre univers af intelligent liv.<br id=\"yui_3_16_0_ym19_1_1466925125771_17823\" \/><br id=\"yui_3_16_0_ym19_1_1466925125771_17824\" \/>Det Nye Budskab blev leveret over en periode p\u00e5 mere end 34 \u00e5r, til manden Marshall Vian Summers. Han har g\u00e5et en lang og besv\u00e6rlig rejse for at tage imod Guds Nye Budskab og bringe det til dig og til alle, der kan tage imod det. Han er en ydmyg mand, sendt til verden med dette form\u00e5l, at v\u00e6re Budbringer for Det Nye Budskab fra Gud.<\/span><\/p>\n<h3 style=\"text-align: center;\"><span id=\"yui_3_16_0_ym19_1_1466925125771_17812\">Hvorfor Dig?<\/span><\/h3>\n<p><span id=\"yui_3_16_0_ym19_1_1466925125771_17812\">Hvorfor er du her? Hvorfor fandt du Det Nye Budskab fra Gud? Det kan forekomme at v\u00e6re et mysterium, eller bare en vilk\u00e5rlig chance. Men faktisk er der en grund til, at du har fundet Det Nye Budskab p\u00e5 dette tidspunkt.<br id=\"yui_3_16_0_ym19_1_1466925125771_17828\" \/><br id=\"yui_3_16_0_ym19_1_1466925125771_17829\" \/>For Gud kalder over hele verden, for at mange mennesker m\u00e5 v\u00e5gne og forberede sig p\u00e5 et nyt og st\u00f8rre liv &#8211; et liv med form\u00e5l, forhold og bidrag til en verden i n\u00f8d. Gud og Den Englelige Forsamling kalder, for at mange mennesker m\u00e5 opdage deres h\u00f8jere form\u00e5l, og tjene menneskeheden nu og i de vanskelige tider forude.<br id=\"yui_3_16_0_ym19_1_1466925125771_17830\" \/><br id=\"yui_3_16_0_ym19_1_1466925125771_17831\" \/>Er du en af disse mennesker? F\u00f8ler du, at dit liv har et st\u00f8rre form\u00e5l og en st\u00f8rre sk\u00e6bne, der g\u00e5r hinsides din verdslige situation? F\u00f8ler du, at der er andre, du m\u00e5 finde, hvis form\u00e5l og sk\u00e6bne er forbundet med dit form\u00e5l og din sk\u00e6bne? Fornemmer du, at verden har kurs mod en vanskelig fremtid, og at du m\u00e5 finde ud af, hvad det indeb\u00e6rer, og hvordan du kan forberede dig?<br id=\"yui_3_16_0_ym19_1_1466925125771_17832\" \/><br id=\"yui_3_16_0_ym19_1_1466925125771_17833\" \/>Hvis ja, kan din opdagelse af Det Nye Budskab v\u00e6re et rendezvous med sk\u00e6bnen. For Det Nye Budskab giver et svar p\u00e5 disse sp\u00f8rgsm\u00e5l og s\u00e5 meget mere.<br id=\"yui_3_16_0_ym19_1_1466925125771_17834\" \/><br id=\"yui_3_16_0_ym19_1_1466925125771_17835\" \/>Det Nye Budskab giver en sikker m\u00e5de at udvikle Kundskab p\u00e5, den dybere intelligens, der lever i dig, der alene kan afsl\u00f8re dit h\u00f8jere form\u00e5l og sk\u00e6bnebestemte forhold i verden.<\/span><\/p>\n<h3 style=\"text-align: center;\"><span id=\"yui_3_16_0_ym19_1_1466925125771_17812\">Hvorfor Nu?<\/span><\/h3>\n<div id=\"yui_3_16_0_ym19_1_1466925125771_18321\" dir=\"ltr\"><span id=\"yui_3_16_0_ym19_1_1466925125771_17812\">Bem\u00e6rkelsesv\u00e6rdigt lever du p\u00e5 en tid for et stort vendepunkt i menneskehedens historie. Det er en tid med hidtil usete forandringer, udfordringer og muligheder, som mennesker overalt nu st\u00e5r overfor.<br id=\"yui_3_16_0_ym19_1_1466925125771_17839\" \/><br id=\"yui_3_16_0_ym19_1_1466925125771_17840\" \/>Aldrig f\u00f8r har risikoen for krig, religi\u00f8se konflikter, katastrofale klimaforandringer og menneskelig lidelse v\u00e6ret st\u00f8rre. Og dog har der p\u00e5 intet andet tidspunkt v\u00e6ret en st\u00f8rre anledning til verdenssammenhold og til globalt samarbejde.<br id=\"yui_3_16_0_ym19_1_1466925125771_17841\" \/><br id=\"yui_3_16_0_ym19_1_1466925125771_17842\" \/>Uanset, hvor du er f\u00f8dt, hvordan du er vokset op, og hvordan dine nuv\u00e6rende omst\u00e6ndigheder er, er du en del af dette afg\u00f8rende kapitel i historien. Det Nye Budskab l\u00e6rer os, at vi hver is\u00e6r har valgt at komme ind i verden p\u00e5 dette tidspunkt, for at tjene og yde vort bidrag til en k\u00e6mpende menneskehed, for at holde liv i den \u00e5ndelige ild i hjertet af mennesker, og bringe n\u00e5dens og visdommens gave fra vort \u00c6ldgamle Hjem, for at tjene verden, netop som den st\u00e5r overfor dens st\u00f8rste pr\u00f8velser. Overvej dette for dig selv: er det grunden til, at du er her?<br id=\"yui_3_16_0_ym19_1_1466925125771_17843\" \/><br id=\"yui_3_16_0_ym19_1_1466925125771_17844\" \/>De kommende \u00e5rtier vil afg\u00f8re menneskehedens sk\u00e6bne. Det er hver persons handlinger og beslutninger, b\u00e5de nu og i de kommende \u00e5r, der vil afg\u00f8re den menneskelige families sk\u00e6bne og fremtid. I de kommende \u00e5r, vil menneskeheden enten v\u00e6lge en ny samh\u00f8righedens og samarbejdets vej fremad, eller en fremtid med varige konflikter og nedgang. Fordi vi st\u00e5r ved denne store t\u00e6rskel, har Gud talt igen.<br id=\"yui_3_16_0_ym19_1_1466925125771_17845\" \/><\/span><\/div>\n<div id=\"yui_3_16_0_ym19_1_1466925125771_18401\" dir=\"ltr\"><\/div>\n<h3 style=\"text-align: center;\"><span id=\"yui_3_16_0_ym19_1_1466925125771_17812\">Hvorfor et Nyt Budskab?<\/span><\/h3>\n<p><span id=\"yui_3_16_0_ym19_1_1466925125771_17812\">Det Nye Budskab fra Gud er kommet p\u00e5 grund af fire grundl\u00e6ggende kriser, der nu opst\u00e5r i verden:<\/span><\/p>\n<ol>\n<li style=\"list-style-type: none;\">\n<ol>\n<li><span id=\"yui_3_16_0_ym19_1_1466925125771_17812\">Store B\u00f8lger af milj\u00f8m\u00e6ssige, sociale og \u00f8konomiske forandringer og omv\u00e6ltninger, konvergerer nu over menneskeheden, og bringer risikoen for krig og menneskelig lidelse med sig p\u00e5 en skala aldrig set f\u00f8r. Menneskeheden har skabt en global katastrofe, der har styrken til at \u00e6ndre den verden, vi kender. Vi er uforberedte p\u00e5 dette. Gennem Det Nye Budskab, giver Gud en ny vej frem for menneskeheden, og en m\u00e5de at forberede sig p\u00e5 i det indre og det ydre, som hver enkelt kan p\u00e5tage sig.<\/span><\/li>\n<li><span id=\"yui_3_16_0_ym19_1_1466925125771_17812\"> Menneskeheden er ved at dukke op i et St\u00f8rre F\u00e6llesskab af intelligent liv i universet. Kontakt er begyndt af dem, der s\u00f8ger at drage fordel af en svag og splittet menneskehed. Det er menneskeheden uforberedt p\u00e5. For f\u00f8rste gang, afsl\u00f8rer Gud denne kontakts sande natur, og med den, virkeligheden og spiritualiteten af liv i universet. Det er den st\u00f8rre sammenh\u00e6ng at forst\u00e5 menneskehedens evolution og sk\u00e6bne i, og hvordan Gud er p\u00e5 arbejde i denne verden og i alle verdener.<\/span><\/li>\n<li><span id=\"yui_3_16_0_ym19_1_1466925125771_17812\"> Verdens religioner er opdelte og konkurrerer med hinanden, endda indenfor religionerne selv. P\u00e5 grund af den stigende konkurrence og flere og flere konflikter, sv\u00e6kker det den menneskelige familie og for\u00e5rsager stor ufred og opsplitning, p\u00e5 et tidspunkt, hvor oparbejdningen af menneskelig samh\u00f8righed er af st\u00f8rste betydning. Det Nye Budskab l\u00e6rer os, at Gud har initieret alle verdens religioner, og at de alle er blevet \u00e6ndret af mennesket.<\/span><\/li>\n<li><span id=\"yui_3_16_0_ym19_1_1466925125771_17812\">En stor indre fattigdom opleves af mennesker overalt i lande, rige som fattige, en afbrudt forbindelse til en f\u00f8lelse af st\u00f8rre mening, forhold og retning i livet. Folk, rundt omkring i verden, lever og lider under en dyb \u00e5ndelig l\u00e6ngsel. Gud har besvaret denne n\u00f8d og l\u00e6ngsel, ved at v\u00e6kke Kundskabens \u00e5ndelige kraft i hver person, der kan besvare. Kundskab er vor Gud-forbindelse. Det vil v\u00e6re enkeltpersoner, styret af denne Kundskab, der vil g\u00f8re hele forskellen med hensyn til at afg\u00f8re vores verdens sk\u00e6bne og fremtid.<\/span><\/li>\n<\/ol>\n<\/li>\n<\/ol>\n<p><span id=\"yui_3_16_0_ym19_1_1466925125771_17812\">Som et resultat af disse fire kriser, har Gud talt til verden igen med en advarsel, en velsignelse og en forberedelse til alle menneskehedens nationer, stammer og religioner.<\/span><\/p>\n<h3 style=\"text-align: center;\"><span id=\"yui_3_16_0_ym19_1_1466925125771_17812\">Vores Sk\u00e6bne<\/span><\/h3>\n<div id=\"yui_3_16_0_ym19_1_1466925125771_18511\" dir=\"ltr\"><span id=\"yui_3_16_0_ym19_1_1466925125771_17812\">Det Nye Budskab afsl\u00f8rer, at menneskeheden har en st\u00f8rre sk\u00e6bne som en fri og samh\u00f8rig race i vor verden og i Det St\u00f8rre F\u00e6llesskab af liv i universet. Menneskeheden har magt til at l\u00f8se konflikter og genoprette Jordens milj\u00f8, for at v\u00e6re dens varige hjem i fremtiden. Menneskeheden har store \u00e5ndelige gaver og evner, der m\u00e5 beskyttes, kaldes frem og dyrkes over hele verden. Det er denne store anledning og store n\u00f8dvendighed, der ligger foran os nu.<br id=\"yui_3_16_0_ym19_1_1466925125771_17858\" \/><br id=\"yui_3_16_0_ym19_1_1466925125771_17859\" \/>Men, hvordan kan det g\u00f8res? Hvordan kan menneskeheden tr\u00e6de tilbage fra den hensynsl\u00f8se og katastrofale kurs, den i \u00f8jeblikket er p\u00e5? N\u00e5r De Store B\u00f8lger af milj\u00f8m\u00e6ssige, politiske og \u00f8konomiske forandringer truer interesser for en selv og den personlige sikkerhed, g\u00e6ldende for alle mennesker, hvad kan da inspirere og indgyde en st\u00f8rre motivation og inspiration i den menneskelige familie?<br id=\"yui_3_16_0_ym19_1_1466925125771_17860\" \/><br id=\"yui_3_16_0_ym19_1_1466925125771_17861\" \/>I sidste ende er det Kundskab, den dybere \u00e5ndelige magt i alle mennesker, der kan inspirere til de n\u00f8dvendige handlinger og motivationer, for hver enkelt person at finde vedkommendes h\u00f8jere form\u00e5l i livet, og i sidste ende, for menneskeheden at v\u00e6lge samh\u00f8righed og samarbejde frem for konkurrence, opsplitning og krig.<br id=\"yui_3_16_0_ym19_1_1466925125771_17862\" \/><br id=\"yui_3_16_0_ym19_1_1466925125771_17863\" \/>Gud har leveret en Ny \u00c5benbaring for at v\u00e6kke denne \u00e5ndelige magt i alle mennesker og inspirere til en st\u00f8rre vision og evne til at opbygge en langt bedre fremtid end vor fortid. Her arbejder Gud gennem enkeltpersoner fra alle nationer og trosretninger, i alle situationer, arbejder indefra og ud.<\/span><\/div>\n<div id=\"yui_3_16_0_ym19_1_1466925125771_17877\" dir=\"ltr\"><\/div>\n<div id=\"yui_3_16_0_ym19_1_1466925125771_17879\" dir=\"ltr\"><span id=\"yui_3_16_0_ym19_1_1466925125771_17812\">Stor hj\u00e6lp gives nu til verden af Gud og af Den Englelige Forsamling, der overs\u00e6tter Guds vilje til menneskeligt sprog og menneskelig forst\u00e5else. Hj\u00e6lpen er kommet. Gud har talt igen. Der er en ny vej frem for dig og for hele verden.<\/span><\/div>\n<p><!-- \n\n<h3 style=\"text-align: center;\"><span id=\"yui_3_16_0_ym19_1_1466925125771_17812\">Hvor Begynder Man?<\/span><\/h3>\n\n\n<span id=\"yui_3_16_0_ym19_1_1466925125771_17812\">Du har fundet Det Nye Budskab fra Gud, men hvad betyder det? Hvad g\u00f8r du nu? Tag dig tid til at v\u00e6re sammen med vigtigheden af denne opdagelse og overvej de n\u00e6ste trin, du kan tage:<\/span>\n\n<span style=\"line-height: 1.5;\">[one_fourth]<\/span>\n\n<span style=\"line-height: 1.5;\">[button type=\"simple_button_link\" url=\"\/the-message\/volume-1\/god-spoken-again\/the-proclamation\" target=\"\" button_color_fon=\"#363636\" ]Read and Hear the Voice of Revelation[\/button]<\/span>\n\nRead <a href=\"\/the-message\/volume-1\/god-spoken-again\/the-proclamation\">The Proclamation<\/a> and then hear the original revelations of the New Message:\n<a href=\"\/the-message\/volume-1\/god-spoken-again\/the-recitation\">The Recitation<\/a>\n<a href=\"\/the-message\/volume-1\/god-spoken-again\/the-engagement\">The Engagement<\/a>\n<a href=\"\/the-message\/volume-1\/god-spoken-again\/the-initiation\">The Initiation<\/a>\n[\/one_fourth]\n\n[one_fourth][button type=\"simple_button_link\" url=\"\/introduction-new-message\/faq\" target=\"\" button_color_font=\"#363636\" ]Read answers to frequently asked questions[\/button]\n\nRead answers to common questions about the New Message from God, what it is, why it's here and how it was received.\n[\/one_fourth]\n\n[one_fourth] [button type=\"simple_button_link\" url=\"\/the-message\/volume-1\/new-messenger\/the-story-of-the-messenger\" target=\"\" button_color_font=\"#363636\" ]Read the Story of the Messenger[\/button]\n\nMarshall Vian Summers has given the past 30 years of his life to receiving the New Message from God. Read <a href=\"\/the-message\/volume-1\/new-messenger\/the-story-of-the-messenger\">the Messenger's story<\/a> and learn more about the man responsible for bringing the New Message to Earth.\n\n[\/one_fourth]\n\n[one_fourth last=last] [button type=\"simple_button_link\" url=\"\/gods-messenger\/the-messenger-speaks\" target=\"\" button_color_font=\"#363636\" ]Hear the Messenger speak[\/button]\n\nThe Messenger is alive in the world today. Periodically he steps forward with a message for the world and for the students of the New Message. <a href=\"\/gods-messenger\/the-messenger-speaks\">Hear the Messenger's Broadcast.<\/a>\n\n&amp;nbsp;\n\n[\/one_fourth]\n\n[one_fourth] [button type=\"simple_button_link\" url=\"\/the-message\/volume-3\/steps-knowledge\" target=\"\" button_color_font=\"#363636\" ]Take the Journey in Steps to Knowledge[\/button]\n\nGod has provided the <a href=\"\/the-message\/volume-3\/steps-knowledge\">Steps to Knowledge<\/a> as a pathway each person can take to build this core strength and greater ability in life. The Steps are available to all people free of charge online.\n\n&amp;nbsp;\n\n[\/one_fourth]\n\n[one_fourth] [button type=\"simple_button_link\" url=\"\/free-school\" target=\"\" button_color_font=\"#363636\" ]Join the Free Online School of the New Message[\/button]\n\nJoin <a href=\"\/free-school\">The Free School of the New Message<\/a>, made up of students from over 70 countries who are learning and living the New Message from God. Attend the weekly Campfire chat and the live teaching of the Fireside Broadcast.\n\n&amp;nbsp;\n\n[\/one_fourth]\n\n[one_fourth last=last]\n<a href=\"\/the-message\/\"><em>More...<\/em><\/a>\n[\/one_fourth] --><\/p>\n","protected":false},"excerpt":{"rendered":"<p>Om Det Nye Budskab Velkommen til Det Nye Budskab fra Gud. Du er bem\u00e6rkelsesv\u00e6rdigt, p\u00e5 trods af tid og en m\u00e5ske lang og mystisk rejse i livet, ankommet her. Du har fundet Det Nye Budskab fra Gud, eller m\u00e5ske har det fundet dig. Det er ikke et tilf\u00e6lde, at det er s\u00e5dan.Gud har talt igen.\u2026 <a class=\"read-more\" href=\"https:\/\/www.v6.newmessage.org\/da\/introduktion-det-nye-budskab\/\"><span>Read More<\/span><\/a><\/p>\n","protected":false},"author":22,"featured_media":0,"parent":0,"menu_order":0,"comment_status":"closed","ping_status":"closed","template":"","meta":{"_monsterinsights_skip_tracking":false,"_monsterinsights_sitenote_active":false,"_monsterinsights_sitenote_note":"","_monsterinsights_sitenote_category":0,"footnotes":""},"categories":[],"tags":[611],"_links":{"self":[{"href":"https:\/\/www.v6.newmessage.org\/da\/wp-json\/wp\/v2\/pages\/27062"}],"collection":[{"href":"https:\/\/www.v6.newmessage.org\/da\/wp-json\/wp\/v2\/pages"}],"about":[{"href":"https:\/\/www.v6.newmessage.org\/da\/wp-json\/wp\/v2\/types\/page"}],"author":[{"embeddable":true,"href":"https:\/\/www.v6.newmessage.org\/da\/wp-json\/wp\/v2\/users\/22"}],"replies":[{"embeddable":true,"href":"https:\/\/www.v6.newmessage.org\/da\/wp-json\/wp\/v2\/comments?post=27062"}],"version-history":[{"count":6,"href":"https:\/\/www.v6.newmessage.org\/da\/wp-json\/wp\/v2\/pages\/27062\/revisions"}],"predecessor-version":[{"id":27095,"href":"https:\/\/www.v6.newmessage.org\/da\/wp-json\/wp\/v2\/pages\/27062\/revisions\/27095"}],"wp:attachment":[{"href":"https:\/\/www.v6.newmessage.org\/da\/wp-json\/wp\/v2\/media?parent=27062"}],"wp:term":[{"taxonomy":"category","embeddable":true,"href":"https:\/\/www.v6.newmessage.org\/da\/wp-json\/wp\/v2\/categories?post=27062"},{"taxonomy":"post_tag","embeddable":true,"href":"https:\/\/www.v6.newmessage.org\/da\/wp-json\/wp\/v2\/tags?post=27062"}],"curies":[{"name":"wp","href":"https:\/\/api.w.org\/{rel}","templated":true}]}}