{"id":27056,"date":"2017-01-30T03:30:53","date_gmt":"2017-01-30T03:30:53","guid":{"rendered":"http:\/\/www.newmessage.org\/da\/?page_id=27056"},"modified":"2020-10-11T14:15:13","modified_gmt":"2020-10-11T14:15:13","slug":"proklamationen","status":"publish","type":"page","link":"https:\/\/www.v6.newmessage.org\/da\/budskabet\/bind-1\/gud-har-talt-igen\/proklamationen\/","title":{"rendered":"Proklamationen"},"content":{"rendered":"<div><!-- 4.1 Verse --><\/div>\n\n<div class=\"tabgroup \"><ul class=\"tabs\"><li><a href=\"#tabs-1\">\u00c5benbaring<\/a><\/li>\n<li><a href=\"#tabs-2\">Video<\/a><\/li>\n<li><a href=\"#tabs-3\">Note<\/a><\/li><\/ul>\n <div id=\"tabs-1\"><\/p>\n<p>H\u00f8r den oprindelige version af \u00c5benbaringen p\u00e5 engelsk:<\/p>\n<div id=\"jquery_jplayer_1\" class=\"jp-jplayer\"><\/div>\n\t\t\t\t<div id=\"jp_container_1\" class=\"jp-audio\">\n\t\t\t\t<div class=\"jp-type-single\"><div class=\"jp-control\"><a href=\"javascript:;\" class=\"jp-play\" tabindex=\"1\">play<\/a><a href=\"javascript:;\" class=\"jp-pause\" tabindex=\"1\">pause<\/a><\/div> <div class=\"jp-gui jp-interface\"><div class=\"jp-volume\"><div class=\"jp-volume-bar\"><div class=\"jp-volume-bar-value\"><\/div><\/div><\/div><div class=\"jp-progress\"><div class=\"jp-seek-bar\"><div class=\"jp-play-bar\"><\/div><\/div><\/div><\/div>\t\t\t\t\t<div class=\"jp-no-solution\"><span>Update Required<\/span>To play the media you will need to either update your browser to a recent version or update your <a href=\"http:\/\/get.adobe.com\/flashplayer\/\" target=\"_blank\">Flash plugin<\/a>.<\/div><\/div><\/div>\n\t\t\t<script type='text\/javascript'>\n\t\t\t\tjQuery(document).ready(function() {\n\t\t\t\t\tif (typeof (sermonMedia) == 'function') {\n\t\t\t\t\t\tsermonMedia.addAudio('', \"jquery_jplayer_1\");\n\t\t\t\t\t}\n\t\t\t\t\tjQuery.jPlayer.timeFormat.showHour = true;\n\t\t\t\t\tjQuery(\"#jquery_jplayer_1\").jPlayer({\n\t\t\t\t\t\tready: function(event) {\n\t\t\t\t\t\t\tjQuery(this).jPlayer(\"setMedia\", {mp3: 'https:\/\/newmessage.org\/av\/the-proclamation.mp3'});\n\t\t\t\t\t\t},\n\t\t\t\t\t\tplay: function() {\n\t\t\t\t\t\t\tjQuery(this).jPlayer(\"pauseOthers\");\n\t\t\t\t\t\t},\n\t\t\t\t\t\tswfPath: ThemeData.directory_uri+\"\/swf\",\n\t\t\t\t\t\tsolution: \"html, flash\",\n\t\t\t\t\t\tpreload: \"metadata\",\n\t\t\t\t\t\twmode: \"window\",\n\t\t\t\t\t\tsupplied: \"mp3\",\n\t\t\t\t\t\tcssSelectorAncestor: '#jp_container_1'\n\t\t\t\t\t});\n\t\t\t\t});\n\t\t\t<\/script><\/p>\n<p><a title=\"The Proclamation\" href=\"\/\/www.newmessage.org\/av\/the-proclamation.mp3\">Download<\/a> (h\u00f8jre-klik for at downloade)<\/p>\n<p class=\"revelation_details\"><em><br \/>\nSom \u00e5benbaret for Guds Budbringer<br \/>\nMarshall Vian Summers<br \/>\nden 1. april, 2011<br \/>\ni Boulder, Colorado<\/em><\/p>\n<p><a href=\"https:\/\/www.newmessage.org\/da\/budskabet\/bind-1\/gud-har-talt-igen\/\"><img loading=\"lazy\" decoding=\"async\" width=\"200\" height=\"300\" class=\"aligncenter size-medium wp-image-26846 imgborder\" src=\"https:\/\/www.newmessage.org\/da\/wp-content\/uploads\/sites\/43\/2014\/10\/GHS-Danish-frontcover-6x9-200x300.jpg\" alt=\"GHS Danish frontcover-6x9\" srcset=\"https:\/\/www.v6.newmessage.org\/da\/wp-content\/uploads\/sites\/43\/2014\/10\/GHS-Danish-frontcover-6x9-200x300.jpg 200w, https:\/\/www.v6.newmessage.org\/da\/wp-content\/uploads\/sites\/43\/2014\/10\/GHS-Danish-frontcover-6x9-768x1151.jpg 768w, https:\/\/www.v6.newmessage.org\/da\/wp-content\/uploads\/sites\/43\/2014\/10\/GHS-Danish-frontcover-6x9-400x600.jpg 400w, https:\/\/www.v6.newmessage.org\/da\/wp-content\/uploads\/sites\/43\/2014\/10\/GHS-Danish-frontcover-6x9.jpg 1803w\" sizes=\"(max-width: 200px) 100vw, 200px\" \/><\/a><\/p>\n<div class=\"toggle toggle-white\"><h4 class=\"trigger \"><span class=\"t_ico\"><\/span><a href=\"#\">Om denne optagelse<\/a><\/h4><div class=\"toggle_container \"><br \/>\n<div id=\"yui_3_16_0_ym19_1_1467955126517_3327\" dir=\"ltr\"><span id=\"yui_3_16_0_ym19_1_1467955126517_3177\"><span id=\"yui_3_16_0_ym19_1_1467955126517_3178\">D\u00e9t, du h\u00f8rer i denne lydoptagelse er Den Englelige Forsamlings stemme, der taler gennem Budbringeren, Marshall Vian Summers<br \/>\n<\/span><\/span><\/div>\n<div dir=\"ltr\"><span id=\"yui_3_16_0_ym19_1_1467955126517_3177\"><span id=\"yui_3_16_0_ym19_1_1467955126517_3178\">\u00a0<\/span><\/span><\/div>\n<div id=\"yui_3_16_0_ym19_1_1467955126517_3359\" dir=\"ltr\"><span id=\"yui_3_16_0_ym19_1_1467955126517_3177\"><span id=\"yui_3_16_0_ym19_1_1467955126517_3178\"> Her er den oprindelige kommunikation fra Gud, der eksisterer hinsides ord, oversat til menneskeligt sprog og forst\u00e5else af Den Englelige Forsamling, der f\u00f8rer tilsyn med verden. Forsamlingen leverer derefter Guds Budskab gennem Budbringeren.<br \/>\n<\/span><\/span><\/div>\n<div id=\"yui_3_16_0_ym19_1_1467955126517_3369\" dir=\"ltr\"><span id=\"yui_3_16_0_ym19_1_1467955126517_3177\"><span id=\"yui_3_16_0_ym19_1_1467955126517_3178\">\u00a0<\/span><\/span><\/div>\n<div id=\"yui_3_16_0_ym19_1_1467955126517_3370\" dir=\"ltr\"><span id=\"yui_3_16_0_ym19_1_1467955126517_3177\"><span id=\"yui_3_16_0_ym19_1_1467955126517_3178\">I dette bem\u00e6rkelsesv\u00e6rdige forl\u00f8b, taler \u00c5benbaringens Stemme p\u00e5 ny. Ordet og Lyden er i verden. For f\u00f8rste gang i historien, er den oprindelige talte \u00e5benbaring tilg\u00e6ngelig for dig og for verden at opleve.<br \/>\n<\/span><\/span><\/div>\n<div id=\"yui_3_16_0_ym19_1_1467955126517_3436\" dir=\"ltr\"><span id=\"yui_3_16_0_ym19_1_1467955126517_3177\"><span id=\"yui_3_16_0_ym19_1_1467955126517_3178\">\u00a0<\/span><\/span><\/div>\n<div id=\"yui_3_16_0_ym19_1_1467955126517_3435\" dir=\"ltr\"><span id=\"yui_3_16_0_ym19_1_1467955126517_3177\"><span id=\"yui_3_16_0_ym19_1_1467955126517_3178\">M\u00e5 du v\u00e6re modtageren af denne \u00c5benbaringens gave og m\u00e5 du v\u00e6re \u00e5ben for at tage imod dens unikke Budskab for dig og for dit liv.<\/span><\/span><\/div>\n<br \/>\n<\/div><\/div><br \/>\n<\/div>\n<div id=\"tabs-2\"><\/p>\n<p><iframe loading=\"lazy\" title=\"The Time is Now - The Hour is Late | God is igniting a greater power in you | 2016\" width=\"275\" height=\"155\" src=\"https:\/\/www.youtube.com\/embed\/PPYcU9GpgfM?feature=oembed\" frameborder=\"0\" allow=\"accelerometer; autoplay; clipboard-write; encrypted-media; gyroscope; picture-in-picture\" allowfullscreen><\/iframe><\/p>\n<p><\/div>\n<div id=\"tabs-3\"><\/p>\n<p><em>NOTE TIL L\u00c6SERNE:<br \/>\nDenne overs\u00e6ttelse blev givet til The Society af en studerende af Det Nye Budskab, der meldte sig frivilligt til at overs\u00e6tte den originale engelske tekst. Vi stiller denne overs\u00e6ttelse til r\u00e5dighed for verden i denne tidlige form, for at give mennesker en mulighed for at engagere sig med en del af Det Nye Budskab p\u00e5 deres eget sprog.<\/em><\/p>\n<p><\/div>\n\t\t\t\t<div align=\"right\">\n\t\t\t<div class=\"fb-like\" data-href=\"\" data-layout=\"button_count\" data-action=\"like\" data-show-faces=\"false\" data-share=\"false\"><\/div>\n\t\t\t<div class=\"fb-share-button\" data-layout=\"button_count\"> <\/div>\n\t\t\t<div class=\"fb_iframe_widget\"><a href=\"https:\/\/twitter.com\/godsnewmessage?ref_src=twsrc%5Etfw\" class=\"twitter-follow-button\" data-show-count=\"false\">Follow @godsnewmessage<\/a><script async src=\"https:\/\/platform.twitter.com\/widgets.js\" charset=\"utf-8\"><\/script><\/div>\n\t\t\t<\/div> <\/div> \n\n<p><span style=\"font-weight: 400;\">There is a<\/span><a href=\"https:\/\/www.newmessage.org\/aboutnmg\"> <span style=\"font-weight: 400;\">New Message from God<\/span><\/a><span style=\"font-weight: 400;\"> in the World. It has come from the Creator of all life.<\/span><\/p>\n<p><b><i>Der er et <\/i><\/b><b><i>Nyt Budskab fra Gud<\/i><\/b><b><i> i Verden. Det er kommet fra Skaberen af alt liv.<\/i><\/b><\/p>\n<p><span style=\"font-weight: 400;\">It has been translated into human language and understanding through the Angelic Presence that oversees this world.<\/span><\/p>\n<p><b><i>Det er oversat til menneskeligt sprog og menneskelig forst\u00e5else gennem Det Englelige N\u00e6rv\u00e6r, der f\u00f8rer tilsyn med denne verden.<\/i><\/b><\/p>\n<p><span style=\"font-weight: 400;\">It continues the great series of transmissions from the Creator that have occurred over centuries and millennia.<\/span><\/p>\n<p><b><i>Det forts\u00e6tter den store r\u00e6kke af transmissioner fra Skaberen, der har fundet sted i \u00e5rhundreder og \u00e5rtusinder.<\/i><\/b><\/p>\n<p><span style=\"font-weight: 400;\">It is a New Message for this time and the times to come.<\/span><\/p>\n<p><b><i>Det er et Nyt Budskab for denne tid og for kommende tider.<\/i><\/b><\/p>\n<p><span style=\"font-weight: 400;\">It fulfills the former Messages that have been given to humanity, and yet it reveals things that have never been shown to humanity before. For humanity is now facing a grave and perilous set of challenges, both within the world and from beyond the world.<\/span><\/p>\n<p><b><i>Det opfylder de tidligere Budskaber, der er givet til menneskeheden, og dog afsl\u00f8rer det ting, der aldrig f\u00f8r er blevet vist til menneskeheden. For menneskeheden st\u00e5r nu overfor en alvorlig og faretruende r\u00e6kke af udfordringer, b\u00e5de indefra verden og fra hinsides verden.<\/i><\/b><\/p>\n<p><span style=\"font-weight: 400;\">The New Message from God is here to alert, to empower and to prepare the human family\u2014people from all nations and religious traditions, from all tribes, groups and orientations.<\/span><\/p>\n<p><b><i>Det Nye Budskab fra Gud er her for at advare, styrke og forberede den menneskelige familie \u2013 folk fra alle nationer og religi\u00f8se traditioner, fra alle stammer, grupper og orienteringer.<\/i><\/b><\/p>\n<p><span style=\"font-weight: 400;\">It has come at a time of great need, a time of great consequence. It is preparing people for things that have not even been recognized.<\/span><\/p>\n<p><b><i>Det er kommet p\u00e5 et tidspunkt med stort behov, en tid med store konsekvenser. Det ruster folk til ting, der end ikke er blevet erkendt.<\/i><\/b><\/p>\n<p><span style=\"font-weight: 400;\">It is prophetic in alerting people to the<\/span><a href=\"https:\/\/www.newmessage.org\/aboutgwc\"> <span style=\"font-weight: 400;\">Great Waves of change<\/span><\/a><span style=\"font-weight: 400;\"> that are coming to the world and to humanity\u2019s position in the universe, especially regarding your contact with other races.<\/span><\/p>\n<p><b><i>Det er profetisk ved at advare folk om <\/i><\/b><b><i>De Store B\u00f8lger af forandring<\/i><\/b><b><i>, der kommer til verden, og om menneskehedens position i universet, specielt med hensyn til jeres kontakt med andre racer.<\/i><\/b><\/p>\n<p><span style=\"font-weight: 400;\">It calls upon the great spiritual presence within each person\u2014the great endowment of Knowledge that has been given to the entire human family, which must now be cultivated, strengthened and brought forth.<\/span><\/p>\n<p><b><i>Det p\u00e5kalder det store \u00e5ndelige n\u00e6rv\u00e6r i hver enkelt person &#8211; Kundskabens store begavelse, der er givet til hele den menneskelige familie, der nu m\u00e5 dyrkes, styrkes og bringes frem.<\/i><\/b><\/p>\n<p><span style=\"font-weight: 400;\">It speaks to the great spiritual need of the individual\u2014the need for purpose, meaning and direction.<\/span><\/p>\n<p><b><i>Det taler til enkeltmenneskets store \u00e5ndelige behov \u2013 behovet for form\u00e5l, mening og retning.<\/i><\/b><\/p>\n<p><span style=\"font-weight: 400;\">It speaks to the great relationships that people can establish with one another, relationships representing their higher purpose in life.<\/span><\/p>\n<p><b><i>Det taler til de fremragende forhold, folk kan etablere mellem hinanden, forhold, der repr\u00e6senterer deres h\u00f8jere form\u00e5l med livet.<\/i><\/b><\/p>\n<p><span style=\"font-weight: 400;\">It speaks to the needs of the world and the needs of the future. In so doing, it brings purpose and recognition, unity and cooperation, wisdom and strength to all who can receive it, who can learn it, who can follow its steps, who can contribute it to others and who can share its wisdom in service to other individuals, to families, to communities, to nations and to the whole world.<\/span><\/p>\n<p><b><i>Det taler til verdens behov og fremtidens behov. Dermed bringer det form\u00e5l og erkendelse, samh\u00f8righed og samarbejde, visdom og styrke til alle, der kan tage imod det, der kan l\u00e6re det, der kan f\u00f8lge dets trin, der kan bidrage med det til andre, og der kan dele dets visdom i tjeneste til andre enkeltpersoner, til familier, til f\u00e6llesskaber, til nationer og til hele verden.<\/i><\/b><\/p>\n<p><span style=\"font-weight: 400;\">Receive this blessing. Learn of the New Message from God. Realize it will affirm all that is true within your current traditions, and it will speak to the deeper wisdom that you already possess. It will speak to your heart, even beyond your thoughts and beliefs and the thoughts and beliefs of your culture or your nation.<\/span><\/p>\n<p><b><i>Tag imod denne velsignelse. L\u00e6r om Det Nye Budskab fra Gud. Indse, at det vil bekr\u00e6fte alt det, der er sandt i jeres nuv\u00e6rende traditioner, og det vil tale til den dybere visdom, som I allerede besidder. Det vil tale til dit hjerte, endda hinsides dine tanker og overbevisninger og din kulturs eller nations tanker og overbevisninger.<\/i><\/b><\/p>\n<p><span style=\"font-weight: 400;\">Receive this gift and learn of it patiently, taking the<\/span><a href=\"https:\/\/www.newmessage.org\/stk\"> <span style=\"font-weight: 400;\">Steps to Knowledge<\/span><\/a><span style=\"font-weight: 400;\">, learning the wisdom from the<\/span><a href=\"https:\/\/www.newmessage.org\/aboutgc\"> <span style=\"font-weight: 400;\">Greater Community<\/span><\/a><span style=\"font-weight: 400;\"> and recognizing the power of the One Spirituality of humanity in uniting humanity, in strengthening humanity and in preparing humanity to recognize and to navigate the difficult times ahead.<\/span><\/p>\n<p><b><i>Tag imod denne gave og l\u00e6r t\u00e5lmodigt af den, idet du tager <\/i><\/b><b><i>Trin til Kundskab<\/i><\/b><b><i>, l\u00e6rer visdom fra <\/i><\/b><b><i>Det St\u00f8rre F\u00e6llesskab<\/i><\/b><b><i> og erkender magten af menneskehedens Ene Spiritualitet til at forene menneskeheden, til at styrke menneskeheden og til at forberede menneskeheden p\u00e5 at erkende og navigere i de vanskelige tider forude.<\/i><\/b><\/p>\n<p><span style=\"font-weight: 400;\">Receive the New Message in its calling for the preservation and the strengthening of human freedom, cooperation and responsibility.<\/span><\/p>\n<p><b><i>Tag imod Det Nye Budskab i dets opfordring til at bevare og styrke menneskehedens frihed, samarbejde og ansvar.<\/i><\/b><\/p>\n<p><span style=\"font-weight: 400;\">For without this New Message, humanity is facing a grave and precipitous decline.<\/span><\/p>\n<p><b><i>For uden dette Nye Budskab st\u00e5r menneskeheden overfor en alvorlig og brat tilbagegang.<\/i><\/b><\/p>\n<p><span style=\"font-weight: 400;\">It is facing the loss of its freedom and sovereignty in this world to other intervening forces from the universe around you.<\/span><\/p>\n<p><b><i>Den st\u00e5r overfor tabet af sin frihed og suver\u00e6nitet i denne verden til andre indblandende kr\u00e6fter fra universet omkring jer.<\/i><\/b><\/p>\n<p><span style=\"font-weight: 400;\">Without this New Message, the human spirit will remain dormant, and people will live lives of desperation, competition and conflict.<\/span><\/p>\n<p><b><i>Uden dette Nye Budskab, vil den menneskelige \u00e5nd forblive slumrende, og folk vil leve et liv i desperation, konkurrence og konflikter.<\/i><\/b><\/p>\n<p><span style=\"font-weight: 400;\">It is the Creator\u2019s Will that humanity emerge into the Greater Community of life in the universe as a free and sovereign race\u2014as a strong race, as a united race, as a race that is capable of maintaining its cultural diversity while honoring the deeper strength and purpose that will keep the world strong and keep the human family vital, active and creative, presenting a new opportunity for advancement in the future.<\/span><\/p>\n<p><b><i>Det er Skaberens Vilje, at menneskeheden dukker op i Det St\u00f8rre F\u00e6llesskab af liv i universet som en fri og suver\u00e6n race \u2013 som en st\u00e6rk race, som en forenet race, som en race, der kan bevare sin kulturelle mangfoldighed, idet den \u00e6rer den dybere styrke og det dybere form\u00e5l, der vil bevare verden st\u00e6rk og bevare den menneskelige familie livskraftig, aktiv og kreativ og pr\u00e6sentere en ny mulighed for fremskridt i fremtiden.<\/i><\/b><\/p>\n<p><span style=\"font-weight: 400;\">But to advance you must survive. You must survive the difficult times ahead, and you must survive competition from beyond the world regarding who will control this world and its destiny.<\/span><\/p>\n<p><b><i>Men for at g\u00f8re fremskridt, m\u00e5 I overleve. I m\u00e5 overleve de vanskelige tider forude, og I m\u00e5 overleve konkurrence fra hinsides verden, med hensyn til hvem, der skal kontrollere denne verden og dens sk\u00e6bne.<\/i><\/b><\/p>\n<p><span style=\"font-weight: 400;\">Each individual must recognize that they have a great opportunity to discover the deeper Knowledge that God has given them\u2014the Knowledge which contains their purpose, their meaning and their direction and the criteria for all their meaningful relationships.<\/span><\/p>\n<p><b><i>Hvert enkelt menneske m\u00e5 erkende, at de har en stor mulighed for at opdage den dybere Kundskab, som Gud har givet dem \u2013 den Kundskab, der indeholder deres form\u00e5l, deres mening og deres retning, samt kriterierne for alle deres meningsfulde forhold.<\/i><\/b><\/p>\n<p><span style=\"font-weight: 400;\">Therefore, there is a New Message from God for the individual, and there is a New Message from God for the entire world. It is here now.<\/span><\/p>\n<p><b><i>Derfor er der et Nyt Budskab fra Gud for den enkelte, og der er et Nyt Budskab fra Gud for hele verden. Det er her nu.<\/i><\/b><\/p>\n<p><span style=\"font-weight: 400;\">It has taken a long time for the Messenger to receive it, for the Message is very great.<\/span><\/p>\n<p><b><i>Det har taget lang tid for Budbringeren at tage imod det, for Budskabet er meget stort.<\/i><\/b><\/p>\n<p><span style=\"font-weight: 400;\">Honor then the one who has come to bring the New Message into the world.<\/span><\/p>\n<p><b><i>\u00c6r derfor den ene, der er kommet for at bringe Det Nyt Budskab til verden.<\/i><\/b><\/p>\n<p><span style=\"font-weight: 400;\">He is a humble man. He has developed the wisdom necessary to undertake such a great role, and he has been sent into the world for this purpose.<\/span><\/p>\n<p><b><i>Han er en ydmyg mand. Han har udviklet den n\u00f8dvendige visdom for at p\u00e5tage sig en s\u00e5 stor rolle, og han er sendt til verden med dette form\u00e5l.<\/i><\/b><\/p>\n<p><span style=\"font-weight: 400;\">Receive him. Understand him. Do not exalt him. He is not a god. He is a Messenger bringing the New Message from God into the world.<\/span><\/p>\n<p><b><i>Tag imod ham. Forst\u00e5 ham. Oph\u00f8j ham ikke. Han er ingen gud. Han er en Budbringer, der bringer Det Nye Budskab fra Gud til verden.<\/i><\/b><\/p>\n<p><span style=\"font-weight: 400;\">This is the time now. This is the great opportunity. This is the answer to people\u2019s prayers all around the world\u2014prayers through every faith tradition, through every nation and culture, praying for wisdom, strength, unity, freedom and deliverance.<\/span><\/p>\n<p><b><i>Dette er nu tiden. Dette er den store lejlighed. Dette er svaret p\u00e5 folks b\u00f8nner fra hele verden \u2013 b\u00f8nner gennem hver trostradition, gennem hver nation og kultur, b\u00f8nner om visdom, styrke, forening, frihed og befrielse.<\/i><\/b><\/p>\n<p><span style=\"font-weight: 400;\">Receive this New Message now. It is come, and it is come at just the right time.<\/span><\/p>\n<p><b><i>Tag imod dette Nye Budskab nu. Det er kommet, og det er kommet p\u00e5 det helt rigtige tidspunkt.<\/i><\/b><\/p>\n<p>&nbsp;<\/p>\n<div class=\"background-color-bridesmaid padding-20\">\n<h3><strong>Gud Har Talt Igen &#8211; Indholdsfortegnelse<\/strong><\/h3>\n<p><a href=\"https:\/\/www.newmessage.org\/da\/budskabet\/bind-1\/gud-har-talt-igen\/introduktion\">Introduktion<\/a><\/p>\n<p>Kapitel 1: <a href=\"https:\/\/www.newmessage.org\/da\/budskabet\/bind-1\/gud-har-talt-igen\/proklamationen\">Proklamationen<\/a><\/p>\n<p>Kapitel 2: <a href=\"https:\/\/www.newmessage.org\/da\/budskabet\/bind-1\/gud-har-talt-igen\/recitationen\">Recitationen<\/a><\/p>\n<p>Kapitel 3: <a href=\"https:\/\/www.newmessage.org\/da\/budskabet\/bind-1\/gud-har-talt-igen\/engagementet\">Engagementet<\/a><\/p>\n<p>Kapitel 4: <a href=\"https:\/\/www.newmessage.org\/da\/budskabet\/bind-1\/gud-har-talt-igen\/gud-har-talt-igen\">Gud Har Talt Igen<\/a><\/p>\n<p>Kapitel 5: <a href=\"https:\/\/www.newmessage.org\/da\/budskabet\/bind-1\/gud-har-talt-igen\/profeternes-segl\">Profeternes Segl<\/a><\/p>\n<p>Kapitel 6: <a href=\"https:\/\/www.newmessage.org\/da\/budskabet\/bind-1\/gud-har-talt-igen\/budbringerens-mission\">Budbringerens Mission<\/a><\/p>\n<p>Kapitel 7: <a href=\"https:\/\/www.newmessage.org\/da\/budskabet\/bind-1\/gud-har-talt-igen\/indvielsen\">Initieringen<\/a><\/p>\n<p>Kapitel 8: <a href=\"https:\/\/www.newmessage.org\/da\/budskabet\/bind-1\/gud-har-talt-igen\/velsignelsen\">Velsignelsen<\/a><\/p>\n<p>Kapitel 9: <a href=\"https:\/\/www.newmessage.org\/da\/budskabet\/bind-1\/gud-har-talt-igen\/levende-i-tiden-for-abenbaringen\">At leve i en Tid for \u00c5benbaring<\/a><\/p>\n<p>Kapitel 10: <a href=\"https:\/\/www.newmessage.org\/da\/budskabet\/bind-1\/gud-har-talt-igen\/forsamlingen\">Forsamlingen<\/a><\/p>\n<p>Kapitel 11: <a href=\"https:\/\/www.newmessage.org\/da\/budskabet\/bind-1\/gud-har-talt-igen\/guds-nye-budskab-til-verden\">Guds Nye Budskab til Verden<\/a><\/p>\n<p>Kapitel 12: <a href=\"https:\/\/www.newmessage.org\/da\/budskabet\/bind-1\/gud-har-talt-igen\/gud-bevaeger-menneskeheden-i-en-ny-retning\">Gud Bev\u00e6ger Menneskeheden i en Ny Retning<\/a><\/p>\n<p>Kapitel 13: <a href=\"https:\/\/www.newmessage.org\/da\/budskabet\/bind-1\/gud-har-talt-igen\/verden-ma-modtage-guds-nye-budskab\">Verden M\u00e5 Tage Imod Guds Nye Budskab<\/a><\/p>\n<p>Kapitel 14: <a href=\"https:\/\/www.newmessage.org\/da\/budskabet\/bind-1\/gud-har-talt-igen\/kaldet\">Kaldet<\/a><\/p>\n<\/div>\n","protected":false},"excerpt":{"rendered":"<p>There is a New Message from God in the World. It has come from the Creator of all life. Der er et Nyt Budskab fra Gud i Verden. Det er kommet fra Skaberen af alt liv. It has been translated into human language and understanding through the Angelic Presence that oversees this world. Det er\u2026 <a class=\"read-more\" href=\"https:\/\/www.v6.newmessage.org\/da\/about-recording-shortcode\/\"><span>Read More<\/span><\/a><\/p>\n","protected":false},"author":22,"featured_media":0,"parent":16290,"menu_order":0,"comment_status":"closed","ping_status":"closed","template":"template-leftsidebar.php","meta":{"_monsterinsights_skip_tracking":false,"_monsterinsights_sitenote_active":false,"_monsterinsights_sitenote_note":"","_monsterinsights_sitenote_category":0,"footnotes":""},"categories":[76,461,460],"tags":[601,568,599],"_links":{"self":[{"href":"https:\/\/www.v6.newmessage.org\/da\/wp-json\/wp\/v2\/pages\/27056"}],"collection":[{"href":"https:\/\/www.v6.newmessage.org\/da\/wp-json\/wp\/v2\/pages"}],"about":[{"href":"https:\/\/www.v6.newmessage.org\/da\/wp-json\/wp\/v2\/types\/page"}],"author":[{"embeddable":true,"href":"https:\/\/www.v6.newmessage.org\/da\/wp-json\/wp\/v2\/users\/22"}],"replies":[{"embeddable":true,"href":"https:\/\/www.v6.newmessage.org\/da\/wp-json\/wp\/v2\/comments?post=27056"}],"version-history":[{"count":16,"href":"https:\/\/www.v6.newmessage.org\/da\/wp-json\/wp\/v2\/pages\/27056\/revisions"}],"predecessor-version":[{"id":27328,"href":"https:\/\/www.v6.newmessage.org\/da\/wp-json\/wp\/v2\/pages\/27056\/revisions\/27328"}],"up":[{"embeddable":true,"href":"https:\/\/www.v6.newmessage.org\/da\/wp-json\/wp\/v2\/pages\/16290"}],"wp:attachment":[{"href":"https:\/\/www.v6.newmessage.org\/da\/wp-json\/wp\/v2\/media?parent=27056"}],"wp:term":[{"taxonomy":"category","embeddable":true,"href":"https:\/\/www.v6.newmessage.org\/da\/wp-json\/wp\/v2\/categories?post=27056"},{"taxonomy":"post_tag","embeddable":true,"href":"https:\/\/www.v6.newmessage.org\/da\/wp-json\/wp\/v2\/tags?post=27056"}],"curies":[{"name":"wp","href":"https:\/\/api.w.org\/{rel}","templated":true}]}}