{"id":27026,"date":"2017-01-23T17:11:41","date_gmt":"2017-01-23T17:11:41","guid":{"rendered":"http:\/\/www.newmessage.org\/da\/?page_id=27026"},"modified":"2023-12-05T02:07:51","modified_gmt":"2023-12-05T02:07:51","slug":"rejsen-til-et-nyt-liv","status":"publish","type":"page","link":"https:\/\/www.v6.newmessage.org\/da\/budskabet\/bind-1\/rejsen-til-et-nyt-liv\/","title":{"rendered":"Rejsen til et Nyt Liv"},"content":{"rendered":"<p><img decoding=\"async\" class=\"alignright size-full wp-image-38318 imgborder\" src=\"https:\/\/www.newmessage.org\/wp-content\/uploads\/2019\/03\/Book-5_JNL_color.jpg\" alt=\"Journey to a New Life\"><\/p>\n<p><em>Rejsen til et Nyt Liv<\/em> \u00e5bner rejsen foran dig, hvor du vil opdage dit h\u00f8jere form\u00e5l og st\u00e6rkere forhold i livet. Med dette, afsl\u00f8rer <em>Rejsen til et Nyt Liv<\/em> den virkelige \u00e5rsag til den indre forvirring, isolation og lidelse, der opleves af mennesker rundt omkring i verden, og l\u00f8sningens vej, som Skaberen af alt liv nu har s\u00f8rget for.<\/p>\n<p>Her kalder Gud dig til at v\u00e5gne fra Adskillelsens dr\u00f8m og mareridt og p\u00e5begynde en ny rejse i livet, hvor du opdager og opbygger din forbindelse til Kundskab, den dybere \u00e5ndelige forstand, som Gud har lagt i dig for at lede og beskytte dig. Denne opv\u00e5gnings- og tilbagevendelsesrejse vil tage dig tilbage til dit oprindelige form\u00e5l med at komme ind i verden, tilbage til mindet om dem, der sendte dig, og det st\u00f8rre bidrag, det er meningen, at du skal yde.<\/p>\n<p>Her begynder et helligt forl\u00f8b, der har magten til at befri dig fra fortiden og forberede dig p\u00e5 et nyt og st\u00f8rre liv i fremtiden.<\/p>\n<p>Hvert kapitel i <em>Rejsen til et Nyt Liv<\/em> er en \u00e5benbaring givet af Kilden, samlet til denne tekst af Budbringeren, Marshall Vian Summers.<\/p>\n<div class=\"background-color-bridesmaid padding-20\">\n<h2 style=\"text-align: left\"><span style=\"color: #525252\">Indholdsfortegnelse<\/span><\/h2>\n<p style=\"margin-bottom: .0001pt\"><span lang=\"EN-US\"><a href=\"\/da\/budskabet\/bind-1\/rejsen-til-et-nyt-liv\/opvagningen\/\">Kapitel 1: Opv\u00e5gningen <\/a><\/span><\/p>\n<p style=\"margin-bottom: .0001pt\"><span lang=\"EN-US\"><a href=\"https:\/\/www.newmessage.org\/da\/budskabet\/bind-1\/rejsen-til-et-nyt-liv\/frihedsrejsen\/\">Kapitel 2: Frihedsrejsen <\/a><\/span><\/p>\n<p style=\"margin-bottom: .0001pt\"><span lang=\"EN-US\"><a href=\"https:\/\/www.newmessage.org\/da\/budskabet\/bind-1\/rejsen-til-et-nyt-liv\/faengslet\/\">Kapitel 3: F\u00e6ngslet<\/a><\/span><\/p>\n<p style=\"margin-bottom: .0001pt\"><span lang=\"EN-US\"><a href=\"https:\/\/www.newmessage.org\/da\/budskabet\/bind-1\/rejsen-til-et-nyt-liv\/revolutionen\/\">Kapitel 4: Revolutionen<\/a><\/span><\/p>\n<p style=\"margin-bottom: .0001pt\"><span lang=\"EN-US\"><a href=\"https:\/\/www.newmessage.org\/da\/budskabet\/bind-1\/rejsen-til-et-nyt-liv\/vendepunktet\/\">Kapitel 5: Vendepunktet<\/a><\/span><\/p>\n<p style=\"margin-bottom: .0001pt\"><a href=\"https:\/\/www.newmessage.org\/da\/budskabet\/bind-1\/rejsen-til-et-nyt-liv\/et-nyt-livs-gave\/\"><span lang=\"EN-US\">Kapitel 6: Et Nyt Livs Gave<\/span><\/a><\/p>\n<p style=\"margin-bottom: .0001pt\"><a href=\"https:\/\/www.newmessage.org\/da\/budskabet\/bind-1\/rejsen-til-et-nyt-liv\/rejsen-til-et-nyt-liv\/\"><span lang=\"EN-US\">Kapitel 7: Rejsen til et Nyt Liv <\/span><\/a><\/p>\n<p style=\"margin-bottom: .0001pt\"><a href=\"https:\/\/www.newmessage.org\/da\/budskabet\/bind-1\/rejsen-til-et-nyt-liv\/dit-formal-og-din-skaebne\/\"><span lang=\"EN-US\">Kapitel 8: Dit Form\u00e5l og Din Sk\u00e6bne<\/span><\/a><\/p>\n<p style=\"margin-bottom: .0001pt\"><a href=\"https:\/\/www.newmessage.org\/da\/budskabet\/bind-1\/rejsen-til-et-nyt-liv\/at-bygge-broen-til-et-nyt-liv\/\"><span lang=\"EN-US\">Kapitel 9: At Bygge Broen til et Nyt Liv <\/span><\/a><\/p>\n<p style=\"margin-bottom: .0001pt\"><a href=\"https:\/\/www.newmessage.org\/da\/budskabet\/bind-1\/rejsen-til-et-nyt-liv\/mod-og-viljen-til-at-forberede-sig\/\"><span lang=\"EN-US\">Kapitel 10: Mod og Viljen til at Forberede Sig<\/span><\/a><\/p>\n<p style=\"margin-bottom: .0001pt\"><a href=\"https:\/\/www.newmessage.org\/da\/budskabet\/bind-1\/rejsen-til-et-nyt-liv\/opbygningen-af-styrke-og-modstandskraft\/\"><span lang=\"EN-US\">Kapitel 11: Opbygningen af Styrke og Modstandskraft<\/span><\/a><\/p>\n<p style=\"margin-bottom: .0001pt\"><a href=\"https:\/\/www.newmessage.org\/da\/budskabet\/bind-1\/rejsen-til-et-nyt-liv\/at-forberede-sig-pa-en-storre-rolle-i-verden\/\"><span lang=\"EN-US\">Kapitel 12: At Forberede Sig p\u00e5 en St\u00f8rre Rolle i Verden<\/span><\/a><\/p>\n<p style=\"margin-bottom: .0001pt\"><a href=\"https:\/\/www.newmessage.org\/da\/budskabet\/bind-1\/rejsen-til-et-nyt-liv\/den-store-sandhed\/\"><span lang=\"EN-US\">Kapitel 13: Den Store Sandhed<br \/>\n<\/span><\/a><\/p>\n<p style=\"margin-bottom: .0001pt\"><a href=\"https:\/\/www.newmessage.org\/da\/budskabet\/bind-1\/rejsen-til-et-nyt-liv\/du-er-her-for-et-storre-formal\/\"><span lang=\"EN-US\">Kapitel 14: Du Er Her for et St\u00f8rre Form\u00e5l<br \/>\n<\/span><\/a><\/p>\n<\/div>\n","protected":false},"excerpt":{"rendered":"<p>Rejsen til et Nyt Liv \u00e5bner rejsen foran dig, hvor du vil opdage dit h\u00f8jere form\u00e5l og st\u00e6rkere forhold i livet. Med dette, afsl\u00f8rer Rejsen til et Nyt Liv den virkelige \u00e5rsag til den indre forvirring, isolation og lidelse, der opleves af mennesker rundt omkring i verden, og l\u00f8sningens vej, som Skaberen af alt liv\u2026 <a class=\"read-more\" href=\"https:\/\/www.v6.newmessage.org\/da\/budskabet\/bind-1\/rejsen-til-et-nyt-liv\/\"><span>Read More<\/span><\/a><\/p>\n","protected":false},"author":22,"featured_media":0,"parent":16287,"menu_order":0,"comment_status":"closed","ping_status":"closed","template":"template-leftsidebar.php","meta":{"_monsterinsights_skip_tracking":false,"_monsterinsights_sitenote_active":false,"_monsterinsights_sitenote_note":"","_monsterinsights_sitenote_category":0,"footnotes":""},"categories":[462,460],"tags":[650,635],"_links":{"self":[{"href":"https:\/\/www.v6.newmessage.org\/da\/wp-json\/wp\/v2\/pages\/27026"}],"collection":[{"href":"https:\/\/www.v6.newmessage.org\/da\/wp-json\/wp\/v2\/pages"}],"about":[{"href":"https:\/\/www.v6.newmessage.org\/da\/wp-json\/wp\/v2\/types\/page"}],"author":[{"embeddable":true,"href":"https:\/\/www.v6.newmessage.org\/da\/wp-json\/wp\/v2\/users\/22"}],"replies":[{"embeddable":true,"href":"https:\/\/www.v6.newmessage.org\/da\/wp-json\/wp\/v2\/comments?post=27026"}],"version-history":[{"count":20,"href":"https:\/\/www.v6.newmessage.org\/da\/wp-json\/wp\/v2\/pages\/27026\/revisions"}],"predecessor-version":[{"id":28037,"href":"https:\/\/www.v6.newmessage.org\/da\/wp-json\/wp\/v2\/pages\/27026\/revisions\/28037"}],"up":[{"embeddable":true,"href":"https:\/\/www.v6.newmessage.org\/da\/wp-json\/wp\/v2\/pages\/16287"}],"wp:attachment":[{"href":"https:\/\/www.v6.newmessage.org\/da\/wp-json\/wp\/v2\/media?parent=27026"}],"wp:term":[{"taxonomy":"category","embeddable":true,"href":"https:\/\/www.v6.newmessage.org\/da\/wp-json\/wp\/v2\/categories?post=27026"},{"taxonomy":"post_tag","embeddable":true,"href":"https:\/\/www.v6.newmessage.org\/da\/wp-json\/wp\/v2\/tags?post=27026"}],"curies":[{"name":"wp","href":"https:\/\/api.w.org\/{rel}","templated":true}]}}