{"id":22376,"date":"2015-08-21T04:41:41","date_gmt":"2015-08-21T04:41:41","guid":{"rendered":"http:\/\/www.newmessage.org\/?page_id=22376"},"modified":"2018-01-15T21:43:19","modified_gmt":"2018-01-15T21:43:19","slug":"om-abenbaringsprocessen","status":"publish","type":"page","link":"https:\/\/www.v6.newmessage.org\/da\/om-abenbaringsprocessen\/","title":{"rendered":"OM \u00c5BENBARINGSPROCESSEN"},"content":{"rendered":"<p><a href=\"https:\/\/www.newmessage.org\/wp-content\/uploads\/2015\/08\/Volume-1-CD-Cover1.jpg\"><img loading=\"lazy\" decoding=\"async\" class=\"imgborder alignright \" src=\"https:\/\/www.newmessage.org\/wp-content\/uploads\/2015\/08\/Volume-1-CD-Cover1-172x300.jpg\" alt=\"The New Message from God\" width=\"250\" height=\"435\" \/><\/a><\/p>\n<p>Teksterne i Det Nye Budskab fra Gud blev oprindeligt udtalt af <a href=\"https:\/\/www.detnyebudskabfragud.org\/budskabet\/vigtige-udtryk#aa\">Den Englelige Forsamling<\/a> gennem Budbringeren, Marshall Vian Summers. Denne \u00c5benbaringsproces har st\u00e5et p\u00e5 siden 1983. \u00c5benbaringsprocessen forts\u00e6tter endnu denne dag.<\/p>\n<p>Her bliver Guds oprindelige kommunikation, der eksisterer hinsides ord, oversat til menneskeligt sprog og forst\u00e5else af <a href=\"https:\/\/www.detnyebudskabfragud.org\/budskabet\/vigtige-udtryk#aa\">Den Englelige Forsamling<\/a>, der overv\u00e5ger verden. Forsamlingen udtaler s\u00e5 Guds Budskab gennem Budbringeren, hvilket bliver optaget, transskriberet og nu gjort tilg\u00e6ngeligt i et m\u00e6gtigt bibliotek af \u00e5benbaringer her p\u00e5 <a href=\"https:\/\/www.newmessage.org\/\">www.NewMessage.org<\/a><\/p>\n<p>Tilmed kan du for f\u00f8rste gang i historien h\u00f8re den oprindelige optagelse af <a href=\"https:\/\/www.detnyebudskabfragud.org\/budskabet\/vigtige-udtryk#voice\">\u00c5benbaringens Stemme<\/a>, en Stemme som den, der talte til profeterne og fortidens Budbringere, og som nu taler igen gennem en Ny Budbringer, der er i verden i dag. Aldrig f\u00f8r er en oprindelig optagelse blevet opfanget og gjort tilg\u00e6ngelig i sin rene form.<\/p>\n<p>Ordet og Lyden er i verden. For f\u00f8rste gang i historien kan du og alle mennesker h\u00f8re optagelsen af \u00c5benbaringens oprindelige Stemme. Denne Stemme er ikke et individs stemme, men hele <a href=\"https:\/\/www.detnyebudskabfragud.org\/budskabet\/vigtige-udtryk#aa\">Den Englelige Forsamlings Stemme<\/a>, der taler sammen, alle som en.<\/p>\n<p>Her kan menneskeheden tage imod Guds \u00c5benbarings oprindelige testamente, der er blevet opfanget i sin talte lyd-form, transskriberet, samlet af Budbringeren og nu pr\u00e6senteret for verden.<\/p>\n<p>For at h\u00f8re <a href=\"https:\/\/www.detnyebudskabfragud.org\/budskabet\/vigtige-udtryk#voice\">\u00c5benbaringens Stemme<\/a>, der er kilden til alle teksterne i alle Det Nye Budskabs b\u00f8ger, bes\u00f8g da venligst www.NewMessage.org\/experience. Den oprindelige lydoptagelse af Stemmen bliver nu gjort tilg\u00e6ngelig for alle mennesker.<\/p>\n<p>M\u00e5 du v\u00e6re modtageren af denne \u00c5benbaringens gave og m\u00e5 du v\u00e6re \u00e5ben for at tage imod dens kraftfulde Budskab for dig og for dit liv.<\/p>\n","protected":false},"excerpt":{"rendered":"<p>Teksterne i Det Nye Budskab fra Gud blev oprindeligt udtalt af Den Englelige Forsamling gennem Budbringeren, Marshall Vian Summers. Denne \u00c5benbaringsproces har st\u00e5et p\u00e5 siden 1983. \u00c5benbaringsprocessen forts\u00e6tter endnu denne dag. Her bliver Guds oprindelige kommunikation, der eksisterer hinsides ord, oversat til menneskeligt sprog og forst\u00e5else af Den Englelige Forsamling, der overv\u00e5ger verden. Forsamlingen udtaler\u2026 <a class=\"read-more\" href=\"https:\/\/www.v6.newmessage.org\/da\/om-abenbaringsprocessen\/\"><span>Read More<\/span><\/a><\/p>\n","protected":false},"author":32,"featured_media":0,"parent":0,"menu_order":5,"comment_status":"closed","ping_status":"closed","template":"","meta":{"_monsterinsights_skip_tracking":false,"_monsterinsights_sitenote_active":false,"_monsterinsights_sitenote_note":"","_monsterinsights_sitenote_category":0,"footnotes":""},"categories":[],"tags":[626],"_links":{"self":[{"href":"https:\/\/www.v6.newmessage.org\/da\/wp-json\/wp\/v2\/pages\/22376"}],"collection":[{"href":"https:\/\/www.v6.newmessage.org\/da\/wp-json\/wp\/v2\/pages"}],"about":[{"href":"https:\/\/www.v6.newmessage.org\/da\/wp-json\/wp\/v2\/types\/page"}],"author":[{"embeddable":true,"href":"https:\/\/www.v6.newmessage.org\/da\/wp-json\/wp\/v2\/users\/32"}],"replies":[{"embeddable":true,"href":"https:\/\/www.v6.newmessage.org\/da\/wp-json\/wp\/v2\/comments?post=22376"}],"version-history":[{"count":13,"href":"https:\/\/www.v6.newmessage.org\/da\/wp-json\/wp\/v2\/pages\/22376\/revisions"}],"predecessor-version":[{"id":27186,"href":"https:\/\/www.v6.newmessage.org\/da\/wp-json\/wp\/v2\/pages\/22376\/revisions\/27186"}],"wp:attachment":[{"href":"https:\/\/www.v6.newmessage.org\/da\/wp-json\/wp\/v2\/media?parent=22376"}],"wp:term":[{"taxonomy":"category","embeddable":true,"href":"https:\/\/www.v6.newmessage.org\/da\/wp-json\/wp\/v2\/categories?post=22376"},{"taxonomy":"post_tag","embeddable":true,"href":"https:\/\/www.v6.newmessage.org\/da\/wp-json\/wp\/v2\/tags?post=22376"}],"curies":[{"name":"wp","href":"https:\/\/api.w.org\/{rel}","templated":true}]}}