{"id":19248,"date":"2015-07-10T20:38:50","date_gmt":"2015-07-10T20:38:50","guid":{"rendered":"http:\/\/www.newmessage.org\/?page_id=19248"},"modified":"2020-10-11T14:13:03","modified_gmt":"2020-10-11T14:13:03","slug":"guds-nye-budskab-til-verden","status":"publish","type":"page","link":"https:\/\/www.v6.newmessage.org\/da\/budskabet\/bind-1\/gud-har-talt-igen\/guds-nye-budskab-til-verden\/","title":{"rendered":"Guds Nye Budskab til Verden"},"content":{"rendered":"<div><!-- 4.1 Verse --><\/div>\n\n<div class=\"tabgroup \"><ul class=\"tabs\"><li><a href=\"#tabs-1\">\u00c5benbaring<\/a><\/li>\n<li><a href=\"#tabs-2\">Note<\/a><\/li><\/ul>\n <div id=\"tabs-1\"><br \/>\nH\u00f8r den oprindelige version af \u00c5benbaringen p\u00e5 engelsk:<\/p>\n<div id=\"jquery_jplayer_1\" class=\"jp-jplayer\"><\/div>\n\t\t\t\t<div id=\"jp_container_1\" class=\"jp-audio\">\n\t\t\t\t<div class=\"jp-type-single\"><div class=\"jp-control\"><a href=\"javascript:;\" class=\"jp-play\" tabindex=\"1\">play<\/a><a href=\"javascript:;\" class=\"jp-pause\" tabindex=\"1\">pause<\/a><\/div> <div class=\"jp-gui jp-interface\"><div class=\"jp-volume\"><div class=\"jp-volume-bar\"><div class=\"jp-volume-bar-value\"><\/div><\/div><\/div><div class=\"jp-progress\"><div class=\"jp-seek-bar\"><div class=\"jp-play-bar\"><\/div><\/div><\/div><\/div>\t\t\t\t\t<div class=\"jp-no-solution\"><span>Update Required<\/span>To play the media you will need to either update your browser to a recent version or update your <a href=\"http:\/\/get.adobe.com\/flashplayer\/\" target=\"_blank\">Flash plugin<\/a>.<\/div><\/div><\/div>\n\t\t\t<script type='text\/javascript'>\n\t\t\t\tjQuery(document).ready(function() {\n\t\t\t\t\tif (typeof (sermonMedia) == 'function') {\n\t\t\t\t\t\tsermonMedia.addAudio('', \"jquery_jplayer_1\");\n\t\t\t\t\t}\n\t\t\t\t\tjQuery.jPlayer.timeFormat.showHour = true;\n\t\t\t\t\tjQuery(\"#jquery_jplayer_1\").jPlayer({\n\t\t\t\t\t\tready: function(event) {\n\t\t\t\t\t\t\tjQuery(this).jPlayer(\"setMedia\", {mp3: 'https:\/\/www.newmessage.org\/av\/gods-new-message-for-the-world.mp3'});\n\t\t\t\t\t\t},\n\t\t\t\t\t\tplay: function() {\n\t\t\t\t\t\t\tjQuery(this).jPlayer(\"pauseOthers\");\n\t\t\t\t\t\t},\n\t\t\t\t\t\tswfPath: ThemeData.directory_uri+\"\/swf\",\n\t\t\t\t\t\tsolution: \"html, flash\",\n\t\t\t\t\t\tpreload: \"metadata\",\n\t\t\t\t\t\twmode: \"window\",\n\t\t\t\t\t\tsupplied: \"mp3\",\n\t\t\t\t\t\tcssSelectorAncestor: '#jp_container_1'\n\t\t\t\t\t});\n\t\t\t\t});\n\t\t\t<\/script><\/p>\n<p><a title=\"God's New Message for the World\" href=\"https:\/\/www.newmessage.org\/av\/gods-new-message-for-the-world.mp3\">Download<\/a> (h\u00f8jre-klik for at downloade)<\/p>\n<p><em>Som \u00e5benbaret for Guds Budbringer<br \/>\nMarshall Vian Summers<br \/>\nDen 28. Februar, 2011<br \/>\ni Boulder, Colorado<br \/>\n<\/em><\/p>\n<p><a href=\"https:\/\/www.newmessage.org\/da\/budskabet\/bind-1\/gud-har-talt-igen\/\"><img loading=\"lazy\" decoding=\"async\" width=\"200\" height=\"300\" class=\"aligncenter size-medium wp-image-26846 imgborder\" src=\"https:\/\/www.newmessage.org\/da\/wp-content\/uploads\/sites\/43\/2014\/10\/GHS-Danish-frontcover-6x9-200x300.jpg\" alt=\"GHS Danish frontcover-6x9\" srcset=\"https:\/\/www.v6.newmessage.org\/da\/wp-content\/uploads\/sites\/43\/2014\/10\/GHS-Danish-frontcover-6x9-200x300.jpg 200w, https:\/\/www.v6.newmessage.org\/da\/wp-content\/uploads\/sites\/43\/2014\/10\/GHS-Danish-frontcover-6x9-768x1151.jpg 768w, https:\/\/www.v6.newmessage.org\/da\/wp-content\/uploads\/sites\/43\/2014\/10\/GHS-Danish-frontcover-6x9-400x600.jpg 400w, https:\/\/www.v6.newmessage.org\/da\/wp-content\/uploads\/sites\/43\/2014\/10\/GHS-Danish-frontcover-6x9.jpg 1803w\" sizes=\"(max-width: 200px) 100vw, 200px\" \/><\/a><\/p>\n<div class=\"toggle toggle-white\"><h4 class=\"trigger \"><span class=\"t_ico\"><\/span><a href=\"#\">Om denne optagelse<\/a><\/h4><div class=\"toggle_container \"><br \/>\n<div id=\"yui_3_16_0_ym19_1_1467955126517_3327\" dir=\"ltr\"><span id=\"yui_3_16_0_ym19_1_1467955126517_3177\"><span id=\"yui_3_16_0_ym19_1_1467955126517_3178\">D\u00e9t, du h\u00f8rer i denne lydoptagelse er Den Englelige Forsamlings stemme, der taler gennem Budbringeren, Marshall Vian Summers<br \/>\n<\/span><\/span><\/div>\n<div dir=\"ltr\"><span id=\"yui_3_16_0_ym19_1_1467955126517_3177\"><span id=\"yui_3_16_0_ym19_1_1467955126517_3178\">\u00a0<\/span><\/span><\/div>\n<div id=\"yui_3_16_0_ym19_1_1467955126517_3359\" dir=\"ltr\"><span id=\"yui_3_16_0_ym19_1_1467955126517_3177\"><span id=\"yui_3_16_0_ym19_1_1467955126517_3178\"> Her er den oprindelige kommunikation fra Gud, der eksisterer hinsides ord, oversat til menneskeligt sprog og forst\u00e5else af Den Englelige Forsamling, der f\u00f8rer tilsyn med verden. Forsamlingen leverer derefter Guds Budskab gennem Budbringeren.<br \/>\n<\/span><\/span><\/div>\n<div id=\"yui_3_16_0_ym19_1_1467955126517_3369\" dir=\"ltr\"><span id=\"yui_3_16_0_ym19_1_1467955126517_3177\"><span id=\"yui_3_16_0_ym19_1_1467955126517_3178\">\u00a0<\/span><\/span><\/div>\n<div id=\"yui_3_16_0_ym19_1_1467955126517_3370\" dir=\"ltr\"><span id=\"yui_3_16_0_ym19_1_1467955126517_3177\"><span id=\"yui_3_16_0_ym19_1_1467955126517_3178\">I dette bem\u00e6rkelsesv\u00e6rdige forl\u00f8b, taler \u00c5benbaringens Stemme p\u00e5 ny. Ordet og Lyden er i verden. For f\u00f8rste gang i historien, er den oprindelige talte \u00e5benbaring tilg\u00e6ngelig for dig og for verden at opleve.<br \/>\n<\/span><\/span><\/div>\n<div id=\"yui_3_16_0_ym19_1_1467955126517_3436\" dir=\"ltr\"><span id=\"yui_3_16_0_ym19_1_1467955126517_3177\"><span id=\"yui_3_16_0_ym19_1_1467955126517_3178\">\u00a0<\/span><\/span><\/div>\n<div id=\"yui_3_16_0_ym19_1_1467955126517_3435\" dir=\"ltr\"><span id=\"yui_3_16_0_ym19_1_1467955126517_3177\"><span id=\"yui_3_16_0_ym19_1_1467955126517_3178\">M\u00e5 du v\u00e6re modtageren af denne \u00c5benbaringens gave og m\u00e5 du v\u00e6re \u00e5ben for at tage imod dens unikke Budskab for dig og for dit liv.<\/span><\/span><\/div>\n<br \/>\n<\/div><\/div><br \/>\n<\/div>\n<div id=\"tabs-2\"><\/p>\n<p><em>NOTE TIL L\u00c6SERNE:<br \/>\nDenne overs\u00e6ttelse blev givet til The Society af en studerende af Det Nye Budskab, der meldte sig frivilligt til at overs\u00e6tte den originale engelske tekst. Vi stiller denne overs\u00e6ttelse til r\u00e5dighed for verden i denne tidlige form, for at give mennesker en mulighed for at engagere sig med en del af Det Nye Budskab p\u00e5 deres eget sprog.<\/em><\/p>\n<p><\/div>\n\t\t\t\t<div align=\"right\">\n\t\t\t<div class=\"fb-like\" data-href=\"\" data-layout=\"button_count\" data-action=\"like\" data-show-faces=\"false\" data-share=\"false\"><\/div>\n\t\t\t<div class=\"fb-share-button\" data-layout=\"button_count\"> <\/div>\n\t\t\t<div class=\"fb_iframe_widget\"><a href=\"https:\/\/twitter.com\/godsnewmessage?ref_src=twsrc%5Etfw\" class=\"twitter-follow-button\" data-show-count=\"false\">Follow @godsnewmessage<\/a><script async src=\"https:\/\/platform.twitter.com\/widgets.js\" charset=\"utf-8\"><\/script><\/div>\n\t\t\t<\/div> <\/div> \n\n<p>Det er tid til at tage imod et Nyt Budskab fra Gud. Det er tid til at tage imod gaven, magten og velsignelsen. Det er tid til at erkende, at Gud har talt igen, efter s\u00e5 lang tavshed.<\/p>\n<p>For menneskeheden ser nu De Store B\u00f8lger af forandring i \u00f8jnene \u2013 stor milj\u00f8m\u00e6ssig, \u00f8konomisk og social forandring. Den st\u00e5r overfor sine st\u00f8rste udfordringer, sine vanskeligste forhindringer og sit st\u00f8rste kald p\u00e5 forening og samarbejde.<\/p>\n<p>S\u00e5 tag imod Det Nye Budskab og tag det til hjertet. G\u00f8r det til dit studie. L\u00e6g din v\u00e6gt her. Ford\u00f8m eller bestrid det ikke, for i s\u00e5 fald vil du ikke kunne tage imod den magt og den n\u00e5de, den visdom og den styrke, som det giver.<\/p>\n<p>Se nu verden ved et stort vendepunkt, hvor et stadigt voksende antal mennesker vil drikke af en langsomt svindende br\u00f8nd. Se udover horisonten og ikke blot ind i den n\u00e6rmeste fremtid, og der vil du se, at De Store B\u00f8lger bygger sig op. Du vil se, at menneskeheden bliver n\u00f8dt til at forandre sig og tilpasse sig til en ny r\u00e6kke omst\u00e6ndigheder, og at naturen, der s\u00e5 l\u00e6nge har v\u00e6ret ignoreret og udsk\u00e6ldt, nu vil s\u00e6tte vilk\u00e5rene for engagement.<\/p>\n<p>Det er tiden for det store regnskab. Det er tiden for den store opg\u00f8relse. Det er ikke afslutningen for menneskeheden, men det er et stort vendepunkt. Og det repr\u00e6senterer en ny begyndelse \u2013 en ny begyndelse, der ikke kan undg\u00e5s eller overses.<\/p>\n<p>Den t\u00e5belige vil blive ved. Den blinde vil forts\u00e6tte med at t\u00e6nke, at fremtiden vil blive ligesom fortiden. Og de mennesker, der er uopm\u00e6rksomme, vil proklamere, at de ved, hvad der m\u00e5 g\u00f8res for verden.<\/p>\n<p>Men til trods for de bedste og mest akkurate erkl\u00e6ringer og teorier, m\u00e5 I have en Ny \u00c5benbaring, for ellers vil forhindringerne v\u00e6re for store og for frygtindgydende, farerne for overv\u00e6ldende, den menneskelige \u00e5nd for svag og for sk\u00e6v, nationerne for opdelte og for selviske og kivagtige.<\/p>\n<p>Det er en tid, hvor menneskeheden bliver n\u00f8dt til at revurdere sin stilling i verden og oml\u00e6gge sine prioriteter fra v\u00e6kst og ekspansion til stabilitet og sikkerhed for verdens velf\u00e6rd og for verdens folk.<\/p>\n<p>Det er den tid, der kr\u00e6ver vision, en tid, der vil udfordre de mennesker, der har bygget deres karrierer p\u00e5 deres teorier og p\u00e5 deres trossystemer; en tid, hvor jeres b\u00f8rns og deres b\u00f8rns velf\u00e6rd vil v\u00e6re n\u00f8dt til at blive alvorligt overvejet, i stedet for blot at v\u00e6re taget for givet; en tid, hvor verdens ressourcer vil blive n\u00f8dt til at blive bevarede, snarere end bare \u00f8dslet bort og overudnyttet; en tid, hvor de fattigere nationers behov direkte vil p\u00e5virke de st\u00e6rkere nationers velf\u00e6rd; en tid til at s\u00e6tte en stopper for jeres uoph\u00f8rlige konflikter, for at opbygge en infrastruktur, der kan opretholde den menneskelige familie.<\/p>\n<p>Nationer vil blive n\u00f8dt til at samarbejde, ellers vil de i tiltagende grad v\u00e6re i fare og blive truet. Ressourcer vil blive stadigt dyrere og vanskelige at anskaffe. F\u00f8devareproduktion vil g\u00e5 tabt. Verdens klima forandrer sig. Teknologi alene vil ikke kunne im\u00f8dekomme mange af de store udfordringer, der kommer.<\/p>\n<p>Derfor er der en Ny \u00c5benbaring, et Nyt Budskab fra Gud, for menneskeheden kan ikke og har ikke reageret tilstr\u00e6kkeligt \u2013 m\u00e5ske med undtagelse af nogle f\u00e5 exceptionelle enkeltpersoner \u2013 p\u00e5 det spektrum af forandring, der er over jer og foran jer.<\/p>\n<p>Det er ikke blot et sp\u00f8rgsm\u00e5l om tilpasning. Det er et sp\u00f8rgsm\u00e5l om grundl\u00e6ggende forandring \u2013 en \u00e6ndring af hjertet, en \u00e6ndring i tilgang, en holdnings\u00e6ndring. For det, der har fungeret f\u00f8r, vil muligvis ikke fungere nu. Det, der f\u00f8r er taget for givet, kan vise sig at v\u00e6re ineffektivt og utilstr\u00e6kkeligt. Alting vil v\u00e6re n\u00f8dt til at blive genovervejet.<\/p>\n<p>\u00c5benbaringen vil afsl\u00f8re dette og hvorfor det er sandt. Den vil tale til det, som de mennesker, der kan se, allerede har oplevet og oplever nu. Den vil genlyde med jeres religioners store sandheder, og dog vil den afsl\u00f8re ting, der aldrig f\u00f8r er blevet afsl\u00f8ret. Den er et Budskab til den enkelte, der k\u00e6mper for at se og vide sandheden. Og den er et Budskab til hele verden, der st\u00e5r overfor De Store B\u00f8lger af forandring.<\/p>\n<p>Det er ikke et sp\u00f8rgsm\u00e5l om at v\u00e6re positiv eller negativ. Det er et sp\u00f8rgsm\u00e5l, om du kan se eller ej, om du har \u00f8jnene at se med og \u00f8rerne at h\u00f8re med. Det er ikke et sp\u00f8rgsm\u00e5l om politisk orientering eller ideologi eller filosofi. Det er et sp\u00f8rgsm\u00e5l, om du kan se og reagere \u2013 ikke blot p\u00e5 denne dags begivenheder, men p\u00e5 kommende begivenheder, de begivenheder der styrer i jeres retning, verdens tilstande, der forandrer sig under jeres f\u00f8dder og som allerede har forandret verden i s\u00e5 h\u00f8j grad, at I lever i og st\u00e5r overfor en anden slags verden.<\/p>\n<p>Den er ikke dine for\u00e6ldres eller dine forf\u00e6dres verden. Den er ikke den verden, p\u00e5 hvilken civilisationen er blevet bygget og gjort sikker. Den er ikke den verden, p\u00e5 hvilken menneskelig teologi og filosofi har evolveret over \u00e5rhundreder. Den er en anderledes, mere vanskelig og uvis verden \u2013 en verden i forfald, en verden i forandring, en verden som end ikke videnskaben helt vil kunne begribe, en verden, der nu er din.<\/p>\n<p>I vil have brug for en st\u00f8rre intelligens for at navigere i denne verden. I vil have brug for Kundskabens magt i den enkelte, til at vide og se, hvad der m\u00e5 g\u00f8res. I vil have brug for et stort samarbejde mellem folk og nationer, ellers vil udfaldet v\u00e6re katastrofalt.<\/p>\n<p>Det Nye Budskab giver n\u00f8glen og de manglende elementer. Det vil ikke adressere alting. Det vil ikke l\u00f8se alle problemer. Det vil ikke besvare alle sp\u00f8rgsm\u00e5l. Selvf\u00f8lgeligt ikke. Men det vil give dig dit livs prioriteter og fremtidens prioriteter. Det vil g\u00f8re dig i stand til at forberede dig p\u00e5 ting, du ikke kan se og endnu ikke ved. Det vil give dig styrken til at genoverveje dine id\u00e9er og overbevisninger. Det vil genoprette visionens magt for dig, og med den, \u00f8jnene at se med og \u00f8rerne at h\u00f8re med.<\/p>\n<p>Ikke alle vil tage imod dette. Ikke alle vil reagere. Ikke alle vil l\u00e6re og v\u00e6re vidne til Det Nye Budskab. Bestemt ikke. Men mange vil v\u00e6re n\u00f8dt til det \u2013 i lederstillinger, i befolkningen, i forskellige lande, forskellige kulturer, forskellige religioner \u2013 for dette er et Budskab til verden.<\/p>\n<p>Det er ikke et Budskab til \u00e9t land. Det er ikke et Budskab for \u00e9n tid eller \u00e9n begivenhed. Det er ikke en reaktion p\u00e5 religion. Det er ikke en afvisning af religion. Det er ikke en afvisning af regering. Det er ikke en afvisning af, hvad der eksisterer, men en advarsel, en velsignelse og en forberedelse p\u00e5 at leve og g\u00f8re fremskridt i en anderledes verden.<\/p>\n<p>Nu kan du ikke stole p\u00e5 det, der er sket f\u00f8r. Selv naturen er blevet s\u00e5 forstyrret, at du ikke vil kunne stole p\u00e5 visse ting. Nationer vil k\u00e6mpe \u00f8konomisk. Der vil v\u00e6re v\u00e6kst, men kun midlertidigt. Og den menneskelige families behov vil s\u00e5 langt overstige kapaciteten, eller tilsyneladende, at det vil tage magten ud af alle fremskridt, I kan g\u00f8re.<\/p>\n<p>Dette vil skabe en prioritets\u00e6ndring. Nu vil sikkerhed ikke blot v\u00e6re at beskytte en nation fra en anden nation. Den vil v\u00e6re at sikre stabiliteten af store befolkningsgrupper. Alle vil i nogen grad v\u00e6re n\u00f8dt til at blive involveret i dette. Den vil ikke blot v\u00e6re en sag for regeringer eller regeringsf\u00f8relse. Den er for hele verden.<\/p>\n<p>Mange mennesker vil forg\u00e5 i denne store transition. Men tabene kan minimeres og tragedierne afb\u00f8des. Det vil kr\u00e6ve, at alle deltager, hvis menneskeheden skal overleve De Store B\u00f8lger af forandring, og v\u00e6re i stand til at opbygge en ny og mere samarbejdende verden \u2013 en verden, der ikke er baseret p\u00e5 ubegr\u00e6nset v\u00e6kst og ekspansion, men p\u00e5 stabilitet og sikkerhed for verdens befolkning. Det vil v\u00e6re en fremtid meget anderledes end fortiden og meget anderledes end den verden, du ser i dette \u00f8jeblik.<\/p>\n<p>Kun Gud ved, hvad der kommer over horisonten. Men du er givet \u00f8jnene at se med og \u00f8rerne at h\u00f8re med, s\u00e5 du kan se beviserne p\u00e5 dette, i dag og i morgen og i dagene, der f\u00f8lger. Du bliver ikke bedt om at tro, men om at v\u00e6re opm\u00e6rksom, rydde dit sind, \u00e5bne din opfattelse. De mindst sofistikerede blandt jer, kan fort\u00e6lle, at vindene \u00e6ndrer sig, mens eksperterne vedbliver at debattere fortidens virkeligheder. Det er ikke et sp\u00f8rgsm\u00e5l om intellektuel genialitet. Det er et sp\u00f8rgsm\u00e5l om opm\u00e6rksomhed og klarhed, vision og skarpsindighed.<\/p>\n<p>Det vil mislykkes mange mennesker. Mange mennesker vil forn\u00e6gte. Mange mennesker vil undg\u00e5 virkeligheden, for dette er en af menneskehedens store svagheder. Derfor vil de mennesker, der er st\u00e6rke, de mennesker, der er klare, de mennesker, der kan se, de mennesker, der har forpligtet sig til at tjene en foranderlig verden, blive stadigt vigtigere i fremtiden, uanset hvilken stilling de indtager i kultur og samfund.<\/p>\n<p>Derfor m\u00e5 \u00c5benbaringen gives. Den er ikke en menneskelig opfindelse. Den er ikke produktet af \u00e9n mands t\u00e6nkning eller forestilling. N\u00e6ppe. Den er ikke en revolution imod religi\u00f8s t\u00e6nkning som den eksisterer i dag. Den er fuldkommen ny. Den kommer ikke for at ford\u00f8mme, men for at korrigere og give jer magten til at skabe. Den er et Budskab for verden.<\/p>\n<p>Den form\u00f8rkede himmel vokser. Menneskehedens vanskeligheder eskalerer. Regeringer vil blive kraftl\u00f8se i lyset af dette, medmindre de er vejledt af en st\u00f8rre vision og en st\u00f8rre forpligtelse.<\/p>\n<p>Menneskeheden er stadigt ved at dukke op fra en primitiv tilstand, fra en stammestat til et verdenssamfund. Det er en meget vanskelig og farlig overgang, men den m\u00e5 ske, ligesom den m\u00e5 ske i alle verdener i universet, hvor intelligent liv har udviklet sig.<\/p>\n<p>I ser nu disse store og vanskelige overgange i \u00f8jnene, fra stammens krigeriske samfund til et verdensf\u00e6llesskab \u2013 et f\u00e6llesskab baseret p\u00e5 n\u00f8dvendighed og ikke blot p\u00e5 ideologi, et verdensf\u00e6llesskab baseret p\u00e5 at sikre og beskytte verden fra intern kollaps og beskytte den fra fremmed intervention fra universet omkring jer.<\/p>\n<p>Det er en anderledes verden, end den verden, du t\u00e6nker p\u00e5 i dag, men det er en verden, der er i overensstemmelse med naturen, for naturen har ikke forandret sig. Verden har forandret sig, men menneskeheden har ikke forandret sig med den. Og nu tr\u00e6der I ind p\u00e5 et nyt territorie. Fremmed og farligt er det. Det vil kr\u00e6ve stor omhu, idet I g\u00e5r fremad ind i fremtiden.<\/p>\n<p>Hvad er det, der vil vejlede menneskelig opfattelse? Hvad er det, der vil informere folks beslutninger? Det er grunden til, at der er en Ny \u00c5benbaring, bragt til verden af \u00e9n mand med en lille gruppe hj\u00e6lpere. Han er Budbringeren af denne tid, men han vil ikke passe til forventningerne om en supermand. Han vil ikke have magiske kr\u00e6fter. Han vil ikke v\u00e6re karismatisk. Han vil ikke v\u00e6re underholdende. Men han er Budbringeren, og det er hans liv, der har v\u00e6ret befordringsmidlet for et Nyt Budskab fra Gud.<\/p>\n<p>S\u00e5 tag imod det. Lyt. \u00c5bn jeres sind. I kan ikke navigere i fremtiden, uden denne st\u00f8rre \u00c5benbaring. I vil ikke v\u00e6re forberedte. I vil ikke forberede jer i tide. I vil ikke kunne overbevise andre om, at de m\u00e5 reagere.<\/p>\n<p>Gud elsker verden og har givet menneskeheden store L\u00e6rer p\u00e5 vigtige vendepunkter, for at etablere menneskelig civilisation og befri mennesker fra en stamme-identitet, g\u00f8re civilisationen i stand til at udvikle sig og vokse, til trods for dens mange tragedier og fejl.<\/p>\n<p>Nu bev\u00e6ger I jer fra en civilisation til et verdensf\u00e6llesskab, for kun dette vil give [virkelig sikkerhed] og beskytte den menneskelige familie ind i fremtiden. Det er en overgang, som kun f\u00e5 endda kan t\u00e6nke konstruktivt p\u00e5 i dette \u00f8jeblik. Men det er jeres sk\u00e6bne.<\/p>\n<p>&nbsp;<br \/>\n&nbsp;<\/p>\n<div class=\"background-color-bridesmaid padding-20\">\n<h3><strong>Gud Har Talt Igen &#8211; Indholdsfortegnelse<\/strong><\/h3>\n<p><a href=\"https:\/\/www.newmessage.org\/da\/budskabet\/bind-1\/gud-har-talt-igen\/introduktion\">Introduktion<\/a><\/p>\n<p>Kapitel 1: <a href=\"https:\/\/www.newmessage.org\/da\/budskabet\/bind-1\/gud-har-talt-igen\/proklamationen\">Proklamationen<\/a><\/p>\n<p>Kapitel 2: <a href=\"https:\/\/www.newmessage.org\/da\/budskabet\/bind-1\/gud-har-talt-igen\/recitationen\">Recitationen<\/a><\/p>\n<p>Kapitel 3: <a href=\"https:\/\/www.newmessage.org\/da\/budskabet\/bind-1\/gud-har-talt-igen\/engagementet\">Engagementet<\/a><\/p>\n<p>Kapitel 4: <a href=\"https:\/\/www.newmessage.org\/da\/budskabet\/bind-1\/gud-har-talt-igen\/gud-har-talt-igen\">Gud Har Talt Igen<\/a><\/p>\n<p>Kapitel 5: <a href=\"https:\/\/www.newmessage.org\/da\/budskabet\/bind-1\/gud-har-talt-igen\/profeternes-segl\">Profeternes Segl<\/a><\/p>\n<p>Kapitel 6: <a href=\"https:\/\/www.newmessage.org\/da\/budskabet\/bind-1\/gud-har-talt-igen\/budbringerens-mission\">Budbringerens Mission<\/a><\/p>\n<p>Kapitel 7: <a href=\"https:\/\/www.newmessage.org\/da\/budskabet\/bind-1\/gud-har-talt-igen\/indvielsen\">Initieringen<\/a><\/p>\n<p>Kapitel 8: <a href=\"https:\/\/www.newmessage.org\/da\/budskabet\/bind-1\/gud-har-talt-igen\/velsignelsen\">Velsignelsen<\/a><\/p>\n<p>Kapitel 9: <a href=\"https:\/\/www.newmessage.org\/da\/budskabet\/bind-1\/gud-har-talt-igen\/levende-i-tiden-for-abenbaringen\">At leve i en Tid for \u00c5benbaring<\/a><\/p>\n<p>Kapitel 10: <a href=\"https:\/\/www.newmessage.org\/da\/budskabet\/bind-1\/gud-har-talt-igen\/forsamlingen\">Forsamlingen<\/a><\/p>\n<p>Kapitel 11: <a href=\"https:\/\/www.newmessage.org\/da\/budskabet\/bind-1\/gud-har-talt-igen\/guds-nye-budskab-til-verden\">Guds Nye Budskab til Verden<\/a><\/p>\n<p>Kapitel 12: <a href=\"https:\/\/www.newmessage.org\/da\/budskabet\/bind-1\/gud-har-talt-igen\/gud-bevaeger-menneskeheden-i-en-ny-retning\">Gud Bev\u00e6ger Menneskeheden i en Ny Retning<\/a><\/p>\n<p>Kapitel 13: <a href=\"https:\/\/www.newmessage.org\/da\/budskabet\/bind-1\/gud-har-talt-igen\/verden-ma-modtage-guds-nye-budskab\">Verden M\u00e5 Tage Imod Guds Nye Budskab<\/a><\/p>\n<p>Kapitel 14: <a href=\"https:\/\/www.newmessage.org\/da\/budskabet\/bind-1\/gud-har-talt-igen\/kaldet\">Kaldet<\/a><\/p>\n<\/div>\n","protected":false},"excerpt":{"rendered":"<p>Det er tid til at tage imod et Nyt Budskab fra Gud. Det er tid til at tage imod gaven, magten og velsignelsen. Det er tid til at erkende, at Gud har talt igen, efter s\u00e5 lang tavshed. For menneskeheden ser nu De Store B\u00f8lger af forandring i \u00f8jnene \u2013 stor milj\u00f8m\u00e6ssig, \u00f8konomisk og social\u2026 <a class=\"read-more\" href=\"https:\/\/www.v6.newmessage.org\/da\/about-recording-shortcode\/\"><span>Read More<\/span><\/a><\/p>\n","protected":false},"author":32,"featured_media":0,"parent":16290,"menu_order":0,"comment_status":"closed","ping_status":"closed","template":"template-leftsidebar.php","meta":{"_monsterinsights_skip_tracking":false,"_monsterinsights_sitenote_active":false,"_monsterinsights_sitenote_note":"","_monsterinsights_sitenote_category":0,"footnotes":""},"categories":[76,461,460],"tags":[601,640,599],"_links":{"self":[{"href":"https:\/\/www.v6.newmessage.org\/da\/wp-json\/wp\/v2\/pages\/19248"}],"collection":[{"href":"https:\/\/www.v6.newmessage.org\/da\/wp-json\/wp\/v2\/pages"}],"about":[{"href":"https:\/\/www.v6.newmessage.org\/da\/wp-json\/wp\/v2\/types\/page"}],"author":[{"embeddable":true,"href":"https:\/\/www.v6.newmessage.org\/da\/wp-json\/wp\/v2\/users\/32"}],"replies":[{"embeddable":true,"href":"https:\/\/www.v6.newmessage.org\/da\/wp-json\/wp\/v2\/comments?post=19248"}],"version-history":[{"count":26,"href":"https:\/\/www.v6.newmessage.org\/da\/wp-json\/wp\/v2\/pages\/19248\/revisions"}],"predecessor-version":[{"id":27326,"href":"https:\/\/www.v6.newmessage.org\/da\/wp-json\/wp\/v2\/pages\/19248\/revisions\/27326"}],"up":[{"embeddable":true,"href":"https:\/\/www.v6.newmessage.org\/da\/wp-json\/wp\/v2\/pages\/16290"}],"wp:attachment":[{"href":"https:\/\/www.v6.newmessage.org\/da\/wp-json\/wp\/v2\/media?parent=19248"}],"wp:term":[{"taxonomy":"category","embeddable":true,"href":"https:\/\/www.v6.newmessage.org\/da\/wp-json\/wp\/v2\/categories?post=19248"},{"taxonomy":"post_tag","embeddable":true,"href":"https:\/\/www.v6.newmessage.org\/da\/wp-json\/wp\/v2\/tags?post=19248"}],"curies":[{"name":"wp","href":"https:\/\/api.w.org\/{rel}","templated":true}]}}