{"id":17072,"date":"2014-12-21T16:43:23","date_gmt":"2014-12-21T16:43:23","guid":{"rendered":"http:\/\/www.newmessage.org\/?page_id=17072"},"modified":"2017-04-29T21:12:51","modified_gmt":"2017-04-29T21:12:51","slug":"guds-plan-er-at-redde-alle","status":"publish","type":"page","link":"https:\/\/www.v6.newmessage.org\/da\/budskabet\/bind-1\/den-ene-gud\/guds-plan-er-at-redde-alle\/","title":{"rendered":"Guds Plan er at Redde Alle"},"content":{"rendered":"<div><!-- Version 3.0 Verse --><\/div>\n\n<div class=\"tabgroup \"><ul class=\"tabs\"><li><a href=\"#tabs-1\">\u00c5benbaring<\/a><\/li>\n<li><a href=\"#tabs-2\">Bog<\/a><\/li><\/ul>\n <div id=\"tabs-1\"><br \/>\nH\u00f8r den oprindelige version af \u00c5benbaringen p\u00e5 engelsk:<\/p>\n<div id=\"jquery_jplayer_1\" class=\"jp-jplayer\"><\/div>\n\t\t\t\t<div id=\"jp_container_1\" class=\"jp-audio\">\n\t\t\t\t<div class=\"jp-type-single\"><div class=\"jp-control\"><a href=\"javascript:;\" class=\"jp-play\" tabindex=\"1\">play<\/a><a href=\"javascript:;\" class=\"jp-pause\" tabindex=\"1\">pause<\/a><\/div> <div class=\"jp-gui jp-interface\"><div class=\"jp-volume\"><div class=\"jp-volume-bar\"><div class=\"jp-volume-bar-value\"><\/div><\/div><\/div><div class=\"jp-progress\"><div class=\"jp-seek-bar\"><div class=\"jp-play-bar\"><\/div><\/div><\/div><\/div>\t\t\t\t\t<div class=\"jp-no-solution\"><span>Update Required<\/span>To play the media you will need to either update your browser to a recent version or update your <a href=\"http:\/\/get.adobe.com\/flashplayer\/\" target=\"_blank\">Flash plugin<\/a>.<\/div><\/div><\/div>\n\t\t\t<script type='text\/javascript'>\n\t\t\t\tjQuery(document).ready(function() {\n\t\t\t\t\tif (typeof (sermonMedia) == 'function') {\n\t\t\t\t\t\tsermonMedia.addAudio('', \"jquery_jplayer_1\");\n\t\t\t\t\t}\n\t\t\t\t\tjQuery.jPlayer.timeFormat.showHour = true;\n\t\t\t\t\tjQuery(\"#jquery_jplayer_1\").jPlayer({\n\t\t\t\t\t\tready: function(event) {\n\t\t\t\t\t\t\tjQuery(this).jPlayer(\"setMedia\", {mp3: 'https:\/\/www.newmessage.org\/av\/gods-plan-is-to-save-everyone.mp3'});\n\t\t\t\t\t\t},\n\t\t\t\t\t\tplay: function() {\n\t\t\t\t\t\t\tjQuery(this).jPlayer(\"pauseOthers\");\n\t\t\t\t\t\t},\n\t\t\t\t\t\tswfPath: ThemeData.directory_uri+\"\/swf\",\n\t\t\t\t\t\tsolution: \"html, flash\",\n\t\t\t\t\t\tpreload: \"metadata\",\n\t\t\t\t\t\twmode: \"window\",\n\t\t\t\t\t\tsupplied: \"mp3\",\n\t\t\t\t\t\tcssSelectorAncestor: '#jp_container_1'\n\t\t\t\t\t});\n\t\t\t\t});\n\t\t\t<\/script><\/p>\n<p><a title=\"God's Plan Is to Save Everyone\" href=\"https:\/\/www.newmessage.org\/av\/gods-plan-is-to-save-everyone.mp3\">Download<\/a> (h\u00f8jre-klik for at downloade)<\/p>\n<p><em>Som \u00e5benbaret for Guds Budbringer,<br \/>\nMarshall Vian Summers<br \/>\nden 14. oktober, 2014<br \/>\ni Boulder, Colorado<\/em><\/p>\n<div class=\"toggle toggle-white\"><h4 class=\"trigger \"><span class=\"t_ico\"><\/span><a href=\"#\">Om denne optagelse<\/a><\/h4><div class=\"toggle_container \"><br \/>\n<div id=\"yui_3_16_0_ym19_1_1467955126517_3327\" dir=\"ltr\"><span id=\"yui_3_16_0_ym19_1_1467955126517_3177\"><span id=\"yui_3_16_0_ym19_1_1467955126517_3178\">D\u00e9t, du h\u00f8rer i denne lydoptagelse er Den Englelige Forsamlings stemme, der taler gennem Budbringeren, Marshall Vian Summers<br \/>\n<\/span><\/span><\/div>\n<div dir=\"ltr\"><span id=\"yui_3_16_0_ym19_1_1467955126517_3177\"><span id=\"yui_3_16_0_ym19_1_1467955126517_3178\">\u00a0<\/span><\/span><\/div>\n<div id=\"yui_3_16_0_ym19_1_1467955126517_3359\" dir=\"ltr\"><span id=\"yui_3_16_0_ym19_1_1467955126517_3177\"><span id=\"yui_3_16_0_ym19_1_1467955126517_3178\"> Her er den oprindelige kommunikation fra Gud, der eksisterer hinsides ord, oversat til menneskeligt sprog og forst\u00e5else af Den Englelige Forsamling, der f\u00f8rer tilsyn med verden. Forsamlingen leverer derefter Guds Budskab gennem Budbringeren.<br \/>\n<\/span><\/span><\/div>\n<div id=\"yui_3_16_0_ym19_1_1467955126517_3369\" dir=\"ltr\"><span id=\"yui_3_16_0_ym19_1_1467955126517_3177\"><span id=\"yui_3_16_0_ym19_1_1467955126517_3178\">\u00a0<\/span><\/span><\/div>\n<div id=\"yui_3_16_0_ym19_1_1467955126517_3370\" dir=\"ltr\"><span id=\"yui_3_16_0_ym19_1_1467955126517_3177\"><span id=\"yui_3_16_0_ym19_1_1467955126517_3178\">I dette bem\u00e6rkelsesv\u00e6rdige forl\u00f8b, taler \u00c5benbaringens Stemme p\u00e5 ny. Ordet og Lyden er i verden. For f\u00f8rste gang i historien, er den oprindelige talte \u00e5benbaring tilg\u00e6ngelig for dig og for verden at opleve.<br \/>\n<\/span><\/span><\/div>\n<div id=\"yui_3_16_0_ym19_1_1467955126517_3436\" dir=\"ltr\"><span id=\"yui_3_16_0_ym19_1_1467955126517_3177\"><span id=\"yui_3_16_0_ym19_1_1467955126517_3178\">\u00a0<\/span><\/span><\/div>\n<div id=\"yui_3_16_0_ym19_1_1467955126517_3435\" dir=\"ltr\"><span id=\"yui_3_16_0_ym19_1_1467955126517_3177\"><span id=\"yui_3_16_0_ym19_1_1467955126517_3178\">M\u00e5 du v\u00e6re modtageren af denne \u00c5benbaringens gave og m\u00e5 du v\u00e6re \u00e5ben for at tage imod dens unikke Budskab for dig og for dit liv.<\/span><\/span><\/div>\n<br \/>\n<\/div><\/div>\n<p><\/div>\n<div id=\"tabs-2\"><\/p>\n<div class=\"text-align-center text font-size-12 margin-top-10\">Bind 1 &gt; Den Ene Gud &gt; Kapitel\u00a011<\/div>\n<p><\/div>\n\t\t\t\t<div align=\"right\">\n\t\t\t<div class=\"fb-like\" data-href=\"\" data-layout=\"button_count\" data-action=\"like\" data-show-faces=\"false\" data-share=\"false\"><\/div>\n\t\t\t<div class=\"fb-share-button\" data-layout=\"button_count\"> <\/div>\n\t\t\t<div class=\"fb_iframe_widget\"><a href=\"https:\/\/twitter.com\/godsnewmessage?ref_src=twsrc%5Etfw\" class=\"twitter-follow-button\" data-show-count=\"false\">Follow @godsnewmessage<\/a><script async src=\"https:\/\/platform.twitter.com\/widgets.js\" charset=\"utf-8\"><\/script><\/div>\n\t\t\t<\/div> <\/div> \n\n<p>I dag skal vi tale om Guds Store K\u00e6rlighed til verden.<\/p>\n<p>Ved at leve i Adskillelse, har folk valgt at komme ind i en vanskelighedernes verden, en foranderlig verden, en verden, der forlanger konstant tilpasning, en verden af konkurrence om ressourcer, en verden af sk\u00f8nhed, men ogs\u00e5 en verden af modgang. Dette er den naturlige verden, som du kan beundre, men indenfor hvilken du m\u00e5 l\u00e6re at overleve. Det er ikke en let opgave.<\/p>\n<p>Himlen har skabt dette milj\u00f8 i hele universet, som et sted at leve for de adskilte, for de, der valgte at komme ind i (fysisk) form og individualiseret p\u00e5 denne m\u00e5de. Det er et milj\u00f8 med v\u00e6kst og ekspansion, et milj\u00f8, som f\u00e5 i denne verden virkeligt forst\u00e5r.<\/p>\n<p>Ved at v\u00e6lge Adskillelse, m\u00e5tte du komme ind i et meget anderledes milj\u00f8, end det du forlod. Og det er i sandhed anderledes. Du kan ikke forestille dig dit \u00c6ldgamle Hjem, mens du lever i Adskillelse. Og, ja, det er sv\u00e6rt at forestille sig at leve i et fysisk milj\u00f8, mens man opholder sig i sit \u00c6ldgamle Hjem, hvortil du til sidst vil vende tilbage.<\/p>\n<p>For Guds Plan er at redde alle. Det er en Plan, s\u00e5 uds\u00f8gt, s\u00e5 perfekt, at du n\u00e6ppe kan forestille dig den &#8211; en Plan, ikke kun for den menneskelige familie, ikke kun for denne ene lille verden alene, men for hele universet og universerne hinsides det, og for alle den fysiske eksistens&#8217; dimensioner og manifestationer.<\/p>\n<p>Det er derfor, de gamle religioner ikke rigtig kan give dig det komplette billede, for de taler ikke om livet hinsides denne verden. Men det, Gud g\u00f8r hinsides denne verden, er det, Gud g\u00f8r her.<\/p>\n<p>S\u00e5, for f\u00f8rste gang i historien, gives den store forst\u00e5else til den menneskelige familie, som I st\u00e5r p\u00e5 t\u00e6rsklen til rummet, som I st\u00e5r p\u00e5 t\u00e6rsklen til at st\u00f8de p\u00e5 intelligent liv i universet &#8211; intelligent liv, der allerede befinder sig i verden.<\/p>\n<p>For f\u00f8rste gang i historien, f\u00e5r du et st\u00f8rre panorama af liv, hvori at forst\u00e5 dig selv, forst\u00e5 dit liv og dit form\u00e5l med at v\u00e6re i verden p\u00e5 dette tidspunkt. Men, for at se dette og forst\u00e5 dette, m\u00e5 du have en st\u00f8rre forst\u00e5else og opfattelse, ikke bundet af gamle filosofier eller teologi, men bundet i en st\u00f8rre forst\u00e5else af Guds Arbejde i universet.<\/p>\n<p>For f\u00f8rste gang i hele historien bliver dette givet til den menneskelige familie, ikke som en pr\u00e6gtig rejse for nogle f\u00e5 folk at tage og opleve, men for menneskehedens sikkerheds skyld, for bevarelsen af den menneskelige civilisation og dyrkelsen af en st\u00f8rre frihed i verden, st\u00f8rre end nogen frihed, der f\u00f8r er blevet etableret her.<\/p>\n<p>S\u00e5ledes er form\u00e5let af afg\u00f8rende betydning. Tro ikke, at dette er en personlig sp\u00e6ndingsrejse. Det er en grundplan for at overleve i et St\u00f8rre F\u00e6llesskab af liv i universet. Det er en grundplan for at forene verdens religioner tilstr\u00e6kkeligt, s\u00e5 de vil oph\u00f8re med at g\u00e5 imod hinanden og begynde at st\u00f8tte hinanden og hver is\u00e6r give deres enest\u00e5ende s\u00e6rpr\u00e6g, enest\u00e5ende praksis og forst\u00e5else til den menneskelige familie. For Gud har indviet dem alle, og de er her alle for at tjene den menneskelige families v\u00e6kst og bevarelse.<\/p>\n<p>Men, I kan ikke se dette endnu, for I sidder fast i konflikter og kontroverser. I sidder fast i domme og ford\u00f8mmelser. I sidder fast i partipolitik og opposition til andre. Jeres forestilling om Gud mangler fremfor alt i denne henseende.<\/p>\n<p>Gud er Kilden til alle verdens religioner, og alligevel k\u00e6mper de heftigt mod hinanden og har faktisk gjort det i \u00e5rhundreder. P\u00e5 t\u00e6rsklen til et St\u00f8rre F\u00e6llesskab af liv, har I ikke l\u00e6ngere r\u00e5d til denne destruktive og tragiske aktivitet.<\/p>\n<p>Gud ved, hvad menneskeheden m\u00e5 have. Gud ved, hvad der kommer over horisonten. Gud \u00f8nsker ikke at se menneskeheden fejle, mens den \u00f8del\u00e6gger sit fundament i verden og mens den uforberedt st\u00e5r overfor et univers, et konkurrencepr\u00e6get milj\u00f8, mere end noget, I kan finde her p\u00e5 Jorden.<\/p>\n<p>Dette er Guds K\u00e6rlighed. Du er fri til at leve i Adskillelse, for du var skabt til at v\u00e6re fri. Det ligger endda frit for dig, at forlade dit \u00c6ldgamle Hjem. Du er velkommen til at leve i Adskillelse, men din forbindelse til Gud er aldrig oph\u00f8rt.<\/p>\n<p>En del af dit sind er stadigt forbundet med Gud. En del af dit sind kan reagere p\u00e5 Guds Vejledning, Guds Magt og Tilstedev\u00e6relse. En del af dit sind, hinsides intellektets dom\u00e6ne og r\u00e6kkevidde, er stadigt forbundet med dit \u00c6ldgamle Hjem og med hele Skabelsen, der eksisterer hinsides det fysiske dom\u00e6ne.<\/p>\n<p>Tro ikke, at dette er for stort for dig at forst\u00e5, for det er din naturlige tilstand, Vi taler om her i dag. Den har alt at g\u00f8re med, hvorfor du er i verden, hvem du m\u00e5 m\u00f8de, hvad du m\u00e5 g\u00f8re, og hvad du m\u00e5 undg\u00e5, hvis du skal spille din del i Guds St\u00f8rre Plan for menneskeheden og for alt liv i universet.<\/p>\n<p>Gud er langt st\u00f8rre end nogen religion overhovedet har udt\u00e6nkt eller kunne udt\u00e6nke i denne verden, eller i nogen verden \u2013 Gud for milliarder og milliarder og atter milliarder racer og endnu flere, Gud for galakser, der er hinsides denne ene, Skabelsens Gud, hinsides al fysisk manifestation. Ingen teologi eller filosofi kan rumme dette panorama af liv, visdom, magt og intention.<\/p>\n<p>S\u00e5, forst\u00e5, at alle jeres religi\u00f8se overbevisninger af natur er relative, relative med hensyn til tid, rum og forandring. Det er altsammen en tiln\u00e6rmelse.<\/p>\n<p>Hvis de forst\u00e5s korrekt, vil de hj\u00e6lpe jer med at komme videre. De vil hj\u00e6lpe jer med at organisere jeres liv og med at leve korrekt, s\u00e5 I ikke genererer skam og uv\u00e6rdighed for jer selv.<\/p>\n<p>Men religion er ikke korrekt udt\u00e6nkt. Guds K\u00e6rlighed er nu kl\u00e6dt i b\u00f8nner om mirakler og dispensationer. Og Gud portr\u00e6tteres stadigt som vred, h\u00e6vngerrig og straffende i teologiens kerne i verdens religioner.<\/p>\n<p>Derfor, for at forst\u00e5 Guds K\u00e6rlighed, for at forst\u00e5 Guds Plan om at redde alle, m\u00e5 du have \u00f8jnene til at se hinsides det, du er vant til at se, m\u00e5ske hinsides det, du har l\u00e6rt. Du m\u00e5, til en vis grad, se hinsides din religi\u00f8se og sociale pr\u00e6gning.<br \/>\n.<br \/>\nOg, n\u00e5r du g\u00f8r det, vil meningen med dit liv begynde at tydeligg\u00f8re sig. Du vil f\u00f8le det som om, at du var blevet l\u00f8sladt fra et f\u00e6ngsel, et f\u00e6ngsel i dit eget sind, et pr\u00e6gningens og den religi\u00f8se overbevisnings f\u00e6ngsel.<\/p>\n<p>For du kommer ikke til Himlen baseret p\u00e5 tro. Din vej til Himlen har at g\u00f8re med at yde bidrag i verden, baseret p\u00e5 tolerance, tilgivelse og tjeneste for andre. Fra en hvilkensomhelst religionstradition, fra ingen religionstradition, er dit liv enten m\u00e5lrettet i denne henseende, eller ikke m\u00e5lrettet. At bukke sig for Gud betyder intet, hvis du ikke vil f\u00f8lge det, Gud har givet dig at f\u00f8lge i dig selv.<\/p>\n<p>For Gud er ikke bundet af skrifterne, og det, Gud har lagt i dig, er hinsides skrifterne. Lad skrifterne forberede dig p\u00e5 dette dybere engagement, men lad dem ikke erstatte dette dybere engagement.<\/p>\n<p>For en del af dig er stadigt forbundet med Gud, og det er den del, du m\u00e5 l\u00e6re at genkende, at skelne mellem de andre stemmer og impulser i dit sind, den del, som du m\u00e5 l\u00e6re at f\u00f8lge, den del, du har til f\u00e6lles med alle andre, der opholder sig her.<\/p>\n<p>Alle er i verden af en grund, men kun denne del af jer ved, hvad grunden er, og er bundet til at lede dig, hvis muligt, til at f\u00e5 dine rendezvous\u2018er med andre, og forberede dig p\u00e5 et st\u00f8rre liv i tjeneste og opfyldelse her.<\/p>\n<p>Alt det, Vi fort\u00e6ller jer her i dag, vil forberede dig p\u00e5 at forst\u00e5 Guds Plan om at redde alle.<\/p>\n<p>Gud bliver ikke chokeret over dine fejl. Gud bliver ikke chokeret over alle menneskenes tragedier her p\u00e5 Jorden &#8211; dens grusomhed, dens \u00f8del\u00e6ggelse. Gud chokeres ikke over dine fejl, din t\u00e5belighed, din selv-nedg\u00f8relse, din nedg\u00f8relse af andre, for Gud ved, at uden denne Kundskab til at lede jer, vil I leve i forvirring, og fra forvirring kommer fejl, og fra fejl kommer grusomhed og vold imod jer selv og imod andre.<\/p>\n<p>Gud vil ikke straffe dig for det, for Gud ved, at hvis du ikke er forbundet med den dybere Kundskab, som Gud har lagt i dig, den del af dig, der aldrig har forladt Gud, vil dine fejltagelser v\u00e6re uundg\u00e5elige. Selv, hvis du pr\u00f8ver at leve et meget godt og retskaffent liv, vil du stadig v\u00e6re forvirret og konstant forfulgt af din usikkerhed og elendighed og f\u00e6lde dom over verden omkring dig.<\/p>\n<p>Folk fors\u00f8ger at tilpasse sig dette p\u00e5 enhver t\u00e6nkelig m\u00e5de, enten positivt eller negativt, men det hele ender virkeligt med at v\u00e6re det samme. For uden Kundskab, ved du ikke, hvorfra du kommer. Du ved ikke, hvad du foretager dig. Du ved ikke, hvor du virkeligt har brug for at g\u00e5 i livet. Og, alt imens, f\u00f8ler du en tomhed indeni og erkender, i det mindste midlertidigt her og der, at du ikke lever det liv, det var meningen, at du skulle leve.<\/p>\n<p>Selv hvis du har rigdom og pragt, selv, hvis du forekommer at have alt det, samfundet hamstrer som v\u00e6rdifuldt, vil denne tomhed stadigt v\u00e6re med dig, medmindre du f\u00f8lger det, som du m\u00e5 f\u00f8lge, der er uforst\u00e5eligt, men er den st\u00e6rkeste oplevelse, du kan have i livet, n\u00e5r du en gang begynder at engagere dig med den.<\/p>\n<p>Gud ved, at du ikke kunne adskille dig fuldst\u00e6ndigt fra Himlen og Skabelsen. Og, p\u00e5 din rejse her i den fysiske virkelighed, ville du miste den af syne, fordi det er s\u00e5 v\u00e6ldigt vanskeligt at leve i dette milj\u00f8.<\/p>\n<p>Din naturlige tilstand, din naturlige resonans med Skabelsen, ville blive erstattet med alle verdens indtryk, med verdens smerte, med verdens t\u00e5beligheder, med andres tilskyndelser, der tvinger dig til at tilpasse dig dine omst\u00e6ndigheder, din familie, kultur, religion, ofte meget unaturligt, til det punkt, at du bliver s\u00e5 forvansket, at du ingen id\u00e9 har om dig selv. Du er fremmed for dig selv. Du d\u00f8mmer dig selv, som du d\u00f8mmer alle andre, baseret p\u00e5 indtryk og v\u00e6rdier, der er blevet indprentet i dig af din kultur, og som ikke er naturlige for den, du er.<\/p>\n<p>Gud forst\u00e5r disse ting. Gud har lagt Kundskab i dig til at lede dig, beskytte dig og f\u00f8re dig til et st\u00f8rre liv i tjeneste i verden.<\/p>\n<p>Men det kr\u00e6ver en ny tilgang. Mens Kundskabens Vej har v\u00e6ret en del af alle verdens religioner, er den blevet holdt tilbage, s\u00e5 verdens folk ikke kunne f\u00e5 den, ikke kunne finde den, ikke kunne h\u00f8re om den. Holdt tilbage af herskende magter, holdt tilbage af kirkelige organer, holdt tilbage af nationers herskere.<\/p>\n<p>Denne form for frihed var ukendt i den antikke verden, undtagen i meget sj\u00e6ldne tilf\u00e6lde, og er ukendt i dag i store dele af verden. At folk kunne have opm\u00e6rksomheden rettet indad virkede som en trussel for samfundet, for ledelse, for stabilitet, for kultur.<\/p>\n<p>Men, hvis du kan forst\u00e5, hvad Vi siger i dag, vil du forst\u00e5, at Kundskab i dig ikke kan v\u00e6re i opposition til Kundskab i nogen anden. Og at den er den store fredsskaber i verden.<\/p>\n<p>I kan lave fredsaftaler. I kan holde krigens aggression tilbage. I kan holde nationer og folk tilbage fra at angribe hinanden, men I har endnu ikke opn\u00e5et det, der virkeligt er p\u00e5kr\u00e6vet, for at etablere et rimeligt og retf\u00e6rdigt samfund her.<\/p>\n<p>Gud har lagt en dybere samvittighed i alle mennesker. Hvis den overbel\u00e6gges, vil folk ikke opleve den, undtagen m\u00e5ske her og der, i \u00f8jeblikke af frygt eller skyld eller forvirring.<\/p>\n<p>Den del af dig, der aldrig forlod Gud, er retf\u00e6rdig. Den er ikke i opposition til andre. Synspunkter kan variere. Tilgange kan variere. Forst\u00e5elsen vil ikke v\u00e6re den samme i hele denne verden. Men Kundskab kan tilsides\u00e6tte alle disse ting mellem mennesker fra forskellige nationer, forskellige religioner, forskellige kulturer, forskellige orienteringer. Alle disse ting, der skiller folk ad, der kaster folk ud i konflikter med hinanden, kan tilsides\u00e6ttes af det, Vi taler om her i dag.<\/p>\n<p>For Guds Plan er at redde alle. Men Guds Plan er ikke det, folk antager eller forst\u00e5r. Det vil tage sin tid, men tid betyder intet for Gud. Tid betyder alt for dig, der lever i tid og m\u00e5 besk\u00e6ftige dig med ikke at spilde tid &#8211; din tid, v\u00e6rdien af dit liv, den tid, du har f\u00e5et her.<\/p>\n<p>Guds Plan er at redde alle. Den vil \u00e6ndre verdens religioners religi\u00f8se overbevisninger og filosofier. Men den m\u00e5 gives med et helt Nyt Budskab fra Gud, for den er ikke blot en ide alene. Den skaber en helt ny forst\u00e5else, en forst\u00e5else, der er naturlig for den, du er, hvilket g\u00e6lder alle, g\u00e6lder andre racer i universet, g\u00e6lder hele universet. For Gud har ikke en s\u00e6rskilt Plan for hver eneste lille verden.<\/p>\n<p>Den Gud, Vi taler om, er s\u00e5 m\u00e6gtig, og alligevel taler Gud til dig i den mest fortrolige del af dig \u2013 et helligt sted, et evigt sted, et sted s\u00e5 dybt. Du m\u00e5 ned i denne dybde for at forst\u00e5 og for at f\u00e5 den autentiske oplevelse af engagementet, Vi her taler om i dag.<\/p>\n<p>Guds Plan er at genvinde alle de adskilte overalt, for du kan aldrig rigtig v\u00e6re helt adskilt fra Gud. S\u00e5 selv hvis du skaber Helvede p\u00e5 Jord for dig selv og for andre, er du stadigt forbundet med Gud.<\/p>\n<p>Kundskaben er med dig \u2013 her og der og alle vegne. Du kan aldrig miste den. Den kan aldrig tages fra dig. Du kan glemme den. Du kan forn\u00e6gte den. Du kan l\u00f8be v\u00e6k fra den. Du kan leve et liv adskilt fra den. Men den er altid med dig.<\/p>\n<p>Du er t\u00f8jret til Himlen, ser du. Ligegyldigt hvor nedv\u00e6rdigende dit liv i verden er, ligegyldigt hvor brutal din situation er, ligegyldigt hvor forf\u00e6rdelig den politiske eller religi\u00f8se undertrykkelse, hvorunder du lever, er, er du stadigt forbundet p\u00e5 denne m\u00e5de, og det er s\u00e5dan Gud vil redde dig.<\/p>\n<p>Gud er ligeglad med jeres religi\u00f8se overbevisninger. Deres v\u00e6rdi ligger kun i den grad i hvilken de kan forbinde jer med den dybere intelligens, denne dybere del af jer, som Vi taler om.<\/p>\n<p>At have en vidunderlig eller korrekt tro, vil ikke bygge bro mellem dig og din Kilde. At tro p\u00e5 en l\u00e6rer, vil ikke g\u00f8re en forskel her. At tro p\u00e5 en af de store Budbringere, der er kommet til Jorden fra Den Englelige Forsamling, er ikke nok.<\/p>\n<p>Du m\u00e5 f\u00f8lge det, som blev givet dig at f\u00f8lge. Du m\u00e5 leve dit liv i henhold til denne, indenfor religion eller udenfor religion, hvorend du er bestemt til at befinde dig. S\u00e5ledes vil Gud redde dig.<\/p>\n<p>N\u00e5r du har afsluttet din l\u00e6ring her i verden, vil du slutte dig til en st\u00f8rre Forsamling, der f\u00f8rer tilsyn med livet i denne verden, for at hj\u00e6lpe dem, der blev tilbage. Dine resultater vil ikke v\u00e6re spildt.<\/p>\n<p>N\u00e5r du ikke l\u00e6ngere beh\u00f8ver at v\u00e6re i denne verden eller leve i den fysiske virkelighed, er din tr\u00e6ning endnu ikke f\u00e6rdiggjort. Du vil indtr\u00e6de et tjenesteniveau, hvor man hj\u00e6lper dem, der blev tilbage. Det er s\u00e5dan, Gud s\u00e6tter alle, der bor i Adskillelse, p\u00e5 arbejde, for at frelse alle. En Plan s\u00e5 smuk, at du ikke engang kan forestille dig, hvordan den fungerer. En Plan s\u00e5 fuldkommen, at den ikke kan sl\u00e5 fejl i tid.<\/p>\n<p>Men tiden er dit problem, ser du, for du vansm\u00e6gter i tid. Du lider i tid. Dit liv misbruges. Du flytter dig ikke. Du finder ikke det, som du m\u00e5 finde, og g\u00f8r ikke det, som du m\u00e5 g\u00f8re. Ikke endnu. M\u00e5ske er du t\u00e6t p\u00e5. M\u00e5ske er du langt fra.<\/p>\n<p>Dette er Himlens Kald. Det er s\u00e5dan Gud vil redde alle. For at acceptere den, m\u00e5 du l\u00e6re at tage hensyn til dig selv og til andre. Du m\u00e5 se, at dine fejl er resultatet af at leve uden Kundskab. Du m\u00e5 se, at menneskehedens tragedier, fejl og konflikter alle er resultater af, at folk ikke er klare over disse ting, Vi taler om.<\/p>\n<p>Uden Kundskab, vil folk identificere sig med deres ideer og deres tro, deres politiske dagsorden, deres religi\u00f8se dagsorden, hvoraf mange er baseret p\u00e5 konflikt og opposition til andre.<\/p>\n<p>Det er en h\u00e5bl\u00f8s situation. Men, der er en vej ud af denne jungle, og Gud har lagt magten i dig, for at lede dig ud, trin for trin. Du vil ikke forst\u00e5 det, idet du g\u00e5r i gang. Du m\u00e5 bare tage det n\u00e6ste trin. Du vil ikke endnu forst\u00e5, hvad der virkelig foreg\u00e5r i dit liv. Men du m\u00e5 have nok tillid til dig selv, og du m\u00e5 holde inde med at ford\u00f8mme andre, s\u00e5 dit sind kan \u00e5bne sig, s\u00e5 du kan begynde at reagere.<\/p>\n<p>Guds Nye \u00c5benbaring i verden kalder ud til hele verden og giver den vej, der er kernen i alle verdens religioner, men som aldrig f\u00f8r er blevet stillet til r\u00e5dighed.<\/p>\n<p>For Guds Plan er at redde alle. Og, det, at du er i verden, er en del af denne Plan. <\/p>\n","protected":false},"excerpt":{"rendered":"<p>I dag skal vi tale om Guds Store K\u00e6rlighed til verden. Ved at leve i Adskillelse, har folk valgt at komme ind i en vanskelighedernes verden, en foranderlig verden, en verden, der forlanger konstant tilpasning, en verden af konkurrence om ressourcer, en verden af sk\u00f8nhed, men ogs\u00e5 en verden af modgang. Dette er den naturlige\u2026 <a class=\"read-more\" href=\"https:\/\/www.v6.newmessage.org\/da\/about-recording-shortcode\/\"><span>Read More<\/span><\/a><\/p>\n","protected":false},"author":1,"featured_media":0,"parent":16297,"menu_order":3,"comment_status":"closed","ping_status":"closed","template":"","meta":{"_monsterinsights_skip_tracking":false,"_monsterinsights_sitenote_active":false,"_monsterinsights_sitenote_note":"","_monsterinsights_sitenote_category":0,"footnotes":""},"categories":[76,118,30,379,460],"tags":[613],"_links":{"self":[{"href":"https:\/\/www.v6.newmessage.org\/da\/wp-json\/wp\/v2\/pages\/17072"}],"collection":[{"href":"https:\/\/www.v6.newmessage.org\/da\/wp-json\/wp\/v2\/pages"}],"about":[{"href":"https:\/\/www.v6.newmessage.org\/da\/wp-json\/wp\/v2\/types\/page"}],"author":[{"embeddable":true,"href":"https:\/\/www.v6.newmessage.org\/da\/wp-json\/wp\/v2\/users\/1"}],"replies":[{"embeddable":true,"href":"https:\/\/www.v6.newmessage.org\/da\/wp-json\/wp\/v2\/comments?post=17072"}],"version-history":[{"count":18,"href":"https:\/\/www.v6.newmessage.org\/da\/wp-json\/wp\/v2\/pages\/17072\/revisions"}],"predecessor-version":[{"id":27083,"href":"https:\/\/www.v6.newmessage.org\/da\/wp-json\/wp\/v2\/pages\/17072\/revisions\/27083"}],"up":[{"embeddable":true,"href":"https:\/\/www.v6.newmessage.org\/da\/wp-json\/wp\/v2\/pages\/16297"}],"wp:attachment":[{"href":"https:\/\/www.v6.newmessage.org\/da\/wp-json\/wp\/v2\/media?parent=17072"}],"wp:term":[{"taxonomy":"category","embeddable":true,"href":"https:\/\/www.v6.newmessage.org\/da\/wp-json\/wp\/v2\/categories?post=17072"},{"taxonomy":"post_tag","embeddable":true,"href":"https:\/\/www.v6.newmessage.org\/da\/wp-json\/wp\/v2\/tags?post=17072"}],"curies":[{"name":"wp","href":"https:\/\/api.w.org\/{rel}","templated":true}]}}