{"id":16489,"date":"2014-10-29T23:51:33","date_gmt":"2014-10-29T23:51:33","guid":{"rendered":"http:\/\/www.newmessage.org\/?page_id=16489"},"modified":"2023-09-29T14:41:26","modified_gmt":"2023-09-29T14:41:26","slug":"den-nye-budbringer","status":"publish","type":"page","link":"https:\/\/www.v6.newmessage.org\/da\/budskabet\/bind-1\/den-nye-budbringer\/","title":{"rendered":"Den Nye Budbringer"},"content":{"rendered":"<p><img loading=\"lazy\" decoding=\"async\" class=\"imgborder alignright wp-image-29798 size-large\" src=\"https:\/\/www.newmessage.org\/wp-content\/uploads\/2016\/09\/The-New-Messenger-ebook-cover-1-400x600.jpg\" alt=\"The New Messenger book\" width=\"400\" height=\"600\" \/><\/p>\n<p><em>Den Nye Budbringer<\/em> er en \u00e5benbaringens bog vedr\u00f8rende Guds Budbringeres oprindelse, deres afstamning og deres mission, Guds Budbringere, der p\u00e5 forskellige tidspunkter i menneskets historie er ankommet til verden for at tage imod og pr\u00e6sentere Nye \u00c5benbaringer for menneskeheden.<\/p>\n<p>Det Nye Budskab l\u00e6rer os, at alle Guds tidligere Budbringere var medlemmer af Den Englelige Forsamling, der f\u00f8rer tilsyn med verden. Op gennem historien, har denne Forsamling, som svar p\u00e5 Guds Vilje, sendt en af deres egne ind i verden p\u00e5 bestemte tidspunkter og steder, for at tjene menneskehedens voksende behov.<\/p>\n<p>Ankomsten af en Ny Budbringer repr\u00e6senterer det n\u00e6ste kapitel i den progressive \u00c5benbaring af Guds Viljes og Plan for menneskeheden. Nu har Gud talt igen og afsl\u00f8rer det, der aldrig er blevet afsl\u00f8ret f\u00f8r, talt gennem en ny Budbringer, en mand ved navn Marshall Vian Summers.<\/p>\n<p><em>Den Nye Budbringer<\/em> indeholder disse \u00e5benbaringer fra Kilden vedr\u00f8rende Budbringeren selv. Hvem er han? Hvorfor blev han valgt? Hvordan kan du vide, at han er \u00e6gte og autentisk? Og hvordan er han forbundet med Budbringerne fra fortiden?<\/p>\n<p>Det er sp\u00f8rgsm\u00e5l, at alle mennesker af god tro kan sp\u00f8rge. Nu har Gud igen talt med en r\u00e6kke afsl\u00f8ringer for at h\u00f8jne vores forst\u00e5else af Guds Budbringere, deres udv\u00e6lgelse, deres h\u00f8jere identitet, deres forhold til hinanden og konsekvensen af deres tilsynekomst og fremkomst i verden.<\/p>\n<p>Hvert kapitel af <em>Den Nye Budbringer<\/em> er en individuel \u00e5benbaring givet af Gud til menneskeheden. Her har du muligheden for virkeligt at forst\u00e5 manden, Marshall Vian Summers, der har v\u00e6ret modtageren af over 9000 sider af Det Nye Budskab fra Guds \u00e5benbaring. \u00c5benbaringens Stemme forts\u00e6tter med at tale gennem Budbringeren, og Ordet og Lyden af Guds kommunikation bliver nu h\u00f8rt rundt omkring i verden. \u00c5benbaringen forts\u00e6tter endnu denne dag.<\/p>\n<p><em>Den Nye Budbringer er den tredje bog af <a href=\"http:\/\/www.detnyebudskabfragud.org\/budskabet\/bind-1\/\">Bind 1<\/a> af Det Nye Budskab fra Gud.<\/em><\/p>\n<div class=\"background-color-bridesmaid padding-20\">\n<h2 style=\"text-align: left;\"><span style=\"color: #525252;\">Indholdsfortegnelse<\/span><\/h2>\n<p><a href=\"\/da\/budskabet\/bind-1\/den-nye-budbringer\/introduktion\/\">Introduktion<\/a><\/p>\n<p>Kapitel 1: <a href=\"\/da\/budskabet\/bind-1\/den-nye-budbringer\/himlens-vilje\/\">Himlens Vilje<\/a><\/p>\n<p>Kapitel 2: <a href=\"http:\/\/www.detnyebudskabfragud.org\/budskabet\/bind-1\/den-nye-budbringer\/budbringerens-oprindelse\/\">Budbringerens Oprindelse<\/a><\/p>\n<p>Kapitel 3: <a href=\"http:\/\/www.detnyebudskabfragud.org\/budskabet\/bind-1\/den-nye-budbringer\/budbringerens-slaegt\/\">Budbringerens Sl\u00e6gt<\/a><\/p>\n<p>Kapitel 4: <a href=\"\/da\/budskabet\/bind-1\/den-nye-budbringer\/budbringerens-historie\/\">Budbringerens Historie<\/a><\/p>\n<p>Kapitel 5: <a href=\"http:\/\/www.detnyebudskabfragud.org\/budskabet\/bind-1\/den-nye-budbringer\/kravene-til-budbringeren\/\">Kravene til Budbringeren<\/a><\/p>\n<p>Kapitel 6: <a href=\"http:\/\/www.detnyebudskabfragud.org\/budskabet\/bind-1\/den-nye-budbringer\/budbringerens-slor\/\">Budbringerens Sl\u00f8r<\/a><\/p>\n<p>Kapitel 7: <a href=\"\/da\/budskabet\/bind-1\/den-nye-budbringer\/at-forsta-den-nye-budbringer\/\">At Forst\u00e5 den Nye Budbringer<\/a><\/p>\n<p>Kapitel 8: <a href=\"https:\/\/www.newmessage.org\/da\/budskabet\/bind-1\/den-nye-budbringer\/sta-overfor-abenbaringens-lys\/\">At St\u00e5 overfor \u00c5benbaringens Lys<\/a><\/p>\n<p>Kapitel 9: <a href=\"\/da\/budskabet\/bind-1\/den-nye-budbringer\/budbringerens-rejse\/\">Budbringerens Rejse<\/a><\/p>\n<p>Kapitel 10: <a href=\"\/da\/budskabet\/bind-1\/den-nye-budbringer\/profeten\/\">Profeten<\/a><\/p>\n<p>Kapitel 11: <a href=\"https:\/\/www.newmessage.org\/da\/budskabet\/bind-1\/den-nye-budbringer\/konsekvensen-af-abenbaring\/\">Konsekvensen af \u00c5benbaring<\/a><\/p>\n<p>Kapitel 12: <a href=\"\/da\/budskabet\/bind-1\/den-nye-budbringer\/budbringerens-pakaldelse\/\">Budbringerens Kald<\/a><\/p>\n<p>Kapitel 13: <a href=\"\/da\/budskabet\/bind-1\/den-nye-budbringer\/at-vandre-med-budbringeren\/\">At vandre med Budbringeren<\/a><\/p>\n<\/div>\n","protected":false},"excerpt":{"rendered":"<p>Den Nye Budbringer er en \u00e5benbaringens bog vedr\u00f8rende Guds Budbringeres oprindelse, deres afstamning og deres mission, Guds Budbringere, der p\u00e5 forskellige tidspunkter i menneskets historie er ankommet til verden for at tage imod og pr\u00e6sentere Nye \u00c5benbaringer for menneskeheden. Det Nye Budskab l\u00e6rer os, at alle Guds tidligere Budbringere var medlemmer af Den Englelige Forsamling,\u2026 <a class=\"read-more\" href=\"https:\/\/www.v6.newmessage.org\/da\/budskabet\/bind-1\/den-nye-budbringer\/\"><span>Read More<\/span><\/a><\/p>\n","protected":false},"author":1,"featured_media":0,"parent":16287,"menu_order":6,"comment_status":"closed","ping_status":"closed","template":"template-leftsidebar.php","meta":{"_monsterinsights_skip_tracking":false,"_monsterinsights_sitenote_active":false,"_monsterinsights_sitenote_note":"","_monsterinsights_sitenote_category":0,"footnotes":""},"categories":[465,460],"tags":[606],"_links":{"self":[{"href":"https:\/\/www.v6.newmessage.org\/da\/wp-json\/wp\/v2\/pages\/16489"}],"collection":[{"href":"https:\/\/www.v6.newmessage.org\/da\/wp-json\/wp\/v2\/pages"}],"about":[{"href":"https:\/\/www.v6.newmessage.org\/da\/wp-json\/wp\/v2\/types\/page"}],"author":[{"embeddable":true,"href":"https:\/\/www.v6.newmessage.org\/da\/wp-json\/wp\/v2\/users\/1"}],"replies":[{"embeddable":true,"href":"https:\/\/www.v6.newmessage.org\/da\/wp-json\/wp\/v2\/comments?post=16489"}],"version-history":[{"count":36,"href":"https:\/\/www.v6.newmessage.org\/da\/wp-json\/wp\/v2\/pages\/16489\/revisions"}],"predecessor-version":[{"id":27961,"href":"https:\/\/www.v6.newmessage.org\/da\/wp-json\/wp\/v2\/pages\/16489\/revisions\/27961"}],"up":[{"embeddable":true,"href":"https:\/\/www.v6.newmessage.org\/da\/wp-json\/wp\/v2\/pages\/16287"}],"wp:attachment":[{"href":"https:\/\/www.v6.newmessage.org\/da\/wp-json\/wp\/v2\/media?parent=16489"}],"wp:term":[{"taxonomy":"category","embeddable":true,"href":"https:\/\/www.v6.newmessage.org\/da\/wp-json\/wp\/v2\/categories?post=16489"},{"taxonomy":"post_tag","embeddable":true,"href":"https:\/\/www.v6.newmessage.org\/da\/wp-json\/wp\/v2\/tags?post=16489"}],"curies":[{"name":"wp","href":"https:\/\/api.w.org\/{rel}","templated":true}]}}