{"id":16486,"date":"2014-10-29T23:48:58","date_gmt":"2014-10-29T23:48:58","guid":{"rendered":"http:\/\/www.newmessage.org\/?page_id=16486"},"modified":"2020-08-06T18:40:09","modified_gmt":"2020-08-06T18:40:09","slug":"det-storre-faellesskab","status":"publish","type":"page","link":"https:\/\/www.v6.newmessage.org\/da\/budskabet\/bind-1\/det-storre-faellesskab\/","title":{"rendered":"Det St\u00f8rre F\u00e6llesskab"},"content":{"rendered":"<p>&nbsp;<\/p>\n<p><img loading=\"lazy\" decoding=\"async\" width=\"200\" height=\"300\" class=\"alignright size-medium wp-image-27206 imgborder\" src=\"https:\/\/www.newmessage.org\/da\/wp-content\/uploads\/sites\/43\/2018\/03\/The-Greater-Community-UFOs-Alien-Contact-400x600-200x300.png\" alt=\"\" srcset=\"https:\/\/www.v6.newmessage.org\/da\/wp-content\/uploads\/sites\/43\/2018\/03\/The-Greater-Community-UFOs-Alien-Contact-400x600-200x300.png 200w, https:\/\/www.v6.newmessage.org\/da\/wp-content\/uploads\/sites\/43\/2018\/03\/The-Greater-Community-UFOs-Alien-Contact-400x600.png 400w\" sizes=\"(max-width: 200px) 100vw, 200px\" \/>I <em>Det St\u00f8rre F\u00e6llesskab<\/em> afsl\u00f8rer Gud den fysiske og den spirituelle virkelighed af intelligent liv i universet. Kendt hinsides vor verden som Det St\u00f8rre F\u00e6llesskab, er dette univers af liv det st\u00f8rre milj\u00f8, hvori vi altid har levet, men som vi aldrig har kunnet skelne eller forst\u00e5 p\u00e5 egen h\u00e5nd.<\/p>\n<p>Gud afsl\u00f8rer for menneskeheden, at det er vor egen sk\u00e6bne at dukke op i Det St\u00f8rre F\u00e6llesskab af liv. Dette er det st\u00f8rste vendepunkt i menneskets historie, et der vil have stor konsekvens for alle mennesker, b\u00e5de nu og i fremtiden. Dette er delvist grunden til, at Gud har talt igen &#8211; for at advare og forberede hele den menneskelige familie.<\/p>\n<p>Mange mennesker rundt om i verden, i alle nationer og kulturer, oplever en naturlig og iboende forbindelse til dette st\u00f8rre panorama af liv i universet, men har ikke kunnet f\u00e5 nogen klar forst\u00e5else af, hvad det betyder for dem og for verden. Nu er en Ny \u00c5benbaring kommet for at belyse din forbindelse til Det St\u00f8rre F\u00e6llesskab, for at lade dig udforske, hvad det betyder og hvordan det relaterer til dit form\u00e5l med at v\u00e6re i verden p\u00e5 dette tidspunkt.<\/p>\n<p>Gud advarer nu menneskeheden om, at dens isolation i universet er ovre, og at vor opdukken i Det St\u00f8rre F\u00e6llesskab er begyndt. Visse kr\u00e6fter intervenerer i vor verden og truer menneskehedens fremtid og frihed. Og dog er vi uvidende om og uforberedte p\u00e5 det, der nu sker i vor verden, og hvad det vil betyde for vor fremtid.<\/p>\n<p>Gennem Det Nye Budskab, s\u00f8rger Gud for en forberedelse p\u00e5 vort m\u00f8de med kr\u00e6fter fra Det St\u00f8rre F\u00e6llesskab og de altafg\u00f8rende ting, vi m\u00e5 vide, idet vi st\u00e5r p\u00e5 t\u00e6rsklen til rummet.<\/p>\n<p>De \u00e5benbaringer, der pr\u00e6senteres her, er blevet samlet i denne bog af Budbringeren <a href=\"http:\/\/www.detnyebudskabfragud.org\/hvem-er-marshall-vian-summers\/\">Marshall Vian Summers<\/a>. Flere \u00e5benbaringer og profeti om Det St\u00f8rre F\u00e6llesskab pr\u00e6senteres i bogen Life in the Universe og i mange andre tekster i Det Nye Budskab.<\/p>\n<p><em>Det St\u00f8rre F\u00e6llesskab er den fjerde bog i <a href=\"http:\/\/www.detnyebudskabfragud.org\/budskabet\/bind-1\/\">Bind 1<\/a> af Det Nye Budskab fra Gud.<\/em><\/p>\n<div class=\"background-color-bridesmaid padding-20\">\n<h2 style=\"text-align: left\"><span style=\"color: #525252\">Indholdsfortegnelse<\/span><\/h2>\n<p style=\"margin-bottom: .0001pt\"><a href=\"https:\/\/www.detnyebudskabfragud.org\/budskabet\/bind-1\/det-storre-faellesskab\/traede-ind-det-storre-faellesskab\/\"><span lang=\"EN-US\">At Tr\u00e6de Ind i Det St\u00f8rre F\u00e6llesskab<\/span><\/a><\/p>\n<p style=\"margin-bottom: .0001pt\"><span lang=\"EN-US\">&nbsp;<\/span><span lang=\"EN-US\">At Forberede Sig p\u00e5 Det St\u00f8rre F\u00e6llesskab<\/span><\/p>\n<p style=\"margin-bottom: .0001pt\"><span lang=\"EN-US\">&nbsp;<\/span><span lang=\"EN-US\">Vigtigheden af Det St\u00f8rre F\u00e6llesskab<\/span><\/p>\n<p style=\"margin-bottom: .0001pt\"><a href=\"https:\/\/www.newmessage.org\/da\/budskabet\/bind-1\/det-storre-faellesskab\/hvem-er-menneskehedens-allierede\/\"><span lang=\"EN-US\">Hvem er Menneskehedens Allierede?<\/span><\/a><\/p>\n<p>&nbsp;<\/p>\n<\/div>\n","protected":false},"excerpt":{"rendered":"<p>&nbsp; I Det St\u00f8rre F\u00e6llesskab afsl\u00f8rer Gud den fysiske og den spirituelle virkelighed af intelligent liv i universet. Kendt hinsides vor verden som Det St\u00f8rre F\u00e6llesskab, er dette univers af liv det st\u00f8rre milj\u00f8, hvori vi altid har levet, men som vi aldrig har kunnet skelne eller forst\u00e5 p\u00e5 egen h\u00e5nd. Gud afsl\u00f8rer for menneskeheden,\u2026 <a class=\"read-more\" href=\"https:\/\/www.v6.newmessage.org\/da\/budskabet\/bind-1\/det-storre-faellesskab\/\"><span>Read More<\/span><\/a><\/p>\n","protected":false},"author":1,"featured_media":0,"parent":16287,"menu_order":0,"comment_status":"closed","ping_status":"closed","template":"template-leftsidebar.php","meta":{"_monsterinsights_skip_tracking":false,"_monsterinsights_sitenote_active":false,"_monsterinsights_sitenote_note":"","_monsterinsights_sitenote_category":0,"footnotes":""},"categories":[464,460],"tags":[621,620],"_links":{"self":[{"href":"https:\/\/www.v6.newmessage.org\/da\/wp-json\/wp\/v2\/pages\/16486"}],"collection":[{"href":"https:\/\/www.v6.newmessage.org\/da\/wp-json\/wp\/v2\/pages"}],"about":[{"href":"https:\/\/www.v6.newmessage.org\/da\/wp-json\/wp\/v2\/types\/page"}],"author":[{"embeddable":true,"href":"https:\/\/www.v6.newmessage.org\/da\/wp-json\/wp\/v2\/users\/1"}],"replies":[{"embeddable":true,"href":"https:\/\/www.v6.newmessage.org\/da\/wp-json\/wp\/v2\/comments?post=16486"}],"version-history":[{"count":34,"href":"https:\/\/www.v6.newmessage.org\/da\/wp-json\/wp\/v2\/pages\/16486\/revisions"}],"predecessor-version":[{"id":27272,"href":"https:\/\/www.v6.newmessage.org\/da\/wp-json\/wp\/v2\/pages\/16486\/revisions\/27272"}],"up":[{"embeddable":true,"href":"https:\/\/www.v6.newmessage.org\/da\/wp-json\/wp\/v2\/pages\/16287"}],"wp:attachment":[{"href":"https:\/\/www.v6.newmessage.org\/da\/wp-json\/wp\/v2\/media?parent=16486"}],"wp:term":[{"taxonomy":"category","embeddable":true,"href":"https:\/\/www.v6.newmessage.org\/da\/wp-json\/wp\/v2\/categories?post=16486"},{"taxonomy":"post_tag","embeddable":true,"href":"https:\/\/www.v6.newmessage.org\/da\/wp-json\/wp\/v2\/tags?post=16486"}],"curies":[{"name":"wp","href":"https:\/\/api.w.org\/{rel}","templated":true}]}}