{"id":16358,"date":"2014-10-26T00:24:45","date_gmt":"2014-10-26T00:24:45","guid":{"rendered":"http:\/\/www.newmessage.org\/?page_id=16358"},"modified":"2023-07-29T19:46:30","modified_gmt":"2023-07-29T19:46:30","slug":"andre-abenbaringer","status":"publish","type":"page","link":"https:\/\/www.v6.newmessage.org\/da\/budskabet\/andre-abenbaringer\/","title":{"rendered":"Andre \u00c5benbaringer"},"content":{"rendered":"<h2>Andre \u00c5benbaringer fra Det Nye Budskab fra Gud:<\/h2>\n<p>Her er andre \u00e5benbaringer fra Det Nye Budskab fra Gud tilg\u00e6ngelige, der endnu ikke er blevet samlet i bind og i b\u00f8ger af Budbringeren. <!-- href=\"https:\/\/www.newmessage.org\/onebook\">Learn more...<\/a> --><br \/>\n\n\t    \n\t<article class=\"posts_listing blog_shortcode clearfix post-28109 page type-page status-publish hentry category-revelations category-other-revelations category-audio tag-spiritual-retreat\" id=\"post-28109\">\n\n\t\t\t\t\n\t<h2 class=\"entry-title\"><a href=\"https:\/\/www.v6.newmessage.org\/da\/budskabet\/andre-abenbaringer\/andelig-tilflugt\/\" rel=\"bookmark\" title=\"Permanent Link to \u00c5ndelig Tilflugt\">\u00c5ndelig Tilflugt<\/a><\/h2>\n\n\t\t\t\n\t\t<\/article>\n\t    \n\t<article class=\"posts_listing blog_shortcode clearfix post-28105 page type-page status-publish hentry category-revelations category-other-revelations category-audio tag-protecting-yourself-from-the-intervention\" id=\"post-28105\">\n\n\t\t\t\t\n\t<h2 class=\"entry-title\"><a href=\"https:\/\/www.v6.newmessage.org\/da\/budskabet\/andre-abenbaringer\/at-beskytte-sig-selv-imod-interventionen\/\" rel=\"bookmark\" title=\"Permanent Link to At Beskytte Sig Selv imod Interventionen\">At Beskytte Sig Selv imod Interventionen<\/a><\/h2>\n\n\t\t\t\n\t\t<\/article>\n\t    \n\t<article class=\"posts_listing blog_shortcode clearfix post-28103 page type-page status-publish hentry category-revelations category-other-revelations category-audio tag-the-age-of-women\" id=\"post-28103\">\n\n\t\t\t\t\n\t<h2 class=\"entry-title\"><a href=\"https:\/\/www.v6.newmessage.org\/da\/budskabet\/andre-abenbaringer\/kvindernes-tidsalder\/\" rel=\"bookmark\" title=\"Permanent Link to Kvindernes Tidsalder\">Kvindernes Tidsalder<\/a><\/h2>\n\n\t\t\t\n\t\t<\/article>\n\t    \n\t<article class=\"posts_listing blog_shortcode clearfix post-28065 page type-page status-publish hentry category-revelations category-other-revelations category-audio tag-money\" id=\"post-28065\">\n\n\t\t\t\t\n\t<h2 class=\"entry-title\"><a href=\"https:\/\/www.v6.newmessage.org\/da\/budskabet\/andre-abenbaringer\/penge\/\" rel=\"bookmark\" title=\"Permanent Link to Penge\">Penge<\/a><\/h2>\n\n\t\t\t\n\t\t<\/article>\n\t    \n\t<article class=\"posts_listing blog_shortcode clearfix post-28052 page type-page status-publish hentry category-revelations category-other-revelations category-audio tag-new-message-for-young-people\" id=\"post-28052\">\n\n\t\t\t\t\n\t<h2 class=\"entry-title\"><a href=\"https:\/\/www.v6.newmessage.org\/da\/budskabet\/andre-abenbaringer\/nyt-budskab-for-unge-mennesker\/\" rel=\"bookmark\" title=\"Permanent Link to Nyt Budskab for Unge Mennesker\">Nyt Budskab for Unge Mennesker<\/a><\/h2>\n\n\t\t\t\n\t\t<\/article>\n\t    \n\t<article class=\"posts_listing blog_shortcode clearfix post-27794 page type-page status-publish hentry category-revelations category-other-revelations category-audio\" id=\"post-27794\">\n\n\t\t\t\t\n\t<h2 class=\"entry-title\"><a href=\"https:\/\/www.v6.newmessage.org\/da\/budskabet\/andre-abenbaringer\/initieringens-staerke-straler\/\" rel=\"bookmark\" title=\"Permanent Link to Initieringens St\u00e6rke Str\u00e5ler\">Initieringens St\u00e6rke Str\u00e5ler<\/a><\/h2>\n\n\t\t\t\n\t\t<\/article>\n\t    \n\t<article class=\"posts_listing blog_shortcode clearfix post-27791 page type-page status-publish hentry category-revelations category-other-revelations category-audio tag-night-meditation\" id=\"post-27791\">\n\n\t\t\t\t\n\t<h2 class=\"entry-title\"><a href=\"https:\/\/www.v6.newmessage.org\/da\/budskabet\/andre-abenbaringer\/natte-meditationen\/\" rel=\"bookmark\" title=\"Permanent Link to Natte-Meditationen\">Natte-Meditationen<\/a><\/h2>\n\n\t\t\t\n\t\t<\/article>\n\t    \n\t<article class=\"posts_listing blog_shortcode clearfix post-27788 page type-page status-publish hentry category-revelations category-other-revelations category-audio tag-the-threshold-of-personal-revelation\" id=\"post-27788\">\n\n\t\t\t\t\n\t<h2 class=\"entry-title\"><a href=\"https:\/\/www.v6.newmessage.org\/da\/budskabet\/andre-abenbaringer\/taersklen-til-personlig-abenbaring\/\" rel=\"bookmark\" title=\"Permanent Link to T\u00e6rsklen til Personlig \u00c5benbaring\">T\u00e6rsklen til Personlig \u00c5benbaring<\/a><\/h2>\n\n\t\t\t\n\t\t<\/article>\n\t    \n\t<article class=\"posts_listing blog_shortcode clearfix post-27786 page type-page status-publish hentry category-revelations category-other-revelations category-audio tag-building-the-four-pillars-of-your-life\" id=\"post-27786\">\n\n\t\t\t\t\n\t<h2 class=\"entry-title\"><a href=\"https:\/\/www.v6.newmessage.org\/da\/budskabet\/andre-abenbaringer\/at-bygge-dit-livs-fire-sojler\/\" rel=\"bookmark\" title=\"Permanent Link to At Bygge Dit Livs Fire S\u00f8jler\">At Bygge Dit Livs Fire S\u00f8jler<\/a><\/h2>\n\n\t\t\t\n\t\t<\/article>\n\t    \n\t<article class=\"posts_listing blog_shortcode clearfix post-27243 page type-page status-publish hentry category-revelations category-other-revelations category-volume-5 category-wisdom-from-the-greater-community category-wisdom-from-the-greater-community-volume-2 tag-self-expression-and-the-me tag-wisdom-2\" id=\"post-27243\">\n\n\t\t\t\t\n\t<h2 class=\"entry-title\"><a href=\"https:\/\/www.v6.newmessage.org\/da\/budskabet\/andre-abenbaringer\/self-expression-and-the-mental-environment\/\" rel=\"bookmark\" title=\"Permanent Link to Selv-Udtryk og det Mentale Milj\u00f8\">Selv-Udtryk og det Mentale Milj\u00f8<\/a><\/h2>\n\n\t\t\t\n\t\t<\/article>\n\t    \n\t<article class=\"posts_listing blog_shortcode clearfix post-27238 page type-page status-publish hentry category-revelations category-other-revelations category-revelations-about-the-messenger tag-danish tag-the-pilgrimage\" id=\"post-27238\">\n\n\t\t\t\t\n\t<h2 class=\"entry-title\"><a href=\"https:\/\/www.v6.newmessage.org\/da\/budskabet\/andre-abenbaringer\/the-pilgrimage\/\" rel=\"bookmark\" title=\"Permanent Link to Pilgrimsrejsen\">Pilgrimsrejsen<\/a><\/h2>\n\n\t\t\t\n\t\t<\/article>\n\t    \n\t<article class=\"posts_listing blog_shortcode clearfix post-27176 page type-page status-publish hentry category-revelations category-other-revelations category-audio tag-the-voice-of-revelation\" id=\"post-27176\">\n\n\t\t\t\t\n\t<h2 class=\"entry-title\"><a href=\"https:\/\/www.v6.newmessage.org\/da\/budskabet\/andre-abenbaringer\/the-voice-of-revelation\/\" rel=\"bookmark\" title=\"Permanent Link to \u00c5benbaringens Stemme\">\u00c5benbaringens Stemme<\/a><\/h2>\n\n\t\t\t\n\t\t<\/article>\n\t    \t    <\/p>\n<p><!-- &nbsp;\n\n\n<h2>Audio Downloads Available at\u00a0New Knowledge Library:<\/h2>\n\n\n[hungryfeed url=\"http:\/\/newknowledgelibrary.org\/rss.php?categoryid=14\" feed_fields=\"\" item_fields=\"title\"]\n\n\n<h2>CDs Available at New Knowledge Library:<\/h2>\n\n\n[hungryfeed url=\"http:\/\/newknowledgelibrary.org\/rss.php?categoryid=11\" feed_fields=\"\" item_fields=\"title\"] --><\/p>\n","protected":false},"excerpt":{"rendered":"<p>Andre \u00c5benbaringer fra Det Nye Budskab fra Gud: Her er andre \u00e5benbaringer fra Det Nye Budskab fra Gud tilg\u00e6ngelige, der endnu ikke er blevet samlet i bind og i b\u00f8ger af Budbringeren.<\/p>\n","protected":false},"author":1,"featured_media":0,"parent":26942,"menu_order":11,"comment_status":"closed","ping_status":"closed","template":"","meta":{"_monsterinsights_skip_tracking":false,"_monsterinsights_sitenote_active":false,"_monsterinsights_sitenote_note":"","_monsterinsights_sitenote_category":0,"footnotes":""},"categories":[],"tags":[650,616],"_links":{"self":[{"href":"https:\/\/www.v6.newmessage.org\/da\/wp-json\/wp\/v2\/pages\/16358"}],"collection":[{"href":"https:\/\/www.v6.newmessage.org\/da\/wp-json\/wp\/v2\/pages"}],"about":[{"href":"https:\/\/www.v6.newmessage.org\/da\/wp-json\/wp\/v2\/types\/page"}],"author":[{"embeddable":true,"href":"https:\/\/www.v6.newmessage.org\/da\/wp-json\/wp\/v2\/users\/1"}],"replies":[{"embeddable":true,"href":"https:\/\/www.v6.newmessage.org\/da\/wp-json\/wp\/v2\/comments?post=16358"}],"version-history":[{"count":18,"href":"https:\/\/www.v6.newmessage.org\/da\/wp-json\/wp\/v2\/pages\/16358\/revisions"}],"predecessor-version":[{"id":27106,"href":"https:\/\/www.v6.newmessage.org\/da\/wp-json\/wp\/v2\/pages\/16358\/revisions\/27106"}],"up":[{"embeddable":true,"href":"https:\/\/www.v6.newmessage.org\/da\/wp-json\/wp\/v2\/pages\/26942"}],"wp:attachment":[{"href":"https:\/\/www.v6.newmessage.org\/da\/wp-json\/wp\/v2\/media?parent=16358"}],"wp:term":[{"taxonomy":"category","embeddable":true,"href":"https:\/\/www.v6.newmessage.org\/da\/wp-json\/wp\/v2\/categories?post=16358"},{"taxonomy":"post_tag","embeddable":true,"href":"https:\/\/www.v6.newmessage.org\/da\/wp-json\/wp\/v2\/tags?post=16358"}],"curies":[{"name":"wp","href":"https:\/\/api.w.org\/{rel}","templated":true}]}}