{"id":16314,"date":"2014-10-25T22:27:22","date_gmt":"2014-10-25T22:27:22","guid":{"rendered":"http:\/\/www.newmessage.org\/?page_id=16314"},"modified":"2021-11-06T03:30:53","modified_gmt":"2021-11-06T03:30:53","slug":"bind-3","status":"publish","type":"page","link":"https:\/\/www.v6.newmessage.org\/da\/budskabet\/bind-3\/","title":{"rendered":"Bind 3"},"content":{"rendered":"<h2><strong><img loading=\"lazy\" decoding=\"async\" class=\"imgborder alignright size-medium\" src=\"https:\/\/www.newmessage.org\/wp-content\/uploads\/2014\/10\/The-New-Message-from-God-Volume-3-215x300.png\" alt=\"\" width=\"215\" height=\"300\"><\/strong>Vedr\u00f8rende Bind 3<\/h2>\n<p>Bind 3 indeholder b\u00f8gerne vedr\u00f8rende \u00e5ndelig praksis i forbindelse med Det Nye Budskab fra Gud. Her findes teksterne <a href=\"http:\/\/www.detnyebudskabfragud.org\/budskabet\/bind-3\/trin-til-kundskab\/\"><em>Trin til Kundskab<\/em><\/a>, \u00e9n af de tidligste b\u00f8ger af Budskabet, givet til Budbringeren fra Kilden i 1989. Trinene er nu grundlaget for en ny vej, der omfatter praksis, indfrielse og tilbagevenden, givet af Gud til menneskeheden p\u00e5 dette tidspunkt.<\/p>\n<p>Efterf\u00f8lgeren for <a href=\"http:\/\/www.detnyebudskabfragud.org\/budskabet\/bind-3\/trin-til-kundskab\/\">Trin til Kundskab<\/a> er <em>Trins Forts\u00e6ttelsestr\u00e6ning<\/em>, som videref\u00f8rer Trins-rejsen ind i vigtige nye omr\u00e5der. Disse to b\u00f8ger \u00e5bner en vigtig vej til oplevelsen af et inspirerende og tilfredsstillende liv.<\/p>\n<p>Ogs\u00e5 i Bind 3 er bogen At <em>Leve Vejen til Kundskab<\/em>, som pr\u00e6senterer undervisningen i Livets Fire S\u00f8jler: S\u00f8jlen Relationer, S\u00f8jlen Arbejde, S\u00f8jlen Helbred og S\u00f8jlen \u00c5ndelig Udvikling.<\/p>\n<p>I fremtiden vil andre b\u00f8ger blive indeholdt i dette bind, efterh\u00e5nden som Budbringeren samler og forbereder den dybe rigdom af undervisning og tekster for verdens vej mod Kundskab.<\/p>\n<p><!--\n[toggle type=\"white\" title=\"More about the volumes of the New Message from God\"]\n\n[AboutVolumes]\n[\/toggle]\n\n[clear]\n\n\n<div class=\"the-message-books-volumes panel-30 background-tile-1 margin-bottom-20\">\n\n\n<h2 class=\"text-align-center margin-bottom-20\"><a class=\"text-color-gray-5 not-underlined\" title=\"Volume 3\" href=\"\/the-message\/volume-3\">Volume 3<\/a><\/h2>\n\n\n[one_third]\n\n\n<div class=\"message-book-div\"><a class=\"message-book-link-to-post\" title=\"Steps to Knowledge\" href=\"\/the-message\/volume-3\/steps-knowledge\" rel=\"bookmark\">Steps to\nKnowledge<\/a><\/div>\n\n\n[\/one_third]\n\n[one_third]\n\n\n<div class=\"message-book-div\"><a class=\"message-book-link-to-post\" title=\"Steps to Knowledge Continuation Training\" href=\"\/the-message\/volume-3\/steps-knowledge-continuation-training\" rel=\"bookmark\">Steps to Knowledge: Continuation<\/a><\/div>\n\n\n[\/one_third]\n\n[one_third last=last]\n\n\n<div class=\"message-book-div\"><a class=\"message-book-link-to-post\" title=\"Living the Way of Knowledge\" href=\"\/the-message\/volume-3\/living-way-knowledge\" rel=\"bookmark\">Living the Way of Knowledge<\/a><\/div>\n\n\n[toggle type=\"gray\" title=\"Table of Contents\"]\n<a href=\"\/the-message\/volume-3\/living-way-knowledge\/living-in-an-emerging-world\">Living in an Emerging World<\/a>\n<a href=\"\/the-message\/volume-3\/living-way-knowledge\/the-four-pillars-of-life\">The Four Pillars of Life<\/a>\n<a class=\"text-color-gray-9\" title=\"The Pillar of Relationships\">The Pillar of Relationships<\/a>\n<a class=\"text-color-gray-9\" title=\"The Pillar of Health\">The Pillar of Health<\/a>\n<a class=\"text-color-gray-9\" title=\"The Pillar of Work\">The Pillar of Work<\/a>\n<a class=\"text-color-gray-9\" title=\"The Pillar of Spiritual Development\">The Pillar of Spiritual Development<\/a>\n<a href=\"\/the-message\/volume-3\/living-way-knowledge\/your-relationship-with-your-spiritual-family\">Your Relationship with Your Spiritual Family<\/a>\n<a class=\"text-color-gray-9\" title=\"Building Spiritual Community\">Building Spiritual Community<\/a>\n<a href=\"\/the-message\/volume-3\/living-way-knowledge\/sharing-the-way-of-knowledge-with-others\">Sharing The Way of Knowledge with Others<\/a>\n<a class=\"text-color-gray-9\" title=\"Being Present in the World\">Being Present in the World<\/a>\n<a href=\"\/the-message\/volume-3\/living-way-knowledge\/preparing-for-the-future\">Preparing for the Future<\/a>\n[\/toggle]\n[\/one_third]\n\n[one_third]\n\n\n<div class=\"message-book-div more\"><a class=\"message-book-link-to-post\" title=\"More to Come\u2026\" href=\"\/the-message\/the-revelation-continues-to-this-day\" rel=\"bookmark\">More to Come\u2026<\/a><\/div>\n\n\n[\/one_third]<\/div>\n\n\n--><\/p>\n","protected":false},"excerpt":{"rendered":"<p>Vedr\u00f8rende Bind 3 Bind 3 indeholder b\u00f8gerne vedr\u00f8rende \u00e5ndelig praksis i forbindelse med Det Nye Budskab fra Gud. Her findes teksterne Trin til Kundskab, \u00e9n af de tidligste b\u00f8ger af Budskabet, givet til Budbringeren fra Kilden i 1989. Trinene er nu grundlaget for en ny vej, der omfatter praksis, indfrielse og tilbagevenden, givet af Gud\u2026 <a class=\"read-more\" href=\"https:\/\/www.v6.newmessage.org\/da\/budskabet\/bind-3\/\"><span>Read More<\/span><\/a><\/p>\n","protected":false},"author":1,"featured_media":0,"parent":26942,"menu_order":8,"comment_status":"closed","ping_status":"closed","template":"template-leftsidebar.php","meta":{"_monsterinsights_skip_tracking":false,"_monsterinsights_sitenote_active":false,"_monsterinsights_sitenote_note":"","_monsterinsights_sitenote_category":0,"footnotes":""},"categories":[],"tags":[602],"_links":{"self":[{"href":"https:\/\/www.v6.newmessage.org\/da\/wp-json\/wp\/v2\/pages\/16314"}],"collection":[{"href":"https:\/\/www.v6.newmessage.org\/da\/wp-json\/wp\/v2\/pages"}],"about":[{"href":"https:\/\/www.v6.newmessage.org\/da\/wp-json\/wp\/v2\/types\/page"}],"author":[{"embeddable":true,"href":"https:\/\/www.v6.newmessage.org\/da\/wp-json\/wp\/v2\/users\/1"}],"replies":[{"embeddable":true,"href":"https:\/\/www.v6.newmessage.org\/da\/wp-json\/wp\/v2\/comments?post=16314"}],"version-history":[{"count":19,"href":"https:\/\/www.v6.newmessage.org\/da\/wp-json\/wp\/v2\/pages\/16314\/revisions"}],"predecessor-version":[{"id":27487,"href":"https:\/\/www.v6.newmessage.org\/da\/wp-json\/wp\/v2\/pages\/16314\/revisions\/27487"}],"up":[{"embeddable":true,"href":"https:\/\/www.v6.newmessage.org\/da\/wp-json\/wp\/v2\/pages\/26942"}],"wp:attachment":[{"href":"https:\/\/www.v6.newmessage.org\/da\/wp-json\/wp\/v2\/media?parent=16314"}],"wp:term":[{"taxonomy":"category","embeddable":true,"href":"https:\/\/www.v6.newmessage.org\/da\/wp-json\/wp\/v2\/categories?post=16314"},{"taxonomy":"post_tag","embeddable":true,"href":"https:\/\/www.v6.newmessage.org\/da\/wp-json\/wp\/v2\/tags?post=16314"}],"curies":[{"name":"wp","href":"https:\/\/api.w.org\/{rel}","templated":true}]}}