{"id":16312,"date":"2014-10-25T22:25:11","date_gmt":"2014-10-25T22:25:11","guid":{"rendered":"http:\/\/www.newmessage.org\/?page_id=16312"},"modified":"2021-11-22T02:43:59","modified_gmt":"2021-11-22T02:43:59","slug":"bind-2","status":"publish","type":"page","link":"https:\/\/www.v6.newmessage.org\/da\/budskabet\/bind-2\/","title":{"rendered":"Bind 2"},"content":{"rendered":"<p><strong><img loading=\"lazy\" decoding=\"async\" class=\"imgborder alignright size-medium\" src=\"\/\/www.newmessage.org\/wp-content\/uploads\/2014\/10\/The-New-Message-from-God-Volume-2-214x300.png\" alt=\"Volume 2\" width=\"214\" height=\"300\"><\/strong><\/p>\n<h3>Om Bind 2<\/h3>\n<p>Bind To af Det Nye Budskab fra Gud indeholder materiale om at forberede sig p\u00e5 og begynde rejsen ind i de nye virkeligheder, der udfolder sig i vores verden p\u00e5 dette tidspunkt.<\/p>\n<p>Dette inkluderer de Nye Budskabs b\u00f8ger, <a class=\"message-book-link-to-post\" title=\"Broen til et Nyt Liv\" href=\"\/the-message\/volume-2\/the-bridge-to-a-new-life\" rel=\"bookmark\">Broen til et Nyt Liv<\/a>, <a class=\"message-book-link-to-post\" title=\"Forberedelse p\u00e5 De Store B\u00f8lger af Forandring\" href=\"\/the-message\/volume-2\/preparing-for-the-great-waves-of-change\" rel=\"bookmark\">Forberedelse p\u00e5 De Store B\u00f8lger af Forandring,<\/a> <a href=\"\/da\/the-message\/volume-2\/preparing-for-the-greater-community\">Forberedelse p\u00e5 Det St\u00f8rre F\u00e6llesskab, <\/a><a class=\"message-book-link-to-post\" title=\"K\u00e6rlighed og Relationer\" href=\"\/the-message\/volume-2\/love-and-relationships\" rel=\"bookmark\">K\u00e6rlighed og Relationer<\/a> og <a href=\"https:\/\/www.newmessage.org\/the-message\/volume-2\/the-worldwide-community-of-gods-new-message\">Det Globale F\u00e6llesskab af Det Nye Budskab fra Gud<\/a>. Disse unikke og hellige tekster blev modtaget i en fortsat proces af \u00c5benbaring af Budbringeren.<\/p>\n<p>For yderligere ressourcer af Det Nye Budskabs visdom, se listen over <a href=\"\/budskabet\/other-revelations\">Andre \u00c5benbaringer<\/a>, der endnu ikke er samlet i b\u00f8ger, og ogs\u00e5 Det Nye Budskabs <a href=\"https:\/\/www.newmessage.org\/wiki\">Wiki<\/a>, en stadigt ekspanderende encyklop\u00e6di af citater fra Det Nye Budskab, organiseret efter emne.<\/p>\n<div class=\"clearfix\"><\/div>\n<div class=\"the-message-books-volumes panel-30 background-tile-1 margin-bottom-20\">\n<h2 class=\"text-align-center margin-bottom-20\"><a class=\"text-color-gray-5 not-underlined\" title=\"Bind 2\" href=\"\/budskabet\/bind-2\/\">Bind 2<\/a><\/h2>\n<div class=\"one_third \" ><\/p>\n<div class=\"message-book-div\"><a class=\"message-book-link-to-post\" title=\"En Bro til et Nyt Liv\" href=\"http:\/\/newmessage.org\/the-message\/volume-2\/the-bridge-to-a-new-life\" rel=\"bookmark\">En Bro til et Nyt Liv<\/a><\/div>\n<div class=\"toggle toggle-gray\"><h4 class=\"trigger \"><span class=\"t_ico\"><\/span><a href=\"#\">Indholdsfortegnelse<\/a><\/h4><div class=\"toggle_container \"><br \/>\n<!--\n<a href=\"\/the-message\/volume-2\/the-bridge-to-a-new-life\/desire-freedom\">The New Message on Freedom<\/a>\n<a href=\"\/the-message\/volume-2\/the-bridge-to-a-new-life\/message-young-people\">New Message for Young People<\/a>\n<a href=\"\/the-message\/volume-2\/the-bridge-to-a-new-life\/foundation-greater-life-strength\">Building the Foundation for a Greater Life<\/a>\n<a href=\"\/the-message\/volume-2\/the-bridge-to-a-new-life\/beneath-surface\">The Deeper Current of Your Life<\/a>\n<a href=\"\/the-message\/volume-2\/the-bridge-to-a-new-life\/the-sacred-life\">The Sacred Life<\/a>\n\n\n<p class=\"text-color-gray-9\">Book is Forthcoming\u2026<\/p>\n\n\n\n--><br \/>\n<\/div><\/div><br \/>\n<\/div>\n<div class=\"one_third \" ><\/p>\n<div class=\"message-book-div\"><a class=\"message-book-link-to-post\" title=\"Forberedelse p\u00e5 De Store B\u00f8lger af Forandring\" href=\"http:\/\/newmessage.org\/the-message\/volume-2\/preparing-for-the-great-waves-of-change\" rel=\"bookmark\">Forberedelse p\u00e5 De Store B\u00f8lger af Forandring<\/a><\/div>\n<div class=\"toggle toggle-gray\"><h4 class=\"trigger \"><span class=\"t_ico\"><\/span><a href=\"#\">Indholdsfortegnelse<\/a><\/h4><div class=\"toggle_container \"><br \/>\n<!--\n<a href=\"https:\/\/www.newmessage.org\/the-message\/volume-2\/preparing-for-the-great-waves-of-change\/how-to-live\">How to Live<\/a>\n<a href=\"\/the-message\/volume-2\/preparing-for-the-great-waves-of-change\/know-what-to-do\/\">How Will You Know What to Do?<\/a>\n<a href=\"\/the-message\/volume-2\/preparing-for-the-great-waves-of-change\/uncertain-difficult-world-changing-circumstances\">Facing an Uncertain and Difficult World<\/a>\n<a href=\"\/the-message\/volume-2\/preparing-for-the-great-waves-of-change\/escaping-fear-confusion-and-hopelessness\">Escaping Fear, Confusion and Hopelessness<\/a>\n<a href=\"\/the-message\/volume-2\/preparing-for-the-great-waves-of-change\/building-your-ark\">Building Your Ark<\/a>\n<a href=\"\/the-message\/volume-2\/preparing-for-the-great-waves-of-change\/self-reliance\">Self-Reliance<\/a>\n<a href=\"\/the-message\/volume-2\/preparing-for-the-great-waves-of-change\/adapting-to-great-change\">Adapting to Great Change<\/a>\n<a href=\"\/the-message\/volume-2\/preparing-for-the-great-waves-of-change\/signs-from-the-world\">Signs from the World<\/a>\n<a href=\"\/the-message\/volume-2\/preparing-for-the-great-waves-of-change\/seeing-what-is-coming\">Seeing What is Coming<\/a>\n\n\n<p class=\"text-color-gray-9\">Book is Forthcoming\u2026<\/p>\n\n\n\n--><br \/>\n<\/div><\/div><br \/>\n<\/div>\n<div class=\"one_third last\" ><\/p>\n<div class=\"message-book-div\"><a class=\"message-book-link-to-post\" title=\"Forberedelse p\u00e5 Det St\u00f8rre F\u00e6llesskab\" href=\"\/budskabet\/bind-2\/preparing-for-the-greater-community\/\" rel=\"bookmark\">Forberedelse p\u00e5 Det St\u00f8rre F\u00e6llesskab<\/a><\/div>\n<div class=\"toggle toggle-gray\"><h4 class=\"trigger \"><span class=\"t_ico\"><\/span><a href=\"#\">Indholdsfortegnelse<\/a><\/h4><div class=\"toggle_container \"><br \/>\n<a href=\"\/budskabet\/bind-2\/preparing-for-the-greater-community\/essential-truths-about-the-greater-community\/\">Essentielle Sandheder om Det St\u00f8rre F\u00e6llesskab<\/a><br \/>\n<a href=\"\/budskabet\/bind-2\/preparing-for-the-greater-community\/the-great-challenge-awaiting-humanity\/\">Den Store Udfordring der Venter Menneskeheden<\/a><br \/>\n<a href=\"\/budskabet\/bind-2\/preparing-for-the-greater-community\/finding-knowledge\/\">At Finde Kundskab<\/a><\/p>\n<p><!--\n<a href=\"\/the-message\/volume-2\/preparing-for-the-greater-community\/life-beyond-solar-system\">What is the Greater Community?<\/a>\n<a href=\"\/the-message\/volume-2\/preparing-for-the-greater-community\/human-isolation-over\">The Greater Community Presence in the World<\/a>\n<a href=\"\/the-message\/volume-2\/preparing-for-the-greater-community\/group-mind\">Greater Community Intelligence and the Mental Environment<\/a>\n<a href=\"\/the-message\/volume-2\/preparing-for-the-greater-community\/trade-commerce-competition\">Resources, Trade and Competition in the Greater Community<\/a>\n<a href=\"\/the-message\/volume-2\/preparing-for-the-greater-community\/meaning-spiritual-development\">The Meaning of Spiritual Development in the Greater Community<\/a>\n<a href=\"\/the-message\/volume-2\/preparing-for-the-greater-community\/higher-vantage-point\">Developing a Greater Community Perspective and Understanding<\/a>\n<a href=\"\/the-message\/volume-2\/preparing-for-the-greater-community\/gaining-strength-inner-authority\">Gaining Strength and Influence in the Mental Environment<\/a>\n<a href=\"\/the-message\/volume-2\/preparing-for-the-greater-community\/developing-strength-wisdom\">Developing Clarity and Discernment<\/a>\n<a href=\"\/the-message\/volume-2\/preparing-for-the-greater-community\/beyond-human-religion\">Going Beyond the Limits of Human Religion and Belief<\/a>\n<a href=\"\/the-message\/volume-2\/preparing-for-the-greater-community\/responses-definition-intelligence\">Human Responses to the Greater Community<\/a>\n<a href=\"\/the-message\/volume-2\/preparing-for-the-greater-community\/developing-strength-wisdom\">Developing Certainty, Strength and Wisdom<\/a>\n<a href=\"\/the-message\/volume-2\/preparing-for-the-greater-community\/greater-honesty-mind\">Developing Greater Honesty<\/a>\n<a href=\"\/the-message\/volume-2\/preparing-for-the-greater-community\/great-relationships-destiny\">Relationships, Destiny and Calling<\/a>\n<a href=\"\/the-message\/volume-2\/preparing-for-the-greater-community\/beginning-preparation-respond-calling\">Beginning the Preparation<\/a>\n<a href=\"\/the-message\/volume-2\/preparing-for-the-greater-community\/guidelines-for-preparing-for-the-greater-community\">Guidelines for Preparing for the Greater Community<\/a>\n--><br \/>\n<\/div><\/div><br \/>\n<\/div>\n<div class=\"clearfix\"><\/div>\n<div class=\"one_third \" ><\/p>\n<div class=\"message-book-div\"><a class=\"message-book-link-to-post\" title=\"K\u00e6rlighed og Forhold\n\" href=\"http:\/\/newmessage.org\/the-message\/volume-2\/love-and-relationships\" rel=\"bookmark\">K\u00e6rlighed og Forhold<\/a><\/div>\n<div class=\"toggle toggle-gray\"><h4 class=\"trigger \"><span class=\"t_ico\"><\/span><a href=\"#\">Indholdsfortegnelse<\/a><\/h4><div class=\"toggle_container \"><br \/>\n<!--\n<a href=\"\/the-message\/volume-2\/love-and-relationships\/being-alone\">Being Alone<\/a>\n<a href=\"\/the-message\/volume-2\/love-and-relationships\/deeper-connection-relationships\">A Deeper Recognition in Relationships<\/a>\n<a href=\"\/the-message\/volume-2\/love-and-relationships\/discernment-in-relationships\">Discernment in Relationships<\/a>\n<a href=\"\/the-message\/volume-2\/love-and-relationships\/enduring-love\">Enduring Love<\/a>\n<a href=\"\/the-message\/volume-2\/love-and-relationships\/healing-relationships-past\">Healing Relationships<\/a>\n<a href=\"\/the-message\/volume-2\/love-and-relationships\/interdependence\">Interdependence<\/a>\n<a href=\"\/the-message\/volume-2\/love-and-relationships\/love-and-relationships\">Love and Relationships<\/a>\n<a href=\"\/the-message\/volume-2\/love-and-relationships\/sexuality-power-purpose\">Sex and Sexuality<\/a>\n<a href=\"\/the-message\/volume-2\/love-and-relationships\/first-commitment-relationship-god\">The First Commitment<\/a>\n<a href=\"\/the-message\/volume-2\/love-and-relationships\/the-sacred-rendezvous\">The Sacred Rendezvous<\/a>\n\n\n<p class=\"text-color-gray-9\">Book is Forthcoming\u2026<\/p>\n\n\n\n--><br \/>\n<\/div><\/div><br \/>\n<\/div>\n<div class=\"one_third \" ><\/p>\n<div class=\"message-book-div\"><a class=\"message-book-link-to-post\" style=\"line-height: 1.2\" title=\"Det Globale F\u00e6llesskab af Det Nye Budskab fra Gud\" href=\"http:\/\/newmessage.org\/the-message\/the-worldwide-community-of-gods-new-message\" rel=\"bookmark\">Det Globale F\u00e6llesskab af Det Nye Budskab fra Gud<\/a><\/div>\n<div class=\"toggle toggle-gray\"><h4 class=\"trigger \"><span class=\"t_ico\"><\/span><a href=\"#\">Indholdsfortegnelse<\/a><\/h4><div class=\"toggle_container \"><br \/>\n<!--\n<a href=\"\/the-message\/volume-2\/the-worldwide-community-of-gods-new-message\/approaching-the-new-message\">Approaching the New Message<\/a>\n<a href=\"\/the-message\/volume-2\/the-worldwide-community-of-gods-new-message\/your-relationship-with-the-messenger\">Recognizing the Message and the Messenger<\/a>\n<a href=\"\/the-message\/volume-2\/the-worldwide-community-of-gods-new-message\/being-a-person-of-the-new-message\">Being a Person of the New Message<\/a>\n<a href=\"\/the-message\/volume-2\/the-worldwide-community-of-gods-new-message\/being-a-student-of-the-new-message\">Being a Student of the New Message<\/a>\n<a href=\"\/the-message\/volume-2\/the-worldwide-community-of-gods-new-message\/how-to-regard-the-messenger\">How to Regard the Messenger<\/a>\n<a href=\"\/the-message\/volume-2\/the-worldwide-community-of-gods-new-message\/worldwide-community-gods-new-message\">The Worldwide Community of God's New Message<\/a>\n<a href=\"\/the-message\/volume-2\/the-worldwide-community-of-gods-new-message\/bringing-the-new-message-to-the-world\">Bringing the New Message to the World<\/a>\n<a href=\"\/the-message\/volume-2\/the-worldwide-community-of-gods-new-message\/supporting-gods-new-revelation\">Supporting God's New Revelation<\/a>\n<a href=\"\/the-message\/volume-2\/the-worldwide-community-of-gods-new-message\/witnessing-the-revelation\">Witnessing the Revelation<\/a>\n<a href=\"\/dealing-with-resistance-and-hostility-to-the-new-message\">Dealing with Resistance and Hostility<\/a>\n<a href=\"\/the-message\/volume-2\/the-worldwide-community-of-gods-new-message\/the-pilgrimage\">The Pilgrimage<\/a>\n<a href=\"\/the-message\/volume-2\/the-worldwide-community-of-gods-new-message\/protecting-the-message-and-the-messenger\">Protecting the Message and the Messenger<\/a>\n<a href=\"\/the-message\/volume-2\/the-worldwide-community-of-gods-new-message\/the-guardians\">The Guardians<\/a>\n--><br \/>\n<\/div><\/div><br \/>\n<\/div>\n<div class=\"one_third last\" ><\/p>\n<div class=\"message-book-div more\"><a class=\"message-book-link-to-post\" title=\"Mere p\u00e5 Vej...\" href=\"\/the-revelation-continues-to-this-day\" rel=\"bookmark\">Mere p\u00e5 Vej&#8230;<\/a><\/div>\n<p><\/div>\n<div class=\"clearfix\"><\/div>\n<\/div>\n","protected":false},"excerpt":{"rendered":"<p>Om Bind 2 Bind To af Det Nye Budskab fra Gud indeholder materiale om at forberede sig p\u00e5 og begynde rejsen ind i de nye virkeligheder, der udfolder sig i vores verden p\u00e5 dette tidspunkt. Dette inkluderer de Nye Budskabs b\u00f8ger, Broen til et Nyt Liv, Forberedelse p\u00e5 De Store B\u00f8lger af Forandring, Forberedelse p\u00e5\u2026 <a class=\"read-more\" href=\"https:\/\/www.v6.newmessage.org\/da\/budskabet\/bind-2\/\"><span>Read More<\/span><\/a><\/p>\n","protected":false},"author":1,"featured_media":0,"parent":26942,"menu_order":7,"comment_status":"closed","ping_status":"closed","template":"template-leftsidebar.php","meta":{"_monsterinsights_skip_tracking":false,"_monsterinsights_sitenote_active":false,"_monsterinsights_sitenote_note":"","_monsterinsights_sitenote_category":0,"footnotes":""},"categories":[467],"tags":[651],"_links":{"self":[{"href":"https:\/\/www.v6.newmessage.org\/da\/wp-json\/wp\/v2\/pages\/16312"}],"collection":[{"href":"https:\/\/www.v6.newmessage.org\/da\/wp-json\/wp\/v2\/pages"}],"about":[{"href":"https:\/\/www.v6.newmessage.org\/da\/wp-json\/wp\/v2\/types\/page"}],"author":[{"embeddable":true,"href":"https:\/\/www.v6.newmessage.org\/da\/wp-json\/wp\/v2\/users\/1"}],"replies":[{"embeddable":true,"href":"https:\/\/www.v6.newmessage.org\/da\/wp-json\/wp\/v2\/comments?post=16312"}],"version-history":[{"count":56,"href":"https:\/\/www.v6.newmessage.org\/da\/wp-json\/wp\/v2\/pages\/16312\/revisions"}],"predecessor-version":[{"id":27523,"href":"https:\/\/www.v6.newmessage.org\/da\/wp-json\/wp\/v2\/pages\/16312\/revisions\/27523"}],"up":[{"embeddable":true,"href":"https:\/\/www.v6.newmessage.org\/da\/wp-json\/wp\/v2\/pages\/26942"}],"wp:attachment":[{"href":"https:\/\/www.v6.newmessage.org\/da\/wp-json\/wp\/v2\/media?parent=16312"}],"wp:term":[{"taxonomy":"category","embeddable":true,"href":"https:\/\/www.v6.newmessage.org\/da\/wp-json\/wp\/v2\/categories?post=16312"},{"taxonomy":"post_tag","embeddable":true,"href":"https:\/\/www.v6.newmessage.org\/da\/wp-json\/wp\/v2\/tags?post=16312"}],"curies":[{"name":"wp","href":"https:\/\/api.w.org\/{rel}","templated":true}]}}