{"id":16297,"date":"2014-10-25T22:08:36","date_gmt":"2014-10-25T22:08:36","guid":{"rendered":"http:\/\/www.newmessage.org\/?page_id=16297"},"modified":"2022-06-22T17:43:33","modified_gmt":"2022-06-22T17:43:33","slug":"den-ene-gud","status":"publish","type":"page","link":"https:\/\/www.v6.newmessage.org\/da\/budskabet\/bind-1\/den-ene-gud\/","title":{"rendered":"Den Ene Gud"},"content":{"rendered":"<p><em><img loading=\"lazy\" decoding=\"async\" width=\"200\" height=\"300\" class=\"size-medium wp-image-27139 imgborder alignright\" src=\"https:\/\/www.newmessage.org\/da\/wp-content\/uploads\/sites\/43\/2014\/10\/TOG_v.7.0_ebook-cover-1-400x600-200x300.jpg\" alt=\"\" srcset=\"https:\/\/www.v6.newmessage.org\/da\/wp-content\/uploads\/sites\/43\/2014\/10\/TOG_v.7.0_ebook-cover-1-400x600-200x300.jpg 200w, https:\/\/www.v6.newmessage.org\/da\/wp-content\/uploads\/sites\/43\/2014\/10\/TOG_v.7.0_ebook-cover-1-400x600.jpg 400w\" sizes=\"(max-width: 200px) 100vw, 200px\" \/>Den Ene Gud<\/em> er en \u00e5benbaringens bog, der giver en ny forst\u00e5else af Guds natur og Guds virkelighed og af Guds Plan og Form\u00e5l med verden og med Det St\u00f8rre F\u00e6llesskab af liv i universet. Her begynder det n\u00e6ste kapitel i den progressive \u00c5benbaring om Guds N\u00e6rv\u00e6r og Vilje for menneskeheden.<\/p>\n<p>Gennem fortidens store Budbringere og fortidens L\u00e6rer, har denne fortsatte \u00c5benbaring str\u00f8mmet over tid, fremmet vores forst\u00e5else af <em>Den Ene Gud<\/em> og genopv\u00e6kket vores personlige forhold til Det Guddommelige N\u00e6rv\u00e6r i vores liv. Nu forts\u00e6tter denne progressive \u00c5benbaring p\u00e5ny gennem et Nyt Budskab fra Gud.<\/p>\n<p>Ordet og Lyden er nu i verden. Hvert kapitel i <em>Den Ene Gud<\/em> er en \u00e5benbaring givet for at s\u00f8rge for en ny l\u00e6re om Kilden til vores liv og vores form\u00e5l med at v\u00e6re i verden p\u00e5 dette tidspunkt. Hvert kapitel l\u00e6gger et nyt fordelagtigt udsigtspunkt foran dig, hvorfra man kan f\u00e5 indsigt i Guds hjerte, tilbage til universets oprindelse og fremad til Guds Plan, der folder sig ud, Guds Plan for denne tid og for de kommende tider.<\/p>\n<p>Hvert kapitel i <em>Den Ene Gud<\/em> er en \u00e5benbaring, der er givet af Kilden, samlet i denne tekst af Budbringeren, Marshall Vian Summers.<\/p>\n<p><em>Den Ene Gud er den anden bog af <a href=\"http:\/\/www.detnyebudskabfragud.org\/budskabet\/bind-1\/\">Bind 1<\/a> af Det Nye Budskab fra Gud.<\/em><\/p>\n<div class=\"background-color-bridesmaid padding-20\">\n<h2 style=\"text-align: left;\"><span style=\"color: #525252;\">Indholdsfortegnelse<\/span><\/h2>\n<p>Introduktion<\/p>\n<p>Kapitel 1: <a href=\"https:\/\/www.detnyebudskabfragud.org\/budskabet\/bind-1\/den-ene-gud\/at-begribe-gud\/\">At Begribe Gud<\/a><\/p>\n<p>Kapitel 2: <a href=\"http:\/\/www.detnyebudskabfragud.org\/budskabet\/bind-1\/den-ene-gud\/den-nye-gud\/\">Den Nye Gud \u00c5benbaring<\/a><\/p>\n<p>Kapitel 3: <a href=\"https:\/\/www.detnyebudskabfragud.org\/budskabet\/bind-1\/den-ene-gud\/oprindelsen\/\">Oprindelsen<\/a><\/p>\n<p>Kapitel 4: <a href=\"http:\/\/www.detnyebudskabfragud.org\/budskabet\/bind-1\/den-ene-gud\/adskillelsen\/\">Adskillelsen<\/a><\/p>\n<p>Kapitel 5: <a href=\"\/budskabet\/bind-1\/den-ene-gud\/hvad-er-skabelsen\/\">Hvad er Skabelsen?<\/a><\/p>\n<p>Kapitel 6: <a href=\"\/budskabet\/bind-1\/den-ene-gud\/sjaelen\/\">Sj\u00e6len<\/a><\/p>\n<p>Kapitel 7: <a href=\"http:\/\/www.detnyebudskabfragud.org\/budskabet\/bind-1\/den-ene-gud\/hvad-er-det-der-skaber-ondskab\/\">Hvad Er Det, Der Skaber Ondskab?<\/a><\/p>\n<p>Kapitel 8: <a href=\"\/budskabet\/bind-1\/den-ene-gud\/forlosningen\/\">Forl\u00f8sningen<\/a><\/p>\n<p>Kapitel 9: <a href=\"\/budskabet\/bind-1\/den-ene-gud\/gud-kundskab-og-det-englelige-naervaer\/\">Gud, Kundskab og Det Englelige N\u00e6rv\u00e6r<\/a><\/p>\n<p>Kapitel 10: <a href=\"\/budskabet\/bind-1\/den-ene-gud\/hvordan-gud-taler-til-verden\/\">Hvordan Gud Taler til Verden<\/a><\/p>\n<p>Kapitel 11: <a href=\"http:\/\/www.detnyebudskabfragud.org\/budskabet\/bind-1\/den-ene-gud\/guds-plan-er-at-redde-alle\/\">Guds Plan er at Redde Alle<\/a><\/p>\n<p>Kapitel 12: <a href=\"http:\/\/www.detnyebudskabfragud.org\/budskabet\/bind-1\/den-ene-gud\/guds-hjerte\/\">Guds Hjerte<\/a><\/p>\n<\/div>\n","protected":false},"excerpt":{"rendered":"<p>Den Ene Gud er en \u00e5benbaringens bog, der giver en ny forst\u00e5else af Guds natur og Guds virkelighed og af Guds Plan og Form\u00e5l med verden og med Det St\u00f8rre F\u00e6llesskab af liv i universet. Her begynder det n\u00e6ste kapitel i den progressive \u00c5benbaring om Guds N\u00e6rv\u00e6r og Vilje for menneskeheden. Gennem fortidens store Budbringere\u2026 <a class=\"read-more\" href=\"https:\/\/www.v6.newmessage.org\/da\/budskabet\/bind-1\/den-ene-gud\/\"><span>Read More<\/span><\/a><\/p>\n","protected":false},"author":1,"featured_media":0,"parent":16287,"menu_order":2,"comment_status":"closed","ping_status":"closed","template":"template-leftsidebar.php","meta":{"_monsterinsights_skip_tracking":false,"_monsterinsights_sitenote_active":false,"_monsterinsights_sitenote_note":"","_monsterinsights_sitenote_category":0,"footnotes":""},"categories":[379,460],"tags":[650,605],"_links":{"self":[{"href":"https:\/\/www.v6.newmessage.org\/da\/wp-json\/wp\/v2\/pages\/16297"}],"collection":[{"href":"https:\/\/www.v6.newmessage.org\/da\/wp-json\/wp\/v2\/pages"}],"about":[{"href":"https:\/\/www.v6.newmessage.org\/da\/wp-json\/wp\/v2\/types\/page"}],"author":[{"embeddable":true,"href":"https:\/\/www.v6.newmessage.org\/da\/wp-json\/wp\/v2\/users\/1"}],"replies":[{"embeddable":true,"href":"https:\/\/www.v6.newmessage.org\/da\/wp-json\/wp\/v2\/comments?post=16297"}],"version-history":[{"count":69,"href":"https:\/\/www.v6.newmessage.org\/da\/wp-json\/wp\/v2\/pages\/16297\/revisions"}],"predecessor-version":[{"id":27695,"href":"https:\/\/www.v6.newmessage.org\/da\/wp-json\/wp\/v2\/pages\/16297\/revisions\/27695"}],"up":[{"embeddable":true,"href":"https:\/\/www.v6.newmessage.org\/da\/wp-json\/wp\/v2\/pages\/16287"}],"wp:attachment":[{"href":"https:\/\/www.v6.newmessage.org\/da\/wp-json\/wp\/v2\/media?parent=16297"}],"wp:term":[{"taxonomy":"category","embeddable":true,"href":"https:\/\/www.v6.newmessage.org\/da\/wp-json\/wp\/v2\/categories?post=16297"},{"taxonomy":"post_tag","embeddable":true,"href":"https:\/\/www.v6.newmessage.org\/da\/wp-json\/wp\/v2\/tags?post=16297"}],"curies":[{"name":"wp","href":"https:\/\/api.w.org\/{rel}","templated":true}]}}