{"id":16290,"date":"2014-10-25T01:17:35","date_gmt":"2014-10-25T01:17:35","guid":{"rendered":"http:\/\/www.newmessage.org\/?page_id=16290"},"modified":"2021-11-28T20:50:14","modified_gmt":"2021-11-28T20:50:14","slug":"gud-har-talt-igen","status":"publish","type":"page","link":"https:\/\/www.v6.newmessage.org\/da\/budskabet\/bind-1\/gud-har-talt-igen\/","title":{"rendered":"Gud Har Talt Igen"},"content":{"rendered":"<p><img loading=\"lazy\" decoding=\"async\" width=\"200\" height=\"300\" class=\"alignright size-medium wp-image-26846 imgborder\" src=\"https:\/\/www.newmessage.org\/da\/wp-content\/uploads\/sites\/43\/2014\/10\/GHS-Danish-frontcover-6x9-200x300.jpg\" alt=\"GHS Danish frontcover-6x9\" srcset=\"https:\/\/www.v6.newmessage.org\/da\/wp-content\/uploads\/sites\/43\/2014\/10\/GHS-Danish-frontcover-6x9-200x300.jpg 200w, https:\/\/www.v6.newmessage.org\/da\/wp-content\/uploads\/sites\/43\/2014\/10\/GHS-Danish-frontcover-6x9-768x1151.jpg 768w, https:\/\/www.v6.newmessage.org\/da\/wp-content\/uploads\/sites\/43\/2014\/10\/GHS-Danish-frontcover-6x9-400x600.jpg 400w, https:\/\/www.v6.newmessage.org\/da\/wp-content\/uploads\/sites\/43\/2014\/10\/GHS-Danish-frontcover-6x9.jpg 1803w\" sizes=\"(max-width: 200px) 100vw, 200px\" \/><\/p>\n<p><em>Gud Har Talt Igen <\/em>er begyndelsen af et Nyt Budskab fra Gud til menneskeheden. I denne bogs sider og kapitler, taler Gud til menneskeheden p\u00e5 ny og forkynder en advarsel om, en velsignelse over og en forberedelse p\u00e5 en ny verdensvirkelighed, og afklarer virkeligheden af Guds Tilstedev\u00e6relse samt leverer et Guddommeligt svar p\u00e5 de tiltagende kriser ang\u00e5ende krig, milj\u00f8m\u00e6ssig \u00f8del\u00e6ggelse, religi\u00f8se konflikter og menneskelig lidelse og fattigdom, der nu eskalerer i verden.<\/p>\n<p>Dette er et Nyt Budskab fra Gud. Det er ikke for en stamme, en nation eller religi\u00f8s gruppe alene. Det er en levende kommunikation fra Gud til hjertet af hver mand, kvinde og barn p\u00e5 Jorden for disse tider og for kommende tider. Det er en original kommunikation fra det Guddommelige N\u00e6rv\u00e6r, der overv\u00e5ger verden og har vejledt menneskeheden siden tidernes morgen.<\/p>\n<p>Sk\u00f8nt den forekommer at v\u00e6re en bog i h\u00e5nden, er <em>Gud Har Talt Igen<\/em> noget meget st\u00f8rre. Den er begyndelsen p\u00e5 en levende kommunikation fra Gud til dig. I denne bog kalder Guds Tilstedev\u00e6relse dig og alle mennesker, kalder ned gennem dit sinds \u00e6ldgamle korridorer til den spirituelle tilstedev\u00e6relse, der lever i dig. Dette er et Budskab af varende sk\u00f8nhed, styrke og magt for genoprettelsen af alle, der kan tage imod det. For Gud ved, hvad der kommer til verden, og Gud ved, hvorfor du og alle andre er blevet sendt ind i verden p\u00e5 dette tidspunkt, for at forberede en fremtid, der ikke vil v\u00e6re ligesom fortiden.<\/p>\n<p><!--[toggle type=\"white\" title=\"More about the volumes of the New Message from God\" active=\"\"] [insert page='more-about-the-volumes' display='content'] [\/toggle]--><br \/>\n&nbsp;<br \/>\n&nbsp;<\/p>\n<div class=\"background-color-bridesmaid padding-20\">\n<h3><strong>Gud Har Talt Igen &#8211; Indholdsfortegnelse<\/strong><\/h3>\n<p><a href=\"https:\/\/www.newmessage.org\/da\/budskabet\/bind-1\/gud-har-talt-igen\/introduktion\">Introduktion<\/a><\/p>\n<p>Kapitel 1: <a href=\"https:\/\/www.newmessage.org\/da\/budskabet\/bind-1\/gud-har-talt-igen\/proklamationen\">Proklamationen<\/a><\/p>\n<p>Kapitel 2: <a href=\"https:\/\/www.newmessage.org\/da\/budskabet\/bind-1\/gud-har-talt-igen\/recitationen\">Recitationen<\/a><\/p>\n<p>Kapitel 3: <a href=\"https:\/\/www.newmessage.org\/da\/budskabet\/bind-1\/gud-har-talt-igen\/engagementet\">Engagementet<\/a><\/p>\n<p>Kapitel 4: <a href=\"https:\/\/www.newmessage.org\/da\/budskabet\/bind-1\/gud-har-talt-igen\/gud-har-talt-igen\">Gud Har Talt Igen<\/a><\/p>\n<p>Kapitel 5: <a href=\"https:\/\/www.newmessage.org\/da\/budskabet\/bind-1\/gud-har-talt-igen\/profeternes-segl\">Profeternes Segl<\/a><\/p>\n<p>Kapitel 6: <a href=\"https:\/\/www.newmessage.org\/da\/budskabet\/bind-1\/gud-har-talt-igen\/budbringerens-mission\">Budbringerens Mission<\/a><\/p>\n<p>Kapitel 7: <a href=\"https:\/\/www.newmessage.org\/da\/budskabet\/bind-1\/gud-har-talt-igen\/indvielsen\">Initieringen<\/a><\/p>\n<p>Kapitel 8: <a href=\"https:\/\/www.newmessage.org\/da\/budskabet\/bind-1\/gud-har-talt-igen\/velsignelsen\">Velsignelsen<\/a><\/p>\n<p>Kapitel 9: <a href=\"https:\/\/www.newmessage.org\/da\/budskabet\/bind-1\/gud-har-talt-igen\/levende-i-tiden-for-abenbaringen\">At leve i en Tid for \u00c5benbaring<\/a><\/p>\n<p>Kapitel 10: <a href=\"https:\/\/www.newmessage.org\/da\/budskabet\/bind-1\/gud-har-talt-igen\/forsamlingen\">Forsamlingen<\/a><\/p>\n<p>Kapitel 11: <a href=\"https:\/\/www.newmessage.org\/da\/budskabet\/bind-1\/gud-har-talt-igen\/guds-nye-budskab-til-verden\">Guds Nye Budskab til Verden<\/a><\/p>\n<p>Kapitel 12: <a href=\"https:\/\/www.newmessage.org\/da\/budskabet\/bind-1\/gud-har-talt-igen\/gud-bevaeger-menneskeheden-i-en-ny-retning\">Gud Bev\u00e6ger Menneskeheden i en Ny Retning<\/a><\/p>\n<p>Kapitel 13: <a href=\"https:\/\/www.newmessage.org\/da\/budskabet\/bind-1\/gud-har-talt-igen\/verden-ma-modtage-guds-nye-budskab\">Verden M\u00e5 Tage Imod Guds Nye Budskab<\/a><\/p>\n<p>Kapitel 14: <a href=\"https:\/\/www.newmessage.org\/da\/budskabet\/bind-1\/gud-har-talt-igen\/kaldet\">Kaldet<\/a><\/p>\n<\/div>\n","protected":false},"excerpt":{"rendered":"<p>Gud Har Talt Igen er begyndelsen af et Nyt Budskab fra Gud til menneskeheden. I denne bogs sider og kapitler, taler Gud til menneskeheden p\u00e5 ny og forkynder en advarsel om, en velsignelse over og en forberedelse p\u00e5 en ny verdensvirkelighed, og afklarer virkeligheden af Guds Tilstedev\u00e6relse samt leverer et Guddommeligt svar p\u00e5 de tiltagende\u2026 <a class=\"read-more\" href=\"https:\/\/www.v6.newmessage.org\/da\/budskabet\/bind-1\/gud-har-talt-igen\/\"><span>Read More<\/span><\/a><\/p>\n","protected":false},"author":1,"featured_media":0,"parent":16287,"menu_order":3,"comment_status":"closed","ping_status":"closed","template":"template-leftsidebar.php","meta":{"_monsterinsights_skip_tracking":false,"_monsterinsights_sitenote_active":false,"_monsterinsights_sitenote_note":"","_monsterinsights_sitenote_category":0,"footnotes":""},"categories":[658,460],"tags":[650,601],"_links":{"self":[{"href":"https:\/\/www.v6.newmessage.org\/da\/wp-json\/wp\/v2\/pages\/16290"}],"collection":[{"href":"https:\/\/www.v6.newmessage.org\/da\/wp-json\/wp\/v2\/pages"}],"about":[{"href":"https:\/\/www.v6.newmessage.org\/da\/wp-json\/wp\/v2\/types\/page"}],"author":[{"embeddable":true,"href":"https:\/\/www.v6.newmessage.org\/da\/wp-json\/wp\/v2\/users\/1"}],"replies":[{"embeddable":true,"href":"https:\/\/www.v6.newmessage.org\/da\/wp-json\/wp\/v2\/comments?post=16290"}],"version-history":[{"count":104,"href":"https:\/\/www.v6.newmessage.org\/da\/wp-json\/wp\/v2\/pages\/16290\/revisions"}],"predecessor-version":[{"id":27330,"href":"https:\/\/www.v6.newmessage.org\/da\/wp-json\/wp\/v2\/pages\/16290\/revisions\/27330"}],"up":[{"embeddable":true,"href":"https:\/\/www.v6.newmessage.org\/da\/wp-json\/wp\/v2\/pages\/16287"}],"wp:attachment":[{"href":"https:\/\/www.v6.newmessage.org\/da\/wp-json\/wp\/v2\/media?parent=16290"}],"wp:term":[{"taxonomy":"category","embeddable":true,"href":"https:\/\/www.v6.newmessage.org\/da\/wp-json\/wp\/v2\/categories?post=16290"},{"taxonomy":"post_tag","embeddable":true,"href":"https:\/\/www.v6.newmessage.org\/da\/wp-json\/wp\/v2\/tags?post=16290"}],"curies":[{"name":"wp","href":"https:\/\/api.w.org\/{rel}","templated":true}]}}