{"id":16287,"date":"2014-10-25T01:14:16","date_gmt":"2014-10-25T01:14:16","guid":{"rendered":"http:\/\/www.newmessage.org\/?page_id=16287"},"modified":"2020-12-07T19:09:22","modified_gmt":"2020-12-07T19:09:22","slug":"bind-1","status":"publish","type":"page","link":"https:\/\/www.v6.newmessage.org\/da\/budskabet\/bind-1\/","title":{"rendered":"Bind 1"},"content":{"rendered":"<h3><strong>Om Bind 1<\/strong><\/h3>\n<p><img loading=\"lazy\" decoding=\"async\" class=\"imgborder alignright size-medium\" src=\"https:\/\/www.newmessage.org\/wp-content\/uploads\/2014\/10\/The-New-Message-from-God-Volume-1-214x300.png\" alt=\"\" width=\"214\" height=\"300\" \/><\/p>\n<p>Bind Et af Det Nye Budskab fra Gud indeholder Guds afg\u00f8rende \u00c5benbaring for verden p\u00e5 dette tidspunkt. Her begynder en ny kommunikation fra Guds hjerte til menneskehedens verden.<br \/>\nI Bind Ets syv b\u00f8ger, forkynder Gud Guds Nye \u00c5benbaring for verden og det store behov for Guds \u00c5benbaring p\u00e5 dette tidspunkt og i de kommende tider.<\/p>\n<p>Bind Ets b\u00f8ger afsl\u00f8rer livets st\u00f8rre virkelighed, verdens st\u00f8rre virkelighed og den st\u00f8rre virkelighed af Det St\u00f8rre F\u00e6llesskab af liv i universet. Denne st\u00f8rre virkelighed bliver afsl\u00f8ret for verden for f\u00f8rste gang i menneskets historie. Bind Et advarer os om de store farer og de presserende behov, verden st\u00e5r overfor nu og i fremtiden. Med dette, kalder det hver enkelt af os til at genvinde og udtrykke den uopdagede \u00e5ndelige kraft, der lever i menneskehedens hjerte.<\/p>\n<p>Bind Et pr\u00e6senterer f\u00f8rst <a href=\"http:\/\/www.detnyebudskabfragud.org\/budskabet\/bind-1\/gud-har-talt-igen\/\"><em>Gud Har Talt Igen<\/em><\/a>, der \u00e5bner d\u00f8ren til Det Nye Budskab fra Gud for alle mennesker i verden. Efter <a href=\"http:\/\/www.detnyebudskabfragud.org\/budskabet\/bind-1\/gud-har-talt-igen\/\"><em>Gud Har Talt Igen<\/em><\/a>, pr\u00e6senterer Bind Et b\u00f8gerne<em><a href=\"https:\/\/www.newmessage.org\/da\/budskabet\/bind-1\/den-ene-gud\/\"> Den Ene Gud<\/a> og Den Nye Budbringer,<\/em> der yderligere afsl\u00f8rer Guds natur, Guds Plan om at afslutte Adskillelse samt Den Englelige Forsamlings n\u00e6rv\u00e6r og dens Budbringere. Bind Et pr\u00e6senterer derefter b\u00f8gerne <em>Rejsen til et Nyt Liv , Den Nye Verden <\/em>og<em> Det St\u00f8rre F\u00e6llesskab,<\/em> der for os \u00e5bner livets nye virkelighed i vor verden og vor sk\u00e6bne i universet hinsides. Bind Et slutter med bogen<em> Den Rene Religion, <\/em>der kalder hver person til Guds levende tilstedev\u00e6relse i deres liv.<\/p>\n<p>Bind Ets b\u00f8ger indeholder de oprindelige talte \u00c5benbaringer, modtaget af Budbringeren, Marshall Vian Summers. Budbringeren er af Det Nye Budskabs Kilde blevet p\u00e5lagt at samle Det Nye Budskabs \u00e5benbaringer i Bind 1&#8217;s hellige b\u00f8ger af Guds Nye Budskab.<\/p>\n","protected":false},"excerpt":{"rendered":"<p>Om Bind 1 Bind Et af Det Nye Budskab fra Gud indeholder Guds afg\u00f8rende \u00c5benbaring for verden p\u00e5 dette tidspunkt. Her begynder en ny kommunikation fra Guds hjerte til menneskehedens verden. I Bind Ets syv b\u00f8ger, forkynder Gud Guds Nye \u00c5benbaring for verden og det store behov for Guds \u00c5benbaring p\u00e5 dette tidspunkt og i\u2026 <a class=\"read-more\" href=\"https:\/\/www.v6.newmessage.org\/da\/budskabet\/bind-1\/\"><span>Read More<\/span><\/a><\/p>\n","protected":false},"author":1,"featured_media":0,"parent":26942,"menu_order":15,"comment_status":"closed","ping_status":"closed","template":"template-leftsidebar.php","meta":{"_monsterinsights_skip_tracking":false,"_monsterinsights_sitenote_active":false,"_monsterinsights_sitenote_note":"","_monsterinsights_sitenote_category":0,"footnotes":""},"categories":[],"tags":[599],"_links":{"self":[{"href":"https:\/\/www.v6.newmessage.org\/da\/wp-json\/wp\/v2\/pages\/16287"}],"collection":[{"href":"https:\/\/www.v6.newmessage.org\/da\/wp-json\/wp\/v2\/pages"}],"about":[{"href":"https:\/\/www.v6.newmessage.org\/da\/wp-json\/wp\/v2\/types\/page"}],"author":[{"embeddable":true,"href":"https:\/\/www.v6.newmessage.org\/da\/wp-json\/wp\/v2\/users\/1"}],"replies":[{"embeddable":true,"href":"https:\/\/www.v6.newmessage.org\/da\/wp-json\/wp\/v2\/comments?post=16287"}],"version-history":[{"count":57,"href":"https:\/\/www.v6.newmessage.org\/da\/wp-json\/wp\/v2\/pages\/16287\/revisions"}],"predecessor-version":[{"id":27371,"href":"https:\/\/www.v6.newmessage.org\/da\/wp-json\/wp\/v2\/pages\/16287\/revisions\/27371"}],"up":[{"embeddable":true,"href":"https:\/\/www.v6.newmessage.org\/da\/wp-json\/wp\/v2\/pages\/26942"}],"wp:attachment":[{"href":"https:\/\/www.v6.newmessage.org\/da\/wp-json\/wp\/v2\/media?parent=16287"}],"wp:term":[{"taxonomy":"category","embeddable":true,"href":"https:\/\/www.v6.newmessage.org\/da\/wp-json\/wp\/v2\/categories?post=16287"},{"taxonomy":"post_tag","embeddable":true,"href":"https:\/\/www.v6.newmessage.org\/da\/wp-json\/wp\/v2\/tags?post=16287"}],"curies":[{"name":"wp","href":"https:\/\/api.w.org\/{rel}","templated":true}]}}