{"id":13099,"date":"2014-07-24T22:13:19","date_gmt":"2014-07-24T22:13:19","guid":{"rendered":"http:\/\/www.newmessage.org\/?page_id=13099"},"modified":"2024-01-22T03:50:54","modified_gmt":"2024-01-22T03:50:54","slug":"de-store-bolger-af-forandring","status":"publish","type":"page","link":"https:\/\/www.v6.newmessage.org\/da\/budskabet\/bind-5\/de-store-bolger-af-forandring\/","title":{"rendered":"De Store B\u00f8lger af Forandring"},"content":{"rendered":"<div id=\"attachment_22443\" style=\"width: 244px\" class=\"wp-caption alignright\"><a href=\"https:\/\/www.newmessage.org\/wp-content\/uploads\/2014\/07\/GWC-cover.jpg\"><img loading=\"lazy\" decoding=\"async\" aria-describedby=\"caption-attachment-22443\" class=\"\" src=\"https:\/\/www.newmessage.org\/wp-content\/uploads\/2014\/07\/GWC-cover-200x300.jpg\" alt=\"\" width=\"234\" height=\"351\"><\/a><p id=\"caption-attachment-22443\" class=\"wp-caption-text\"><\/p>\n<p class=\"font-size-13\"><a href=\"http:\/\/newknowledgelibrary.org\/books\/the-great-waves-of-change-navigating-the-difficult-times-ahead\/\">Order the Print Book <\/a> | <a href=\"http:\/\/newknowledgelibrary.org\/e-books\/the-great-waves-of-change-navigating-the-difficult-times-ahead-ebook\/\">Order the eBook <\/a><\/p>\n<p>&nbsp;<\/p>\n<p><\/p><\/div>\n<p><i><span style=\"font-weight: 400;\">De Store B\u00f8lger af Forandring<\/span><\/i><span style=\"font-weight: 400;\"> pr\u00e6senterer en profeti om de vanskelige tider forude og de trin, du kan tage, for at navigere i en stadigt mere turbulent og uvis fremtid.<\/span><\/p>\n<p><span style=\"font-weight: 400;\">I lyset af en s\u00e5dan uvished, pr\u00e6senterer de <\/span><i><span style=\"font-weight: 400;\">Store B\u00f8lger af Forandring<\/span><\/i><span style=\"font-weight: 400;\"> en revolution\u00e6r ny m\u00e5de at opn\u00e5 sikkerhed og livsretning p\u00e5, en unik proces, der kan anvendes af mennesker overalt. Ved at forst\u00e5 de Store B\u00f8lger og ved forbinde sig med Kundskab, den dybere autoritet indeni, kan man finde styrken, modet og den indre vished til at tilpasse sig og blive bidragyder, ikke et offer, til en verden i hastig forandring.<br \/>\n<\/span><\/p>\n<p><i><span style=\"font-weight: 400;\">De Store B\u00f8lger <\/span><\/i><span style=\"font-weight: 400;\">er den essentielle ressource, som hver person har behov for, for at forberede sig mentalt, f\u00f8lelsesm\u00e6ssigt og praktisk, p\u00e5 den store forandring, der kommer. Hvis tilstr\u00e6kkeligt mange mennesker kan p\u00e5tage sig denne forberedelse, vil menneskeheden have styrken, medf\u00f8lelsen og modstandskraften til at komme gennem denne vanskelige periode forude og ind i virkeligheden af en Ny Verden.<\/span><\/p>\n<p><span style=\"line-height: 1.5;\"><i>De Store B\u00f8lger af Forandring<\/i>&nbsp;er en bog i <\/span><a style=\"line-height: 1.5;\" title=\"Volume 5\" href=\"\/da\/budskabet\/bind-5\/\">Bind 5<\/a><span style=\"line-height: 1.5;\"> af Det Nye Budskab fra Gud.<\/span><\/p>\n<div class=\"background-color-bridesmaid padding-20\">\n<h2>Indholdsfortegnelse<\/h2>\n<p>Kapitel 1: <a href=\"\/da\/budskabet\/bind-5\/de-store-bolger-af-forandring\/de-store-bolger-af-forandring\/\">De Store B\u00f8lger af Forandring<\/a><\/p>\n<p>Kapitel 2: <a href=\"\/da\/budskabet\/bind-5\/de-store-bolger-af-forandring\/de-store-bolger-og-dit-liv\/\">De Store B\u00f8lger og Dit Liv<\/a><\/p>\n<p>Kapitel 4: <a href=\"\/da\/budskabet\/bind-5\/de-store-bolger-af-forandring\/friheden-til-at-bevaege-sig-med-kundskab\/\">Friheden til at Bev\u00e6ge Sig med Kundskab<\/a><\/p>\n<p>Kapitel 12: <a href=\"\/da\/budskabet\/bind-5\/de-store-bolger-af-forandring\/dit-formal-og-din-skaebne-i-en-foranderlig-verden\/\">Dit Form\u00e5l og Din Sk\u00e6bne i en Foranderlig Verden<\/a><\/p>\n<p><a href=\"\/da\/budskabet\/bind-5\/de-store-bolger-af-forandring\/anbefalinger-med-henblik-pa-at-leve-i-en-stor-bolge-verden\/\">Anbefalinger med Henblik p\u00e5 at Leve i en Stor B\u00f8lge-Verden<\/a><\/p>\n<\/div>\n","protected":false},"excerpt":{"rendered":"<p>De Store B\u00f8lger af Forandring pr\u00e6senterer en profeti om de vanskelige tider forude og de trin, du kan tage, for at navigere i en stadigt mere turbulent og uvis fremtid. I lyset af en s\u00e5dan uvished, pr\u00e6senterer de Store B\u00f8lger af Forandring en revolution\u00e6r ny m\u00e5de at opn\u00e5 sikkerhed og livsretning p\u00e5, en unik proces,\u2026 <a class=\"read-more\" href=\"https:\/\/www.v6.newmessage.org\/da\/budskabet\/bind-5\/de-store-bolger-af-forandring\/\"><span>Read More<\/span><\/a><\/p>\n","protected":false},"author":1,"featured_media":0,"parent":16320,"menu_order":1,"comment_status":"closed","ping_status":"closed","template":"template-leftsidebar.php","meta":{"_monsterinsights_skip_tracking":false,"_monsterinsights_sitenote_active":false,"_monsterinsights_sitenote_note":"","_monsterinsights_sitenote_category":0,"footnotes":""},"categories":[473,498],"tags":[703],"_links":{"self":[{"href":"https:\/\/www.v6.newmessage.org\/da\/wp-json\/wp\/v2\/pages\/13099"}],"collection":[{"href":"https:\/\/www.v6.newmessage.org\/da\/wp-json\/wp\/v2\/pages"}],"about":[{"href":"https:\/\/www.v6.newmessage.org\/da\/wp-json\/wp\/v2\/types\/page"}],"author":[{"embeddable":true,"href":"https:\/\/www.v6.newmessage.org\/da\/wp-json\/wp\/v2\/users\/1"}],"replies":[{"embeddable":true,"href":"https:\/\/www.v6.newmessage.org\/da\/wp-json\/wp\/v2\/comments?post=13099"}],"version-history":[{"count":22,"href":"https:\/\/www.v6.newmessage.org\/da\/wp-json\/wp\/v2\/pages\/13099\/revisions"}],"predecessor-version":[{"id":28097,"href":"https:\/\/www.v6.newmessage.org\/da\/wp-json\/wp\/v2\/pages\/13099\/revisions\/28097"}],"up":[{"embeddable":true,"href":"https:\/\/www.v6.newmessage.org\/da\/wp-json\/wp\/v2\/pages\/16320"}],"wp:attachment":[{"href":"https:\/\/www.v6.newmessage.org\/da\/wp-json\/wp\/v2\/media?parent=13099"}],"wp:term":[{"taxonomy":"category","embeddable":true,"href":"https:\/\/www.v6.newmessage.org\/da\/wp-json\/wp\/v2\/categories?post=13099"},{"taxonomy":"post_tag","embeddable":true,"href":"https:\/\/www.v6.newmessage.org\/da\/wp-json\/wp\/v2\/tags?post=13099"}],"curies":[{"name":"wp","href":"https:\/\/api.w.org\/{rel}","templated":true}]}}