{"id":13081,"date":"2014-07-24T21:54:49","date_gmt":"2014-07-24T21:54:49","guid":{"rendered":"http:\/\/www.newmessage.org\/?page_id=13081"},"modified":"2023-07-26T16:35:26","modified_gmt":"2023-07-26T16:35:26","slug":"storre-faellesskab-spiritualitet","status":"publish","type":"page","link":"https:\/\/www.v6.newmessage.org\/da\/budskabet\/bind-4\/storre-faellesskab-spiritualitet\/","title":{"rendered":"St\u00f8rre F\u00e6llesskab Spiritualitet"},"content":{"rendered":"<p><img loading=\"lazy\" decoding=\"async\" class=\"\" src=\"https:\/\/www.newmessage.org\/wp-content\/uploads\/2015\/07\/volum2_book1-200x300.jpg\" alt=\"\" width=\"234\" height=\"351\"><\/p>\n<p class=\"font-size-13\"><a href=\"http:\/\/newknowledgelibrary.org\/books\/greater-community-spirituality\/\">Order the Print Book <\/a> | <a href=\" http:\/\/newknowledgelibrary.org\/e-books\/greater-community-spirituality-ebook\/\">Order the eBook<\/a><\/p>\n<p><em>St\u00f8rre F\u00e6llesskab Spiritualitet<\/em> pr\u00e6senterer en ny forst\u00e5else og en st\u00f8rre oplevelse af Gud og menneskelig \u00e5ndelighed indenfor en st\u00f8rre arena af intelligent liv. Dette er en \u00e5ndelighed, der transcenderer alle gr\u00e6nser for race, kultur, religion og sprog, og danner grundlaget for genkendelse og relationer mellem folk, nationer og verdener.<\/p>\n<p><em>St\u00f8rre F\u00e6llesskab Spiritualitet<\/em> pr\u00e6senterer dele af teologien og kosmologien i Det Nye Budskab fra Gud. Den \u00e5bner vejen for en st\u00f8rre oplevelse af Gud. Den er for de mennesker, der ikke har fundet deres \u00e5ndelige hjem i denne verdens religi\u00f8se traditioner og som s\u00f8ger en \u00e5ndelig forberedelse og retning p\u00e5 dette tidspunkt for stor forandring og uvished i vores verden.<\/p>\n<p><em>St\u00f8rre F\u00e6llesskab Spiritualitet<\/em> indeholder 27 kapitler, der hver besvarer et grundl\u00e6ggende sp\u00f8rgsm\u00e5l om livets betydning, vort forhold til Gud og vor sk\u00e6bne i et St\u00f8rre F\u00e6llesskab af liv i universet. Realiteten af St\u00f8rre F\u00e6llesskabs Kundskabs Vej pr\u00e6senteres ogs\u00e5 her, som er den spirituelle forberedelses og udviklings indre vej, som er indeholdt i Det Nye Budskab fra Gud. Dette er en universel \u00e5ndelig forberedelse, der nu pr\u00e6senteres for verden for f\u00f8rste gang.<\/p>\n<p><em>St\u00f8rre F\u00e6llesskab Spiritualitet<\/em> er den f\u00f8rste bog i <a title=\"Bind 4\" href=\"\/budskabet\/bind-4\/\">Bind 4<\/a> af Det Nye Budskab fra Gud.<\/p>\n<div class=\"background-color-bridesmaid padding-20\">\n<h2>Indholdsfortegnelse<\/h2>\n<p><span style=\"line-height: 1.5;\">Kapitel 1: <\/span><a style=\"line-height: 1.5;\" href=\"\/da\/budskabet\/bind-4\/storre-faellesskab-spiritualitet\/hvad-er-gud\/\">Hvad er Gud?<\/a><\/p>\n<p>Kapitel 4: <a href=\"\/da\/budskabet\/bind-4\/storre-faellesskab-spiritualitet\/hvad-er-kundskab\/\">Hvad er Kundskab?<\/a><\/p>\n<p>Kapitel 6: <a href=\"https:\/\/www.newmessage.org\/da\/budskabet\/bind-4\/storre-faellesskab-spiritualitet\/hvad-er-det-storre-faellesskab\/\">Hvad er det St\u00f8rre F\u00e6llesskab?<\/a><\/p>\n<p>Kapitel 10: <a href=\"https:\/\/www.newmessage.org\/da\/budskabet\/bind-4\/storre-faellesskab-spiritualitet\/hvordan-forbereder-man-sig\/\">Hvordan Forbereder Man Sig?<\/a><\/p>\n<p>Kapitel 12: <a href=\"https:\/\/www.newmessage.org\/da\/budskabet\/bind-4\/storre-faellesskab-spiritualitet\/hvem-vil-du-mode\/\">Hvem Vil Du M\u00f8de?<\/a><\/p>\n<p>Kapitel 24: <a href=\"https:\/\/www.newmessage.org\/da\/budskabet\/bind-4\/storre-faellesskab-spiritualitet\/hvad-er-trin-til-kundskab\/\">Hvad er Trin til Kundskab?<\/a><\/p>\n<\/div>\n","protected":false},"excerpt":{"rendered":"<p>Order the Print Book | Order the eBook St\u00f8rre F\u00e6llesskab Spiritualitet pr\u00e6senterer en ny forst\u00e5else og en st\u00f8rre oplevelse af Gud og menneskelig \u00e5ndelighed indenfor en st\u00f8rre arena af intelligent liv. Dette er en \u00e5ndelighed, der transcenderer alle gr\u00e6nser for race, kultur, religion og sprog, og danner grundlaget for genkendelse og relationer mellem folk, nationer\u2026 <a class=\"read-more\" href=\"https:\/\/www.v6.newmessage.org\/da\/budskabet\/bind-4\/storre-faellesskab-spiritualitet\/\"><span>Read More<\/span><\/a><\/p>\n","protected":false},"author":1,"featured_media":0,"parent":27560,"menu_order":0,"comment_status":"closed","ping_status":"closed","template":"template-leftsidebar.php","meta":{"_monsterinsights_skip_tracking":false,"_monsterinsights_sitenote_active":false,"_monsterinsights_sitenote_note":"","_monsterinsights_sitenote_category":0,"footnotes":""},"categories":[468,471],"tags":[650,664],"_links":{"self":[{"href":"https:\/\/www.v6.newmessage.org\/da\/wp-json\/wp\/v2\/pages\/13081"}],"collection":[{"href":"https:\/\/www.v6.newmessage.org\/da\/wp-json\/wp\/v2\/pages"}],"about":[{"href":"https:\/\/www.v6.newmessage.org\/da\/wp-json\/wp\/v2\/types\/page"}],"author":[{"embeddable":true,"href":"https:\/\/www.v6.newmessage.org\/da\/wp-json\/wp\/v2\/users\/1"}],"replies":[{"embeddable":true,"href":"https:\/\/www.v6.newmessage.org\/da\/wp-json\/wp\/v2\/comments?post=13081"}],"version-history":[{"count":49,"href":"https:\/\/www.v6.newmessage.org\/da\/wp-json\/wp\/v2\/pages\/13081\/revisions"}],"predecessor-version":[{"id":27785,"href":"https:\/\/www.v6.newmessage.org\/da\/wp-json\/wp\/v2\/pages\/13081\/revisions\/27785"}],"up":[{"embeddable":true,"href":"https:\/\/www.v6.newmessage.org\/da\/wp-json\/wp\/v2\/pages\/27560"}],"wp:attachment":[{"href":"https:\/\/www.v6.newmessage.org\/da\/wp-json\/wp\/v2\/media?parent=13081"}],"wp:term":[{"taxonomy":"category","embeddable":true,"href":"https:\/\/www.v6.newmessage.org\/da\/wp-json\/wp\/v2\/categories?post=13081"},{"taxonomy":"post_tag","embeddable":true,"href":"https:\/\/www.v6.newmessage.org\/da\/wp-json\/wp\/v2\/tags?post=13081"}],"curies":[{"name":"wp","href":"https:\/\/api.w.org\/{rel}","templated":true}]}}