{"id":13077,"date":"2014-07-24T21:53:57","date_gmt":"2014-07-24T21:53:57","guid":{"rendered":"http:\/\/www.newmessage.org\/?page_id=13077"},"modified":"2023-07-16T17:24:20","modified_gmt":"2023-07-16T17:24:20","slug":"trin-til-kundskab","status":"publish","type":"page","link":"https:\/\/www.v6.newmessage.org\/da\/budskabet\/bind-3\/trin-til-kundskab\/","title":{"rendered":"Trin til Kundskab"},"content":{"rendered":"<p><em><img loading=\"lazy\" decoding=\"async\" width=\"231\" height=\"300\" class=\"size-medium wp-image-27112 imgborder alignright\" src=\"https:\/\/www.newmessage.org\/da\/wp-content\/uploads\/sites\/43\/2014\/07\/Danish-STK-231x300.jpg\" alt=\"\" srcset=\"https:\/\/www.v6.newmessage.org\/da\/wp-content\/uploads\/sites\/43\/2014\/07\/Danish-STK-231x300.jpg 231w, https:\/\/www.v6.newmessage.org\/da\/wp-content\/uploads\/sites\/43\/2014\/07\/Danish-STK-462x600.jpg 462w, https:\/\/www.v6.newmessage.org\/da\/wp-content\/uploads\/sites\/43\/2014\/07\/Danish-STK-500x649.jpg 500w, https:\/\/www.v6.newmessage.org\/da\/wp-content\/uploads\/sites\/43\/2014\/07\/Danish-STK.jpg 689w\" sizes=\"(max-width: 231px) 100vw, 231px\" \/>Trin til Kundskab<\/em> tager dig med p\u00e5 rejsen til at opdage Kundskab, din indre krafts og autoritets mystiske kilde, som du har f\u00e5et af Gud til at vejlede og til at beskytte dig.\u00a0Ved at du f\u00f8lger denne Kundskab, f\u00f8res du til de essentielle relationer, som du vil have behov for, for at finde og for at fuldf\u00f8re dit h\u00f8jere form\u00e5l i livet.<\/p>\n<p><em>Trin til Kundskab<\/em> giver de erfaringer og den praksis, der er n\u00f8dvendig for at l\u00e6re og leve Det Nye Budskab fra Gud. Givet i et selvstudieformat, indeholder kurset 365 Trin (daglige \u00f8velser), der l\u00e6rer dig, hvordan du ser, hvordan du ved og hvordan du handler med den vished og den myndighed, Skaberen har givet dig. Det er det fuldkomne studie i \u00e6gte selvbestemmelse og indre viden.<\/p>\n<p><em>Trin til Kundskab <\/em>er for mennesker, som er klar til at p\u00e5tage sig deres h\u00f8jere opgaver i livet og som erkender, at de er her for at yde et bidrag til verden p\u00e5 dette kritiske vendepunkt i vores historie. Denne bog er her for at tjene dem.<\/p>\n<p><em>Trin til Kundskab<\/em> er den f\u00f8rste bog<span style=\"line-height: 1.5;\">\u00a0af <\/span><em><a style=\"line-height: 1.5;\" title=\"Bind 3\" href=\"\/budskabet\/bind-3\/\">Bind 3<\/a><\/em><span style=\"line-height: 1.5;\"><em>\u00a0af Det Nye Budskab fra Gud.<\/em><\/span><\/p>\n<div class=\"background-color-bridesmaid\">\n<h2 style=\"text-align: left;\"><span style=\"color: #525252;\">Indholdsfortegnelse<\/span><\/h2>\n<p><a href=\"http:\/\/www.detnyebudskabfragud.org\/budskabet\/bind-3\/trin-til-kundskab\/introduktion\/\" target=\"_blank\" rel=\"noopener noreferrer\">Introduktion<\/a><\/p>\n<p><a href=\"http:\/\/www.detnyebudskabfragud.org\/budskabet\/bind-3\/trin-til-kundskab\/sadan-arbejder-du-med-trin\/\" target=\"_blank\" rel=\"noopener noreferrer\">S\u00e5dan arbejder du med Trin<\/a><\/p>\n<p><a href=\"http:\/\/www.detnyebudskabfragud.org\/budskabet\/bind-3\/trin-til-kundskab\/trin-til-kundskab-1-98\/\" target=\"_blank\" rel=\"noopener noreferrer\">Trin til Kundskab | Trin 1 &#8211; 98<\/a><\/p>\n<p><a href=\"http:\/\/www.detnyebudskabfragud.org\/budskabet\/bind-3\/trin-til-kundskab\/trin-til-kundskab-trin-99-182\/\" target=\"_blank\" rel=\"noopener noreferrer\">Trin til Kundskab | Trin 99 &#8211; 182<\/a><\/p>\n<p><a href=\"http:\/\/www.detnyebudskabfragud.org\/budskabet\/bind-3\/trin-til-kundskab\/trin-til-kundskab-trin-183-280\/\" target=\"_blank\" rel=\"noopener noreferrer\">Trin til Kundskab | Trin 183 &#8211; 280<\/a><\/p>\n<p><a href=\"https:\/\/www.newmessage.org\/da\/budskabet\/bind-3\/trin-til-kundskab\/trin-til-kundskab-trin-til-kundskab-trin-281-365\/\">Trin til Kundskab | Trin 281 &#8211; 365<\/a><\/p>\n<\/div>\n","protected":false},"excerpt":{"rendered":"<p>Trin til Kundskab tager dig med p\u00e5 rejsen til at opdage Kundskab, din indre krafts og autoritets mystiske kilde, som du har f\u00e5et af Gud til at vejlede og til at beskytte dig.\u00a0Ved at du f\u00f8lger denne Kundskab, f\u00f8res du til de essentielle relationer, som du vil have behov for, for at finde og for\u2026 <a class=\"read-more\" href=\"https:\/\/www.v6.newmessage.org\/da\/budskabet\/bind-3\/trin-til-kundskab\/\"><span>Read More<\/span><\/a><\/p>\n","protected":false},"author":1,"featured_media":0,"parent":16314,"menu_order":1,"comment_status":"closed","ping_status":"closed","template":"template-leftsidebar.php","meta":{"_monsterinsights_skip_tracking":false,"_monsterinsights_sitenote_active":false,"_monsterinsights_sitenote_note":"","_monsterinsights_sitenote_category":0,"footnotes":""},"categories":[335,470],"tags":[570],"_links":{"self":[{"href":"https:\/\/www.v6.newmessage.org\/da\/wp-json\/wp\/v2\/pages\/13077"}],"collection":[{"href":"https:\/\/www.v6.newmessage.org\/da\/wp-json\/wp\/v2\/pages"}],"about":[{"href":"https:\/\/www.v6.newmessage.org\/da\/wp-json\/wp\/v2\/types\/page"}],"author":[{"embeddable":true,"href":"https:\/\/www.v6.newmessage.org\/da\/wp-json\/wp\/v2\/users\/1"}],"replies":[{"embeddable":true,"href":"https:\/\/www.v6.newmessage.org\/da\/wp-json\/wp\/v2\/comments?post=13077"}],"version-history":[{"count":170,"href":"https:\/\/www.v6.newmessage.org\/da\/wp-json\/wp\/v2\/pages\/13077\/revisions"}],"predecessor-version":[{"id":27766,"href":"https:\/\/www.v6.newmessage.org\/da\/wp-json\/wp\/v2\/pages\/13077\/revisions\/27766"}],"up":[{"embeddable":true,"href":"https:\/\/www.v6.newmessage.org\/da\/wp-json\/wp\/v2\/pages\/16314"}],"wp:attachment":[{"href":"https:\/\/www.v6.newmessage.org\/da\/wp-json\/wp\/v2\/media?parent=13077"}],"wp:term":[{"taxonomy":"category","embeddable":true,"href":"https:\/\/www.v6.newmessage.org\/da\/wp-json\/wp\/v2\/categories?post=13077"},{"taxonomy":"post_tag","embeddable":true,"href":"https:\/\/www.v6.newmessage.org\/da\/wp-json\/wp\/v2\/tags?post=13077"}],"curies":[{"name":"wp","href":"https:\/\/api.w.org\/{rel}","templated":true}]}}