{"id":12810,"date":"2014-07-19T02:41:44","date_gmt":"2014-07-19T02:41:44","guid":{"rendered":"http:\/\/www.newmessage.org\/?page_id=12810"},"modified":"2018-01-17T20:22:34","modified_gmt":"2018-01-17T20:22:34","slug":"om-the-society","status":"publish","type":"page","link":"https:\/\/www.v6.newmessage.org\/da\/om-the-society\/","title":{"rendered":"Om The Society"},"content":{"rendered":"<div class=\"floater-right\">\n\n<div class=\"tabgroup \"><ul class=\"tabs\"><li><a href=\"#tabs-1\">Indholdsfortegnelse<\/a><\/li><\/ul>\n <div id=\"tabs-1\"><br \/>\n<a href=\"#whatissociety\">Hvad er The Society?<\/a><br \/>\n<a href=\"#ourwork\">Vores Arbejde<\/a><br \/>\n<a href=\"#ourmission\">Vores Mission<\/a><br \/>\n<a href=\"#strategic\">Strategiske M\u00e5l<\/a><br \/>\n<a href=\"#leadership\">Om Det Nye Budskabs Ledelse<\/a><br \/>\n<a href=\"#members\">Beretningen om The Societys Medlemmer<\/a><br \/>\n<a href=\"#story\">Om The Societys Medlemmer<\/a><br \/>\n<a href=\"#core\">Om The Societys Kerne-Assistenter<\/a><br \/>\n<a href=\"#volunteers\">Om Frivillige, der bist\u00e5r The Society<\/a><\/div>\n\t\t\t\t<div align=\"right\">\n\t\t\t<div class=\"fb-like\" data-href=\"\" data-layout=\"button_count\" data-action=\"like\" data-show-faces=\"false\" data-share=\"false\"><\/div>\n\t\t\t<div class=\"fb-share-button\" data-layout=\"button_count\"> <\/div>\n\t\t\t<div class=\"fb_iframe_widget\"><a href=\"https:\/\/twitter.com\/godsnewmessage?ref_src=twsrc%5Etfw\" class=\"twitter-follow-button\" data-show-count=\"false\">Follow @godsnewmessage<\/a><script async src=\"https:\/\/platform.twitter.com\/widgets.js\" charset=\"utf-8\"><\/script><\/div>\n\t\t\t<\/div> <\/div> \n\n<\/div>\n<p><a name=\"whatissociety\"><\/a><\/p>\n<h2>Hvad er The Society?<\/h2>\n<p>The Society for The New Message from God er en 501(c)(3) religi\u00f8s nonprofit organisation, hvis mission er at for-evige, beskytte og pr\u00e6sentere Det Nye Budskab fra Gud til verden. The Society er ikke tilknyttet noget andet religi\u00f8st organ. \u00d8konomiskt st\u00f8ttes det af Det Nye Budskabs studerende globalt, og modtager intet sponsorat eller indt\u00e6gter fra nogen regering eller religi\u00f8s organisation.<\/p>\n<p>The Society blev stiftet i 1992 af Budbringeren, Marshall Vian Summers, der s\u00e5 behovet for en organisation og en dedikeret kerne af folk, der kunne l\u00f8fte Budbringerens mission, b\u00e5de i hans levetid og derefter, og beskytte \u00c5benbaringen, samt bevare dens renhed langt ind i fremtiden.<\/p>\n<p>Fra denne dag til nu har The Society delt Budbringerens byrde, st\u00e5et ved hans side, og bevidnet \u00c5benbaringsforl\u00f8bet, samt p\u00e5taget sig den store opgave at bringe en Ny \u00c5benbaring fra Gud til menneskeheden.<br \/>\nThe Society best\u00e5r af ti Medlemmer og ni Kerne-Assistenter, der hver har valgt at besvare deres egen oplevelse af et kald om at assistere Budbringeren og fremme Det Nye Budskabs fremkomst i verden. Desuden assisteres og st\u00f8ttes The Society af engagerede frivillige, der lever i forskellige lande, og som tjener i mange forskellige kapaciteter.<\/p>\n<p>The Society f\u00f8lger den direkte vejledning fra lederen af Det Nye Budskab, Marshall Vian Summers. The Societys direkt\u00f8r, Reed Summers, der koordinerer Management Teamet, det team, der f\u00f8rer tilsyn med afdelingerne i organisationen, assisterer lederen af Det Nye Budskab.<\/p>\n<p><a name=\"ourwork\"><\/a><\/p>\n<h2>Vores Arbejde<\/h2>\n<p class=\"alignnone\"><img loading=\"lazy\" decoding=\"async\" class=\"alignright\" src=\"\/wp-content\/uploads\/2015\/04\/org-chart-may-2015.jpg\" alt=\"\" width=\"382\" height=\"295\" \/>The Societys mission er at bringe Det Nye Budskab fra Gud ind i verden til folk overalt, s\u00e5 menneskeheden kan finde sin f\u00e6lles grund, bevare Jorden, beskytte menneskers frihed, samt fremme den menneskelige civilisation, idet vi st\u00e5r p\u00e5 t\u00e6rsklen til store og hidtil usete forandringer. \/p&gt;<\/p>\n<p>The Societys arbejde er dedikeret til at fremme Budskabets og Budbringerens mission \u2013 en mission, der oprindeligt blev etableret af Gud og Den Englelige Forsamling. Denne mission er dybt forbundet med vor verdens udvikling og sk\u00e6bne og er en direkte forl\u00e6ngelse af en Guddommelig Plan om at tjene vores verden p\u00e5 dette kritiske tidspunkt i menneskehedens historie.<\/p>\n<p>Siden tidernes morgen og det manifesterede univers\u2019 skabelse, har Gud og Det Englelige N\u00e6rv\u00e6r fremmet en mission om at helbrede Adskillelsen og forl\u00f8se de adskilte gennem Kundskab, b\u00e5de i vores verden og i hele Det St\u00f8rre F\u00e6llesskab af intelligent liv i universet.<\/p>\n<p>The Society er dedikeret til at tjene denne st\u00f8rre mission og Guds Plan. P\u00e5 dette tidspunkt, er vores prim\u00e6re arbejde at tage imod, for-evige, beskytte og pr\u00e6sentere Guds Nye Budskab i verden. Vi s\u00f8ger at g\u00f8re dette gennem udgivelse af b\u00f8ger, st\u00f8tte til den internationale overs\u00e6ttelse, at v\u00e6re v\u00e6rt for hjemmesider, fora og mange andre online milj\u00f8er, at yde uddannelse og engagement for Det Globale F\u00e6llesskab gennem arrangementer, udsendelser, Lejre og Det Nye Budskabs Frie Skole.<\/p>\n<p>Ved at g\u00f8re dette, kan Guds kald og kommunikation n\u00e5 alle menneskers hjerter, og v\u00e6kke Kundskabens magt i verden, s\u00e5 folk f\u00e5r mulighed for at opdage deres unikke bidrag p\u00e5 denne tid med eskalerende behov, forandringer og muligheder.<\/p>\n<p>Dette ansvar overstiger dog langt det, vi kan g\u00f8re alene. Det kr\u00e6ver mange folks st\u00f8tte og assistance. De b\u00f8ger, du holder i h\u00e5nden, det websted, der informerer og inspirerer dig, Det St\u00f8rre F\u00e6llesskabs Helligdom, der er v\u00e6rt for Det Nye Budskabs arrangementer, de kontorer, der opretholder denne organisation, er alle et produkt af mange menneskers given.<\/p>\n<p>Og takket v\u00e6re finansielle bidragydere, st\u00e5r d\u00f8rene \u00e5bne p\u00e5 Det St\u00f8rre F\u00e6llesskabs Helligdom, Det Nye Budskabs Frie Skole er \u00e5ben for alle mennesker gratis og Det Nye Budskabs bind og b\u00f8ger er i stigende grad tilg\u00e6ngelige gratis online. Du, der kan v\u00e6re blandt de f\u00f8rste til at tage imod og opleve dette Nye Budskab fra Gud, kan slutte dig til andre og yde et reelt bidrag til denne vigtige mission.<br \/>\n<a name=\"ourmission\"><\/a><\/p>\n<h2>Vores Mission<\/h2>\n<ol>\n<li>At bringe Guds Nye Budskab til menneskeheden i sin rene form.<\/li>\n<li>At bringe nyheder om Budbringeren og hans tilstedev\u00e6relse i verden til folk overalt.<\/li>\n<li>At st\u00f8tte fremkomsten af Kundskab i menneskers liv overalt, gennem uddannelse og en vej til udvikling, der er indeholdt i Det Nye Budskab.<\/li>\n<li>At sl\u00e5 til lyd for menneskehedens bevidsthed om og forberedelse p\u00e5 Forandringens Store B\u00f8lger og menneskehedens opdukken i Det st\u00f8rre F\u00e6llesskab af intelligent liv i universet.<\/li>\n<li>At anspore til samh\u00f8righed og tolerance mellem verdens religioner, som ledt af Guds Nye \u00c5benbaring for vor tid.<\/li>\n<li>At st\u00f8tte og opretholde Budbringeren, imens han forts\u00e6tter med at tage imod Guds Nye \u00c5benbaring for verden.<\/li>\n<li>At grundl\u00e6gge, at Det Nye Budskabs Globale F\u00e6llesskab l\u00e6rer, lever og st\u00f8tter Det Nye Budskab, i overensstemmelse med Budbringeren og The Society.<\/li>\n<li>At opbygge en st\u00e6rk organisatorisk platform til at bringe Det Nye Budskab fra Gud ind i verden og ind i fremtiden.<\/li>\n<\/ol>\n<p>&nbsp;<\/p>\n<p><a name=\"strategic\"><\/a><\/p>\n<h2>Strategiske M\u00e5l<\/h2>\n<ol>\n<li>Etablere Det Nye Budskabs \u00e5ndelige bevidsthed og tradition i verden.<\/li>\n<li>N\u00e5 millioner af mennesker verden over med Det Nye Budskabs l\u00e6rer og forkyndelse.<\/li>\n<li>Overgive teksten samt audioen af Det Nye Budskab fra Guds Testamente..<\/li>\n<li>G\u00f8re det m\u00e6gtige omfang og dybden af Det Nye Budskab tilg\u00e6ngelig i b\u00f8ger, p\u00e5 hjemmesider og i overs\u00e6ttelser.<\/li>\n<li>Pr\u00e6sentere \u00c5benbaringens Stemme for verden i sin oprindelige lydform.<\/li>\n<li>Udgive Budbringerens l\u00e6rer for verden i b\u00e5de lyd og i skriftlig form.<\/li>\n<li>Etablere Budbringerens vision om vejen til at l\u00e6re og leve Det Nye Budskab.<\/li>\n<li>At skabe mulighed for mennesker over hele verden, for at engagere sig med \u00c5benbaringen og med deres egen dybere natur og deres eget dybere kald i livet, gennem Det Nye Budskabs Frie Skole.<\/li>\n<li>Opbygge organisatorisk stabilitet og modstandsdygtighed for, med succes, at im\u00f8dekomme verdens reaktion p\u00e5 Det Nye Budskab og proklamameringen af det.<\/li>\n<\/ol>\n<p>&nbsp;<\/p>\n<p><a name=\"leadership\"><\/a><\/p>\n<h2>Om Det Nye Budskabs Ledelse<\/h2>\n<p>&nbsp;<\/p>\n<h3 style=\"text-align: center;\">Marshall Vian Summers<\/h3>\n<h4 style=\"text-align: center;\"><span style=\"color: #808080;\">Budbringer, Leder af Det Nye Budskab fra Gud<\/span><\/h4>\n<p style=\"text-align: center;\"><img loading=\"lazy\" decoding=\"async\" class=\"imgborder alignnone size-large\" src=\"\/wp-content\/uploads\/2015\/08\/DSC_0146-copy-600x400.jpg\" alt=\"\" width=\"600\" height=\"400\" \/><\/p>\n<p>Marshall Vian Summers er Budbringeren af Det Nye Budskab fra Gud. Han blev udvalgt og forberedt af Den Englelige Forsamling, f\u00f8r dette liv, til at tjene rollen som Budbringer for Den Nye \u00c5benbaring og har nu modtaget den st\u00f8rste og den mest omfattende \u00e5benbaring nogensinde givet til Menneskeheden.<\/p>\n<p>Marshall er grundl\u00e6ggeren af The Society, som han grundlagde i 1992, for at for-evige og pr\u00e6sentere Det Nye Budskab fra Gud i verden. Han er den nuv\u00e6rende leder af Det Nye Budskab fra Gud og af Det Nye Budskabs Globale F\u00e6llesskab. I sin lederrolle vil han med tiden blive efterfulgt af sin kone, Patricia Summers.<\/p>\n<p>Budbringeren forts\u00e6tter den dag i dag med at tage imod Guds Nye Budskabs udfoldende \u00e5benbaring for disse tider og for kommende tider. Derudover er han engageret i at udsende sin proklamation og sit centrale budskab til verden, og optager ogs\u00e5 en stor testamentarisk gave af l\u00e6rer, direktiver og pr\u00e6ciseringer til at hj\u00e6lpe studerende med at l\u00e6re og leve Det Nye Budskab. Endeligt arbejder han p\u00e5 det historiske projekt, at samle det hele af en over 9000 sider \u00c5benbaring til et nyt testamente for menneskeheden.<\/p>\n<h3 style=\"text-align: center;\">Reed Summers<\/h3>\n<h4 style=\"text-align: center;\">L\u00e6rer og Repr\u00e6sentant for Det Nye Budskab<\/h4>\n<p style=\"text-align: center;\"><img loading=\"lazy\" decoding=\"async\" class=\"imgborder alignright size-medium\" src=\"https:\/\/www.newmessage.org\/wp-content\/uploads\/2014\/07\/Reed-Summers-New-Message-from-God-300x282.jpg\" alt=\"\" width=\"300\" height=\"282\" \/><\/p>\n<p>F\u00f8dt i Det Nye Budskabs tradition som s\u00f8n af Budbringeren, er Reed Summers medlem af The Society og dirigerer i \u00f8jeblikket dets samlede udbredelse og uddannelsesm\u00e6ssige mission. Derudover underviser han og giver retningslinjer til det Globale F\u00e6llesskab af studerende, og er den prim\u00e6re offentlige repr\u00e6sentant for Budbringeren.<\/p>\n<p>Reed Summers sluttede sig til Budbringeren og The Society i 2004 i en alder af 20 \u00e5r. I \u00e5rene derefter, har han v\u00e6ret engageret i at st\u00f8tte Budbringerens mission indenfor en bred vifte af aktiviteter: at designe Det Nye Budskabs hjemmesider, bogomslag og ops\u00f8gende materialer, at skrive, tale og undervise p\u00e5 Det Nye Budskabs Frie Skole, at koordinere Budbringerens mange rejser rundt i verden og, sammen med Patricia Summers, at udvikle pensummet for Det Nye Budskabs Frie Skole, s\u00e5vel som Det Nye Budskabs udsendelser, Vigilier og Lejre.<\/p>\n<h3 style=\"text-align: center;\">Patricia Summers<\/h3>\n<h4 style=\"text-align: center;\">L\u00e6rer og Repr\u00e6sentant for Det Nye Budskab<\/h4>\n<p style=\"text-align: center;\"><img loading=\"lazy\" decoding=\"async\" class=\"imgborder alignright size-medium\" src=\"https:\/\/www.newmessage.org\/wp-content\/uploads\/2014\/07\/Patricia-Summers-New-Message-from-God-293x300.jpg\" alt=\"\" width=\"293\" height=\"300\" \/><\/p>\n<p>Patricia har v\u00e6ret ved Marshalls side siden 1983, n\u00e6sten et \u00e5rti f\u00f8r eksistensen af The Society. Fra \u00c5benbaringens tidligste dage, assisterede hun p\u00e5 n\u00e6rt hold Budbringeren p\u00e5 hans lange rejse for at tage imod Det Nye Budskabs \u00c5benbaring, altid ved hans side, og hjalp Budbringeren med at b\u00e6re den voksende v\u00e6gt af hans ansvar og hans rolle.<\/p>\n<p>Patricia er medlem af The Society, og i mere end tre \u00e5rtier har hun ogs\u00e5 v\u00e6ret med til at opbygge organisationen, ledet den gennem mange udfordringer for at v\u00e6re, hvor den er nu. I dag arbejder hun sammen med Reed Summers og Budbringeren med at dirigere The Society, udgive \u00c5benbaringens b\u00f8ger og s\u00f8rge for verdenspr\u00e6sentationen af Det Nye Budskab fra Gud. Derudover er hun en af de prim\u00e6re l\u00e6rere af Det Nye Budskab, og byder afg\u00f8rende visdom, inspiration og retning til Det Globale F\u00e6llesskab af studerende af \u00c5benbaringen.<\/p>\n<p><a name=\"members\"><\/a><\/p>\n<h3>Om The Societys Medlemmer<\/h3>\n<p>Marshall Vian Summers og Medlemmerne af The Society for the New Message har f\u00e5et det enorme ansvar at bringe Det Nye Budskab ind i verden. For de ti Medlemmer af The Society er det en byrde og en velsignelse at forpligte sig helhjertet til denne store tjeneste for menneskeheden.<\/p>\n<p>The Society er tjenere og vogtere af Det Nye Budskabs Guddommelige Ord og Lyd. De har f\u00e5et overdraget denne rolle af Kilden til Det Nye Budskab &#8211; at beskytte, for-evige og pr\u00e6sentere Denne Nye \u00c5benbaring og tjene den helhjertet. Her arbejder de p\u00e5 at vogte Det Nye Budskabs Renhed &#8211; dets publikationer, tekster, lyd, video og offentlige arrangementer.<\/p>\n<p>The Society er engageret i en lang r\u00e6kke praktiske opgaver i forbindelse med missionen, at for-evige og forkynde Det Nye Budskab og st\u00f8tte v\u00e6ksten af Det Globale F\u00e6llesskab af studerende. S\u00e5ledes leverer de mange af kerneholdene og The Societys projekter, og koordinerer Kerne-Assistenter og Frivillige, der assisterer organisationen.<\/p>\n<p>The Society har ikke nogen religi\u00f8s vejleders, mentors eller l\u00e6rers rolle. De er ikke involverede i at undervise Det Nye Budskab eller lave fortolkninger af tekster. Deres rolle er derimod at opretholde organisationens kernearbejde, og st\u00f8tte Det Nye Budskabs Budbringer og l\u00e6rere, ved at s\u00f8rge for den uddannelsesm\u00e6ssige vej og inspiration for alle, der s\u00f8ger at l\u00e6re og at leve \u00c5benbaringen.<\/p>\n<p>Der er i \u00f8jeblikket ti medlemmer af The Society: <em><strong>Tyyne Andrews, Will Burrows, Robert Busbey, Jeanine Butler, Carol Coffey, Darlene Mitchell, Ellen Mitchell, Ayesha Summers, Reed Summers og Patricia Summers.<\/strong><\/em><\/p>\n<p><a name=\"story\"><\/a><\/p>\n<h3>Beretningen om The Societys Medlemmer<\/h3>\n<p>Hver \u00c5benbaring, givet af Skaberen, har op gennem historien en beretning &#8211; beretningen om leveringen af \u00c5benbaringen, beretningen om dens Budbringer og beretningen om f\u00e6llesskabets tidlige medlemmer, der samledes for at st\u00f8tte Budbringeren og hj\u00e6lpe med at bringe Guds \u00c5benbaring for verden frem.<\/p>\n<p>Beretningen om Guds Nye \u00c5benbaring folder sig ud for os nu, omkring Budbringeren, omkring The Society &#8211; den lille kreds af mennesker, der har samlet sig for at st\u00f8tte ham &#8211; og de studerendes voksende Globale F\u00e6llesskab. Det er en beretning med en ydmyg begyndelse, der fortsat folder sig ud.<\/p>\n<p>I 1992 etablerede Budbringeren, der allerede havde v\u00e6ret involveret i \u00c5benbaringsforl\u00f8bet i 10 \u00e5r, The Societys organisation, sk\u00f8nt der p\u00e5 det tidspunkt kun var ganske f\u00e5 personer til stede for at deltage sammen med ham.<\/p>\n<p>I de efterf\u00f8lgende \u00e5r, skulle de nuv\u00e6rende medlemmer af The Society komme for at finde \u00c5benbaringen og med tiden indtage deres plads i tjeneste til den. Hver af dem har deres egen unikke beretning.<\/p>\n<p>Mens de levede i forskellige livssituationer, omst\u00e6ndigheder og steder, st\u00f8dte de hver is\u00e6r p\u00e5 \u00c5benbaringen eller Budbringeren, og begyndte at besvare en oplevelse af genkendelse og en fornemmelse af kald, og tog de f\u00f8rste trin i retning af et liv i tjeneste, selv om de ikke vidste, hvor disse trin vil f\u00f8re hen eller hvad det ville betyde.<\/p>\n<p>S\u00e5 de kom, opn\u00e5ede friheden til at finde vej, en efter en, hver is\u00e6r med udfordringer og modgang, men hver is\u00e6r vidste de, at de m\u00e5tte komme, at de m\u00e5tte indtage en position i tjeneste for denne fremkommende \u00c5benbaring og for manden, der modtog den. Det ville kr\u00e6ve, at de udviklede st\u00f8rre indre og ydre styrke og stabilitet, n\u00e5r de begyndte at dele Budbringerens byrde.<\/p>\n<p>Over deres \u00e5r i tjeneste, har de g\u00e5et en vanskelig vej sammen med Budbringeren, og opretholdt en dyb hengivenhed og forpligtelse til ham og til hans mission, og frigjort ham, s\u00e5 han kan g\u00f8re, hvad kun han kan g\u00f8re, st\u00e5 med ham og v\u00e6re der for ham, uanset hvilke vanskeligheder eller udfordringer, der ville opst\u00e5.<\/p>\n<p>I dag forts\u00e6tter de med at besvare deres f\u00f8lelse af kald og ansvar, og s\u00f8ger at opn\u00e5 en st\u00f8rre tjeneste, og im\u00f8dekomme endnu st\u00f8rre udfordringer, og f\u00e5r deres liv og roller forfinede og omdefinerede ved at tjene denne store mission. Alt dette er for, at Det Nye Budskab fra Gud kan n\u00e5 verden i den stadigt indsn\u00e6vrende tid, der er til r\u00e5dighed, og give visdom og indsigt, der sj\u00e6ldent overhovedet er set i denne verden, og kalde Kundskab frem i den menneskelige familie, s\u00e5 denne \u00e5ndelige magt kan komme frem og lede menneskeheden i disse tider med stort behov.<\/p>\n<p>Men, hvordan kan denne lille gruppe mennesker overhovedet g\u00f8re dette? Hvordan kan de opfylde denne mission? Det er sp\u00f8rgsm\u00e5l, de lever med.<\/p>\n<p>Nu er andre begyndt at besvare deres egen f\u00f8lelse af kald om at assistere The Society i dette store forehavende. Kerne-Assistenterne og de mange frivillige, der nu bist\u00e5r The Society, indtager vitale roller og ansvar, der s\u00e6tter denne mission i stand til at forts\u00e6tte i stadigt st\u00f8rre skala.<\/p>\n<p>Beretningen om \u00c5benbaringens tidlige f\u00e6llesskab forts\u00e6tter med at folde sig ud, samtidigt med, at inspirerede enkeltpersoner over hele verden besvarer Guds Nye \u00c5benbaring og indtager deres plads i tjeneste, b\u00e5de i verden, og som direkte st\u00f8tte til Budskabets og Budbringerens mission.<\/p>\n<p><a name=\"core\"><\/a><\/p>\n<h3>Om The Societys Kerne-Assistenter<\/h3>\n<p>The Societys Kerne-Assistenter er en vital del af Det Nye Budskab fra Guds mission. Kerne-Assistenter er enkeltpersoner, der har en personlig f\u00f8lelse af kald om at tjene og fremme Budskabets og Budbringerens mission, og hj\u00e6lpe The Society med at p\u00e5tage sig denne mission i verden. De har gjort dette til et prim\u00e6rt fokus, og styrker deres indre og ydre liv tilstr\u00e6kkeligt til at holde og fremme centrale omr\u00e5der af The Societys arbejde og over tid, at vedligeholde dette omr\u00e5de. Det er en reel demonstration af sand tjeneste.<\/p>\n<p>Der er i \u00f8jeblikket ni Kerne-Assistenter i tre lande, der bist\u00e5r The Society.<\/p>\n<p><a name=\"volunteers\"><\/a><\/p>\n<h3>Om Frivillige, der bist\u00e5r The Society<\/h3>\n<p>De frivillige, der bist\u00e5r The Society, yder en afg\u00f8rende tjeneste for at fremme mange sider af The Societys arbejde og mission. Frivillige er studerende af Det Globale F\u00e6llesskab, der er bosiddende rundt omkring i hele verden, der kan tilbyde deres tid, deres f\u00e6rdigheder og tilg\u00e6ngelighed for at opfylde specifikke opgaver, stabsprojekter og samarbejde i teams og afdelinger i organisationen. Denne form for tjeneste komplimenterer deres elevstand og Det Nye Budskabs fortalervirksomhed i verden og er en afg\u00f8rende st\u00f8tte til The Societys og Budbringerens arbejde og mission.<\/p>\n<p>Der er i \u00f8jeblikket mere end 84 frivillige i 28 lande, der bist\u00e5r The Society.<\/p>\n<hr \/>\n<p><!-- [button type=\"simple_button_link\" class=\"text-align-center\" url=\"\/worldwide-community\/society\/supporting-new-message\" target=\"\" ]Donate to help bring the New Message into the World.[\/button] --><\/p>\n","protected":false},"excerpt":{"rendered":"<p>Hvad er The Society? The Society for The New Message from God er en 501(c)(3) religi\u00f8s nonprofit organisation, hvis mission er at for-evige, beskytte og pr\u00e6sentere Det Nye Budskab fra Gud til verden. The Society er ikke tilknyttet noget andet religi\u00f8st organ. \u00d8konomiskt st\u00f8ttes det af Det Nye Budskabs studerende globalt, og modtager intet sponsorat\u2026 <a class=\"read-more\" href=\"https:\/\/www.v6.newmessage.org\/da\/om-the-society\/\"><span>Read More<\/span><\/a><\/p>\n","protected":false},"author":1,"featured_media":0,"parent":0,"menu_order":1,"comment_status":"closed","ping_status":"closed","template":"","meta":{"_monsterinsights_skip_tracking":false,"_monsterinsights_sitenote_active":false,"_monsterinsights_sitenote_note":"","_monsterinsights_sitenote_category":0,"footnotes":""},"categories":[],"tags":[612],"_links":{"self":[{"href":"https:\/\/www.v6.newmessage.org\/da\/wp-json\/wp\/v2\/pages\/12810"}],"collection":[{"href":"https:\/\/www.v6.newmessage.org\/da\/wp-json\/wp\/v2\/pages"}],"about":[{"href":"https:\/\/www.v6.newmessage.org\/da\/wp-json\/wp\/v2\/types\/page"}],"author":[{"embeddable":true,"href":"https:\/\/www.v6.newmessage.org\/da\/wp-json\/wp\/v2\/users\/1"}],"replies":[{"embeddable":true,"href":"https:\/\/www.v6.newmessage.org\/da\/wp-json\/wp\/v2\/comments?post=12810"}],"version-history":[{"count":185,"href":"https:\/\/www.v6.newmessage.org\/da\/wp-json\/wp\/v2\/pages\/12810\/revisions"}],"predecessor-version":[{"id":27191,"href":"https:\/\/www.v6.newmessage.org\/da\/wp-json\/wp\/v2\/pages\/12810\/revisions\/27191"}],"wp:attachment":[{"href":"https:\/\/www.v6.newmessage.org\/da\/wp-json\/wp\/v2\/media?parent=12810"}],"wp:term":[{"taxonomy":"category","embeddable":true,"href":"https:\/\/www.v6.newmessage.org\/da\/wp-json\/wp\/v2\/categories?post=12810"},{"taxonomy":"post_tag","embeddable":true,"href":"https:\/\/www.v6.newmessage.org\/da\/wp-json\/wp\/v2\/tags?post=12810"}],"curies":[{"name":"wp","href":"https:\/\/api.w.org\/{rel}","templated":true}]}}