{"id":12766,"date":"2014-07-19T02:33:59","date_gmt":"2014-07-19T02:33:59","guid":{"rendered":"http:\/\/www.newmessage.org\/?page_id=12766"},"modified":"2023-09-26T20:58:54","modified_gmt":"2023-09-26T20:58:54","slug":"hvem-er-marshall-vian-summers","status":"publish","type":"page","link":"https:\/\/www.v6.newmessage.org\/da\/hvem-er-marshall-vian-summers\/","title":{"rendered":"Hvem er Marshall Vian Summers?"},"content":{"rendered":"<p><a href=\"\/wp-content\/uploads\/2015\/08\/DSC_0146-copy.jpg\"><img decoding=\"async\" class=\"alignright size-medium imgborder\" src=\"\/wp-content\/uploads\/2015\/08\/DSC_0146-copy-300x200.jpg\" alt=\"DSC_0146 copy\" \/><\/a>Marshall Vian Summers er Budbringeren af det Nye Budskab fra Gud. I over tre \u00e5rtier har han v\u00e6ret modtageren af en stor Ny \u00c5benbaring, givet for at forberede menneskeheden p\u00e5 den store \u00f8konomiske, sociale og milj\u00f8m\u00e6ssige forandring, der kommer til verden, og p\u00e5 menneskehedens indtr\u00e6den i et univers af intelligent liv.<\/p>\n<p>I efter\u00e5ret 1981, i en alder af 32, havde Marshall Vian Summers et direkte m\u00f8de med den Englelige Forsamling, der holder \u00f8je med verden. Dette m\u00f8de \u00e6ndrede for altid kursen p\u00e5 hans liv og initierede ham ind i en dybere relation med Forsamlingen, hvilket kr\u00e6vede, at han overgav sit liv til Gud. Og s\u00e5ledes begyndte den lange, mystiske proces med at tage imod Guds Nye Budskab til menneskeheden.<\/p>\n<p>Efter denne mystiske initiering, i en alder af 33, havde han et andet m\u00f8de med den Englelige Forsamling, hvor han blev instrueret i at begynde at modtage og &#8220;optage&#8221; deres Budskab til verden.<br \/>\nI \u00e5rtierne derefter har en enorm \u00c5benbaring for menneskeheden foldet sig ud, til tider langsomt og til tider i stride str\u00f8mme. I mange af disse lange \u00e5r har han m\u00e5ttet forts\u00e6tte udelukkende med st\u00f8tte af nogle f\u00e5 individer, uden at vide hvad denne voksende \u00c5benbaring ville betyde, og hvor den ultimativt vil f\u00f8re hen.<\/p>\n<p>Det meste af \u00e5ret bor Marshall i Rocky Mountains i USA, hvor han lever i relativ afsondrethed, assisteret af sin familie og medlemmer af The Society for det Nye Budskab. Det er der, han forts\u00e6tter sin mission med at tage imod, forberede sig og pr\u00e6sentere det Nye Budskab fra Gud for verden.<\/p>\n<p>I sj\u00e6ldne tilf\u00e6lde bliver Marshall instrueret af det Nye Budskabs Kilde til at rejse til bestemte steder rundt om i verden (Rejser) for at tage imod Guds \u00c5benbaring for den tid og dette sted og for at afd\u00e6kke den dybere sandhed i Guds Nye Budskab ved det Globale F\u00e6llesskabs s\u00e6rlige sammenkomster (Begivenheder).<\/p>\n<p>Budbringeren har vandret en lang og vanskelig vej for at tage imod og pr\u00e6sentere den st\u00f8rste \u00c5benbaring, der nogensinde er givet til den menneskelige familie. Endnu i dag forts\u00e6tter \u00c5benbaringens Stemme med at str\u00f8mme gennem ham, mens han st\u00e5r overfor den store udfordring, at bringe Guds Nye \u00c5benbaring til en problemfyldt og splittet verden.<\/p>\n<ul>\n<li>L\u00e6s Budbringerens Historie.<\/li>\n<li>Lyt til og l\u00e6s Budbringerens l\u00e6rer.<\/li>\n<li>L\u00e6s og lyt til det Nye Budskabs \u00c5benbaringer om Budbringerens oprindelse, mission og sk\u00e6bne<\/li>\n<li>L\u00e6r mere om Budbringerens arbejde med hensyn til at samle det Nye Budskabs testamente (Mere kommer &#8230;)<\/li>\n<li>L\u00e6s om Budbringerens Rejser i Verden.<\/li>\n<\/ul>\n<p><iframe loading=\"lazy\" width=\"560\" height=\"315\" frameborder=\"0\" src=\"https:\/\/www.youtube.com\/embed\/v9F-nKOcwvk\"><\/iframe><\/p>\n","protected":false},"excerpt":{"rendered":"<p>Marshall Vian Summers er Budbringeren af det Nye Budskab fra Gud. I over tre \u00e5rtier har han v\u00e6ret modtageren af en stor Ny \u00c5benbaring, givet for at forberede menneskeheden p\u00e5 den store \u00f8konomiske, sociale og milj\u00f8m\u00e6ssige forandring, der kommer til verden, og p\u00e5 menneskehedens indtr\u00e6den i et univers af intelligent liv. I efter\u00e5ret 1981, i\u2026 <a class=\"read-more\" href=\"https:\/\/www.v6.newmessage.org\/da\/hvem-er-marshall-vian-summers\/\"><span>Read More<\/span><\/a><\/p>\n","protected":false},"author":1,"featured_media":0,"parent":0,"menu_order":3,"comment_status":"closed","ping_status":"closed","template":"template-leftsidebar.php","meta":{"_monsterinsights_skip_tracking":false,"_monsterinsights_sitenote_active":false,"_monsterinsights_sitenote_note":"","_monsterinsights_sitenote_category":0,"footnotes":""},"categories":[81],"tags":[430],"_links":{"self":[{"href":"https:\/\/www.v6.newmessage.org\/da\/wp-json\/wp\/v2\/pages\/12766"}],"collection":[{"href":"https:\/\/www.v6.newmessage.org\/da\/wp-json\/wp\/v2\/pages"}],"about":[{"href":"https:\/\/www.v6.newmessage.org\/da\/wp-json\/wp\/v2\/types\/page"}],"author":[{"embeddable":true,"href":"https:\/\/www.v6.newmessage.org\/da\/wp-json\/wp\/v2\/users\/1"}],"replies":[{"embeddable":true,"href":"https:\/\/www.v6.newmessage.org\/da\/wp-json\/wp\/v2\/comments?post=12766"}],"version-history":[{"count":17,"href":"https:\/\/www.v6.newmessage.org\/da\/wp-json\/wp\/v2\/pages\/12766\/revisions"}],"predecessor-version":[{"id":27954,"href":"https:\/\/www.v6.newmessage.org\/da\/wp-json\/wp\/v2\/pages\/12766\/revisions\/27954"}],"wp:attachment":[{"href":"https:\/\/www.v6.newmessage.org\/da\/wp-json\/wp\/v2\/media?parent=12766"}],"wp:term":[{"taxonomy":"category","embeddable":true,"href":"https:\/\/www.v6.newmessage.org\/da\/wp-json\/wp\/v2\/categories?post=12766"},{"taxonomy":"post_tag","embeddable":true,"href":"https:\/\/www.v6.newmessage.org\/da\/wp-json\/wp\/v2\/tags?post=12766"}],"curies":[{"name":"wp","href":"https:\/\/api.w.org\/{rel}","templated":true}]}}